{"id":1684,"date":"2026-02-11T00:58:54","date_gmt":"2026-02-10T23:58:54","guid":{"rendered":"https:\/\/robot-tonde-aspir.ch\/?page_id=1684"},"modified":"2026-02-11T03:32:45","modified_gmt":"2026-02-11T02:32:45","slug":"a-propos","status":"publish","type":"page","link":"https:\/\/robot-tonde-aspir.ch\/de\/a-propos\/","title":{"rendered":"\u00dcber uns"},"content":{"rendered":"<p>Robot-Tonde-Aspir est une boutique sp\u00e9cialis\u00e9e dans les \u00e9quipements d\u2019entretien automatis\u00e9 pour la maison et le jardin : robots tondeuses, robots aspirateurs, tondeuses thermiques et autoport\u00e9es.<\/p>\n\n\n\n<p>La boutique est exploit\u00e9e par la soci\u00e9t\u00e9 :<\/p>\n\n\n\n<p>KIC GmbH TONDE<br>Route des Paccots 20 1618 Ch\u00e2tel-St-Denis \u2014 Suisse<\/p>\n\n\n\n<p>Num\u00e9ro du registre du commerce : CH-270.4.006.339-2<br>Num\u00e9ro IDE \/ TVA : CHE-459.955.033<\/p>\n\n\n\n<hr class=\"wp-block-separator has-alpha-channel-opacity\"\/>\n\n\n\n<p>Notre mission<\/p>\n\n\n\n<p>Notre objectif est de proposer des solutions modernes permettant d\u2019automatiser l\u2019entretien quotidien tout en r\u00e9duisant le temps et l\u2019effort n\u00e9cessaires.<\/p>\n\n\n\n<p>Nous s\u00e9lectionnons des \u00e9quipements fiables, performants et durables adapt\u00e9s aussi bien aux particuliers qu\u2019aux professionnels.<\/p>\n\n\n\n<hr class=\"wp-block-separator has-alpha-channel-opacity\"\/>\n\n\n\n<p>Nos cat\u00e9gories principales<\/p>\n\n\n\n<ul class=\"wp-block-list\">\n<li>M\u00e4hroboter<\/li>\n\n\n\n<li>Robots aspirateurs<\/li>\n\n\n\n<li>Tondeuses et d\u00e9broussailleuses<\/li>\n\n\n\n<li>Benzinrasenm\u00e4her<\/li>\n\n\n\n<li>Tracteurs et tondeuses autoport\u00e9es<\/li>\n<\/ul>\n\n\n\n<hr class=\"wp-block-separator has-alpha-channel-opacity\"\/>\n\n\n\n<p>Engagement client<\/p>\n\n\n\n<p>\u2714 Produits s\u00e9lectionn\u00e9s avec soin<br>Reaktiver Kundensupport<br>\u2714 Paiement s\u00e9curis\u00e9<br>\u2714 Livraison suivie<\/p>\n\n\n\n<p>Nous accompagnons nos clients avant et apr\u00e8s l\u2019achat afin d\u2019assurer une exp\u00e9rience simple et fiable.<\/p>\n\n\n\n<p><\/p>","protected":false},"excerpt":{"rendered":"<p>Robot-Tonde-Aspir est une boutique sp\u00e9cialis\u00e9e dans les \u00e9quipements d\u2019entretien automatis\u00e9 pour la maison et le jardin : robots tondeuses, robots<\/p>","protected":false},"author":1,"featured_media":0,"parent":0,"menu_order":0,"comment_status":"closed","ping_status":"closed","template":"","meta":{"footnotes":""},"class_list":["post-1684","page","type-page","status-publish","hentry"],"_links":{"self":[{"href":"https:\/\/robot-tonde-aspir.ch\/de\/wp-json\/wp\/v2\/pages\/1684","targetHints":{"allow":["GET"]}}],"collection":[{"href":"https:\/\/robot-tonde-aspir.ch\/de\/wp-json\/wp\/v2\/pages"}],"about":[{"href":"https:\/\/robot-tonde-aspir.ch\/de\/wp-json\/wp\/v2\/types\/page"}],"author":[{"embeddable":true,"href":"https:\/\/robot-tonde-aspir.ch\/de\/wp-json\/wp\/v2\/users\/1"}],"replies":[{"embeddable":true,"href":"https:\/\/robot-tonde-aspir.ch\/de\/wp-json\/wp\/v2\/comments?post=1684"}],"version-history":[{"count":3,"href":"https:\/\/robot-tonde-aspir.ch\/de\/wp-json\/wp\/v2\/pages\/1684\/revisions"}],"predecessor-version":[{"id":1705,"href":"https:\/\/robot-tonde-aspir.ch\/de\/wp-json\/wp\/v2\/pages\/1684\/revisions\/1705"}],"wp:attachment":[{"href":"https:\/\/robot-tonde-aspir.ch\/de\/wp-json\/wp\/v2\/media?parent=1684"}],"curies":[{"name":"wp","href":"https:\/\/api.w.org\/{rel}","templated":true}]}}