{"id":1013,"date":"2026-02-08T22:06:07","date_gmt":"2026-02-08T21:06:07","guid":{"rendered":"https:\/\/robot-tonde-aspir.ch\/?post_type=product&#038;p=1013"},"modified":"2026-02-08T22:06:13","modified_gmt":"2026-02-08T21:06:13","slug":"tondeuse-debroussailleuse-um536ebe-honda","status":"publish","type":"product","link":"https:\/\/robot-tonde-aspir.ch\/de\/product\/tondeuse-debroussailleuse-um536ebe-honda\/","title":{"rendered":"Tondeuse d\u00e9broussailleuse UM536EBE HONDA"},"content":{"rendered":"<p><b>Avantages du produit<\/b><\/p>\n<p>Moteur professionnel HONDA GXV160, 2 vitesses d\u2019avancement, carter acier trait\u00e9 anti-corrosion<\/p>\n<p><b>Conseil du pro<\/b><\/p>\n<p>S\u00e9curit\u00e9 de frein de lame : d\u00e8s que vous rel\u00e2chez le levier de s\u00e9curit\u00e9 la lame s\u2019arr\u00eate instantan\u00e9ment<\/p>\n<p><b>Moteur<\/b><\/p>\n<p>Honda GXV 160 \u2013 163 cc \/ 2,7 kW \u2013 d\u00e9marrage lanceur<\/p>\n<p><b>Carter de coupe<\/b><\/p>\n<p>53 cm carter acier flottant \u2013 \u00e9jection lat\u00e9rale \u2013 hauteur de coupe de 25 \u00e0\u00a0 85 mm r\u00e9glage 4 positions sur 2 points<\/p>\n<p><b>Avancement \/ Entrainement<\/b><\/p>\n<p>M\u00e9canique par boitier 2 vitesses \u00e0 entrainement par cardan<\/p>\n<p><b>Poids<\/b><\/p>\n<p>68 kg<\/p>\n<p><b>Garantie<\/b><\/p>\n<p>2 ans<\/p>\n<p><b>Equipement(s) sp\u00e9cifique(s)<\/b><\/p>\n<p>Embrayage de lame, barre de protection autour du carter, roue avant pivotante, carter flottant pour suivre le terrain<\/p>\n<p><b>Surface conseill\u00e9e<\/b><\/p>\n<p>3000 m\u00b2<\/p>","protected":false},"excerpt":{"rendered":"<div class=\"woocommerce-product-details__short-description\">\n<p>Les\u00a0tondeuses d\u00e9broussailleuses HONDA sont con\u00e7ues pour les zones difficiles \u00e0 entretenir telles que les champs et les accotements. Les roues avant pivotantes, la transmission hydrostatique et la commande de frein de lames vous permettent de travailler facilement et en toute s\u00e9curit\u00e9.<\/p>\n<\/div>\n<form class=\"cart\" action=\"https:\/\/vert-fleur.com\/index.php\/produit\/description-de-larticle-tondeuse-debroussailleuse-um536ebe-honda\/\" enctype=\"multipart\/form-data\" method=\"post\">\n<div class=\"quantity\"><\/div>\n<\/form>","protected":false},"featured_media":1034,"template":"","meta":[],"product_brand":[46],"product_cat":[66],"product_tag":[],"class_list":{"0":"post-1013","1":"product","2":"type-product","3":"status-publish","4":"has-post-thumbnail","6":"product_brand-honda","7":"product_cat-tondeuses-debroussailleuses","9":"first","10":"instock","11":"taxable","12":"shipping-taxable","13":"purchasable","14":"product-type-simple"},"_links":{"self":[{"href":"https:\/\/robot-tonde-aspir.ch\/de\/wp-json\/wp\/v2\/product\/1013","targetHints":{"allow":["GET"]}}],"collection":[{"href":"https:\/\/robot-tonde-aspir.ch\/de\/wp-json\/wp\/v2\/product"}],"about":[{"href":"https:\/\/robot-tonde-aspir.ch\/de\/wp-json\/wp\/v2\/types\/product"}],"version-history":[{"count":1,"href":"https:\/\/robot-tonde-aspir.ch\/de\/wp-json\/wp\/v2\/product\/1013\/revisions"}],"predecessor-version":[{"id":1035,"href":"https:\/\/robot-tonde-aspir.ch\/de\/wp-json\/wp\/v2\/product\/1013\/revisions\/1035"}],"wp:featuredmedia":[{"embeddable":true,"href":"https:\/\/robot-tonde-aspir.ch\/de\/wp-json\/wp\/v2\/media\/1034"}],"wp:attachment":[{"href":"https:\/\/robot-tonde-aspir.ch\/de\/wp-json\/wp\/v2\/media?parent=1013"}],"wp:term":[{"taxonomy":"product_brand","embeddable":true,"href":"https:\/\/robot-tonde-aspir.ch\/de\/wp-json\/wp\/v2\/product_brand?post=1013"},{"taxonomy":"product_cat","embeddable":true,"href":"https:\/\/robot-tonde-aspir.ch\/de\/wp-json\/wp\/v2\/product_cat?post=1013"},{"taxonomy":"product_tag","embeddable":true,"href":"https:\/\/robot-tonde-aspir.ch\/de\/wp-json\/wp\/v2\/product_tag?post=1013"}],"curies":[{"name":"wp","href":"https:\/\/api.w.org\/{rel}","templated":true}]}}