{"id":1017,"date":"2026-02-08T22:06:07","date_gmt":"2026-02-08T21:06:07","guid":{"rendered":"https:\/\/robot-tonde-aspir.ch\/?post_type=product&#038;p=1017"},"modified":"2026-02-08T22:06:21","modified_gmt":"2026-02-08T21:06:21","slug":"moteur-outils-versatool-umc-435-honda","status":"publish","type":"product","link":"https:\/\/robot-tonde-aspir.ch\/de\/product\/moteur-outils-versatool-umc-435-honda\/","title":{"rendered":"Moteur outils Versatool UMC 435 HONDA"},"content":{"rendered":"<p>Cellule moteur Versatool UMC435 HONDA pour outils interchangeables Versatool pour le jardinage.<\/p>\n<p>Connaissez-vous les avantages des outils multifonctions Versatool Honda ? La gamme d\u2019outils Versatool est con\u00e7ue pour couvrir un large \u00e9ventail de travaux de jardinage : choisissez l\u2019une des 2 cellules moteurs et adaptez les 9 accessoires de jardinage qui vous seront utiles pour vos travaux ! Changez les outils rapidement et sans effort, vous gagnez de la place pour ranger vos outils et faites des \u00e9conomies \u00e0 l\u2019achat tout en acqu\u00e9rant un outil de qualit\u00e9 pour une tr\u00e8s longue dur\u00e9e.<\/p>\n<p>Faites votre choix parmi 2 moteurs et 9 accessoires interchangeables : d\u00e9broussailleuse, \u00e9lagueuse, 2 taille-haies, 2 extensions, souffleur, coupe-bordure et sarcleuse.<\/p>\n<p>Fixation des accessoires en 1 clic : poussez et faites retentir le clic pour verrouiller l\u2019accessoire de votre choix et serrez la vis pour une double s\u00e9curit\u00e9. Simple et rapide !<\/p>","protected":false},"excerpt":{"rendered":"<p><b>Avantages du produit<\/b><\/p>\n<p>Appareil multi-fonctions (8 accessoires disponibles), moteur 4temps (pas de m\u00e9lange de carburant)<\/p>\n<p><b>Moteur<\/b><\/p>\n<p>Honda GX 35 \u2013 35 cc \/ 1,0 kW \u2013 d\u00e9marrage lanceur<\/p>\n<p><b>Poids<\/b><\/p>\n<p>6 kg<\/p>\n<p><b>Accessoire(s) inclu(s)<\/b><\/p>\n<p>Bretelle<\/p>\n<p><b>Garantie<\/b><\/p>\n<p>2 ans<\/p>\n<p><b>Portage<\/b><\/p>\n<p>Poign\u00e9e ronde \u2013 sangle simple<\/p>","protected":false},"featured_media":1046,"template":"","meta":[],"product_brand":[],"product_cat":[66],"product_tag":[],"class_list":{"0":"post-1017","1":"product","2":"type-product","3":"status-publish","4":"has-post-thumbnail","6":"product_cat-tondeuses-debroussailleuses","8":"first","9":"instock","10":"taxable","11":"shipping-taxable","12":"purchasable","13":"product-type-simple"},"_links":{"self":[{"href":"https:\/\/robot-tonde-aspir.ch\/de\/wp-json\/wp\/v2\/product\/1017","targetHints":{"allow":["GET"]}}],"collection":[{"href":"https:\/\/robot-tonde-aspir.ch\/de\/wp-json\/wp\/v2\/product"}],"about":[{"href":"https:\/\/robot-tonde-aspir.ch\/de\/wp-json\/wp\/v2\/types\/product"}],"version-history":[{"count":1,"href":"https:\/\/robot-tonde-aspir.ch\/de\/wp-json\/wp\/v2\/product\/1017\/revisions"}],"predecessor-version":[{"id":1047,"href":"https:\/\/robot-tonde-aspir.ch\/de\/wp-json\/wp\/v2\/product\/1017\/revisions\/1047"}],"wp:featuredmedia":[{"embeddable":true,"href":"https:\/\/robot-tonde-aspir.ch\/de\/wp-json\/wp\/v2\/media\/1046"}],"wp:attachment":[{"href":"https:\/\/robot-tonde-aspir.ch\/de\/wp-json\/wp\/v2\/media?parent=1017"}],"wp:term":[{"taxonomy":"product_brand","embeddable":true,"href":"https:\/\/robot-tonde-aspir.ch\/de\/wp-json\/wp\/v2\/product_brand?post=1017"},{"taxonomy":"product_cat","embeddable":true,"href":"https:\/\/robot-tonde-aspir.ch\/de\/wp-json\/wp\/v2\/product_cat?post=1017"},{"taxonomy":"product_tag","embeddable":true,"href":"https:\/\/robot-tonde-aspir.ch\/de\/wp-json\/wp\/v2\/product_tag?post=1017"}],"curies":[{"name":"wp","href":"https:\/\/api.w.org\/{rel}","templated":true}]}}