{"id":1019,"date":"2026-02-08T22:06:08","date_gmt":"2026-02-08T21:06:08","guid":{"rendered":"https:\/\/robot-tonde-aspir.ch\/?post_type=product&#038;p=1019"},"modified":"2026-02-11T20:19:37","modified_gmt":"2026-02-11T19:19:37","slug":"trueshopping-debroussailleuse-coupe-bordure-a-essence-52-cc-22-kw-3-hp","status":"publish","type":"product","link":"https:\/\/robot-tonde-aspir.ch\/de\/product\/trueshopping-debroussailleuse-coupe-bordure-a-essence-52-cc-22-kw-3-hp\/","title":{"rendered":"D\u00e9broussailleuse coupe bordure \u00e0 essence 52 cc 2,2 kW\/3 HP"},"content":{"rendered":"<p><b>D\u00e9tails:<\/b><\/p>\n<p>Cette d\u00e9broussailleuse \u00e0 essence de 52cc est une machine tr\u00e8s efficace qui rendra faciles des travaux habituellement lourds. Extr\u00eamement polyvalent et facile \u00e0 utiliser, cet outil a une ligne double et une lame \u00e0 3 dents qui le rendent id\u00e9al pour des utilisations professionnelles telles que l\u00e9limination des mauvaises herbes coriaces et des arbustes sur une grande superficie.Dun entretien facile, cette d\u00e9broussailleuse a un rapport poids \/ puissance \u00e9lev\u00e9 et combine une efficacit\u00e9 maximale avec un couple \u00e9lev\u00e9 et une acc\u00e9l\u00e9ration rapide. Cette d\u00e9broussailleuse dispose \u00e9galement dun harnais ergonomique qui assure un confort total lors de l\u2019utilisation.Caract\u00e9ristiquesCylindr\u00e9e : 52ccMoteur \u00e0 essence 2 temps, refroidissement \u00e0 airType de transmission : embrayage automatiquePuissance max. : 2,2KWLigne de coupe : 430mType de d\u00e9marrage : manuelCapacit\u00e9 du r\u00e9servoir : 1020mlM\u00e9lange essence \/ huile : rapport 25:1, huile de moteur 2 tempsPression acoustique : 112dBPoids : 7kgAssurez-vous que le m\u00e9lange correct essence \/ huile soit utilis\u00e9 (rapport 25:1)Contenu de la bo\u00eete1 unit\u00e9 de base moteur1 harnais1 t\u00eate nylon3 lames en m\u00e9tal1 garde protectrice1 bouteille de m\u00e9lange1 trousse \u00e0 outils 5pc1 cl\u00e9 mixte1 manuel d\u2019utilisationVeuillez noter : ce produit n\u00e9cessite un assemblage facile avant utilisation.<\/p>\n<p><b>Dimensions du colis:<\/b>\u00a042.6 x 11.4 x 10.2 inches<\/p>","protected":false},"excerpt":{"rendered":"<p><b>Marque:<\/b>\u00a0Trueshopping<\/p>\n<p><b>Couleur:<\/b>\u00a0Rouge<\/p>\n<p><b>Caract\u00e9ristiques:<\/b><\/p>\n<ul>\n<li>D\u00e9broussailleuse thermique 52cc; moteur 2 temps, refroidissement \u00e0 air<\/li>\n<li>Embrayage automatique<\/li>\n<li>Vitesse de rotation \u00e0 puissance maximale (min-1) 10,000; puissance maximale 2,2KW<\/li>\n<li>Vitesse de rotation au ralenti (min-1) 3000; allumage CDI<\/li>\n<li>D\u00e9marrage manuel; capacit\u00e9 du r\u00e9servoir 1025ml; 7kg<\/li>\n<\/ul>","protected":false},"featured_media":1052,"template":"","meta":[],"product_brand":[],"product_cat":[66],"product_tag":[],"class_list":{"0":"post-1019","1":"product","2":"type-product","3":"status-publish","4":"has-post-thumbnail","6":"product_cat-tondeuses-debroussailleuses","8":"first","9":"instock","10":"taxable","11":"shipping-taxable","12":"purchasable","13":"product-type-simple"},"_links":{"self":[{"href":"https:\/\/robot-tonde-aspir.ch\/de\/wp-json\/wp\/v2\/product\/1019","targetHints":{"allow":["GET"]}}],"collection":[{"href":"https:\/\/robot-tonde-aspir.ch\/de\/wp-json\/wp\/v2\/product"}],"about":[{"href":"https:\/\/robot-tonde-aspir.ch\/de\/wp-json\/wp\/v2\/types\/product"}],"version-history":[{"count":2,"href":"https:\/\/robot-tonde-aspir.ch\/de\/wp-json\/wp\/v2\/product\/1019\/revisions"}],"predecessor-version":[{"id":1824,"href":"https:\/\/robot-tonde-aspir.ch\/de\/wp-json\/wp\/v2\/product\/1019\/revisions\/1824"}],"wp:featuredmedia":[{"embeddable":true,"href":"https:\/\/robot-tonde-aspir.ch\/de\/wp-json\/wp\/v2\/media\/1052"}],"wp:attachment":[{"href":"https:\/\/robot-tonde-aspir.ch\/de\/wp-json\/wp\/v2\/media?parent=1019"}],"wp:term":[{"taxonomy":"product_brand","embeddable":true,"href":"https:\/\/robot-tonde-aspir.ch\/de\/wp-json\/wp\/v2\/product_brand?post=1019"},{"taxonomy":"product_cat","embeddable":true,"href":"https:\/\/robot-tonde-aspir.ch\/de\/wp-json\/wp\/v2\/product_cat?post=1019"},{"taxonomy":"product_tag","embeddable":true,"href":"https:\/\/robot-tonde-aspir.ch\/de\/wp-json\/wp\/v2\/product_tag?post=1019"}],"curies":[{"name":"wp","href":"https:\/\/api.w.org\/{rel}","templated":true}]}}