{"id":1022,"date":"2026-02-08T22:06:08","date_gmt":"2026-02-08T21:06:08","guid":{"rendered":"https:\/\/robot-tonde-aspir.ch\/?post_type=product&#038;p=1022"},"modified":"2026-02-09T18:17:45","modified_gmt":"2026-02-09T17:17:45","slug":"debroussailleuse-a-batterie-fsa90-stihl-nue","status":"publish","type":"product","link":"https:\/\/robot-tonde-aspir.ch\/de\/product\/debroussailleuse-a-batterie-fsa90-stihl-nue\/","title":{"rendered":"D\u00e9broussailleuse \u00e0 batterie FSA90 STIHL nue"},"content":{"rendered":"<p>V\u00e9ritable d\u00e9broussailleuse \u00e0 batterie, la STIHL FSA90 permet tous les travaux :<\/p>\n<ul>\n<li>Nettoyage des bordures avec la t\u00eate semi-automatique Autocut 24-2 (r\u00e9glage de la longueur de fil en la tapant sur la sol -Tap\u2019n\u2019Go).<\/li>\n<li>Entretien des zones herbeuses, avec le couteau sp\u00e9cial herbe haute \u00e0 3 dents Le moteur \u00e0 commutation \u00e9lectronique sans balais EC, mont\u00e9 sur la t\u00eate de coupe, entraine directement l\u2019outil, et offre une tr\u00e8s haute efficacit\u00e9 \u00e9nerg\u00e9tique qui \u00e9conomise la batterie , il assure un haut rendement et un couple \u00e9lev\u00e9 pour une coupe franche et puissante.<\/li>\n<li>La fonction ECOSPEED (variateur et r\u00e9gulateur de r\u00e9gime) permet de g\u00e9rer avec pr\u00e9cision la puissance de la machine et l\u2019\u00e9nergie embarqu\u00e9e. Le guidon asym\u00e9trique r\u00e9glable permet d\u2019augmenter l\u2019amplitude du mouvement pour travailler confortablement, en faisant un geste plus naturel, sans fatigue, qui am\u00e9liore votre rendement.<\/li>\n<li>Le harnais de portage r\u00e9partit la charge sur les \u00e9paules et augmente votre confort de travail<\/li>\n<\/ul>","protected":false},"excerpt":{"rendered":"<p><b>Conseil du pro<\/b><\/p>\n<p>Gamme STIHL lithium-Ion PRO, moteur EC \u00e0 entrainement direct de l\u2019outil, variateur de vitesse ECOSPEED, guidon asym\u00e9trique d\u00e9port\u00e9 r\u00e9glable sans outil, harnais<\/p>\n<p><b>Tube \/ Perche<\/b><\/p>\n<p>Aluminium droit<\/p>\n<p><b>Poids<\/b><\/p>\n<p>3,2 kg (sans batterie)<\/p>\n<p><b>Accessoire(s) inclu(s)<\/b><\/p>\n<p>Harnais double<\/p>\n<p><b>Garantie<\/b><\/p>\n<p>2 ans<\/p>\n<p><b>Compatible avec<\/b><\/p>\n<p>T\u00eates faucheuses : Trimcut 31-2, Autocut 25-2, Autocut C26-2, Supercut 20-2, Polycut 20-3, Durocut 20-2<\/p>\n<p><b>Outils fournis<\/b><\/p>\n<p>Couteau \u00e0 herbe 2 dents STIHL 260-2 \u00d8 26cm<\/p>","protected":false},"featured_media":1058,"template":"","meta":[],"product_brand":[47],"product_cat":[66],"product_tag":[],"class_list":{"0":"post-1022","1":"product","2":"type-product","3":"status-publish","4":"has-post-thumbnail","6":"product_brand-stihl","7":"product_cat-tondeuses-debroussailleuses","9":"first","10":"instock","11":"taxable","12":"shipping-taxable","13":"purchasable","14":"product-type-simple"},"_links":{"self":[{"href":"https:\/\/robot-tonde-aspir.ch\/de\/wp-json\/wp\/v2\/product\/1022","targetHints":{"allow":["GET"]}}],"collection":[{"href":"https:\/\/robot-tonde-aspir.ch\/de\/wp-json\/wp\/v2\/product"}],"about":[{"href":"https:\/\/robot-tonde-aspir.ch\/de\/wp-json\/wp\/v2\/types\/product"}],"version-history":[{"count":1,"href":"https:\/\/robot-tonde-aspir.ch\/de\/wp-json\/wp\/v2\/product\/1022\/revisions"}],"predecessor-version":[{"id":1059,"href":"https:\/\/robot-tonde-aspir.ch\/de\/wp-json\/wp\/v2\/product\/1022\/revisions\/1059"}],"wp:featuredmedia":[{"embeddable":true,"href":"https:\/\/robot-tonde-aspir.ch\/de\/wp-json\/wp\/v2\/media\/1058"}],"wp:attachment":[{"href":"https:\/\/robot-tonde-aspir.ch\/de\/wp-json\/wp\/v2\/media?parent=1022"}],"wp:term":[{"taxonomy":"product_brand","embeddable":true,"href":"https:\/\/robot-tonde-aspir.ch\/de\/wp-json\/wp\/v2\/product_brand?post=1022"},{"taxonomy":"product_cat","embeddable":true,"href":"https:\/\/robot-tonde-aspir.ch\/de\/wp-json\/wp\/v2\/product_cat?post=1022"},{"taxonomy":"product_tag","embeddable":true,"href":"https:\/\/robot-tonde-aspir.ch\/de\/wp-json\/wp\/v2\/product_tag?post=1022"}],"curies":[{"name":"wp","href":"https:\/\/api.w.org\/{rel}","templated":true}]}}