{"id":1027,"date":"2026-02-08T22:06:08","date_gmt":"2026-02-08T21:06:08","guid":{"rendered":"https:\/\/robot-tonde-aspir.ch\/?post_type=product&#038;p=1027"},"modified":"2026-02-09T18:18:30","modified_gmt":"2026-02-09T17:18:30","slug":"debroussailleuse-a-roues-sdm-487","status":"publish","type":"product","link":"https:\/\/robot-tonde-aspir.ch\/de\/product\/debroussailleuse-a-roues-sdm-487\/","title":{"rendered":"D\u00e9broussailleuse \u00e0 roues SDM 487"},"content":{"rendered":"<p>La d\u00e9broussailleuse \u00e0 roues SDM 487 permet de tondre en mode mulching ou faucher des herbes mi-hautes \u00e0 hautes.<\/p>\n<p>La tonte dit mulching permet de couper finement l\u2019herbe dans le carter, avant de retomber sur la pelouse. L\u2019avantage du mulching est double : enrichir et prot\u00e9ger sa pelouse; mais \u00e9galement de ne plus avoir \u00e0 ramasser l\u2019herbe coup\u00e9e.<\/p>\n<p>La SDM 487 est maniable et simple d\u2019utilisation.<\/p>\n<p>Equip\u00e9e de 3 hauteurs de coupe (entre 55 et 95 mm), la d\u00e9broussailleuse SDM 487 s\u2019adapte sans difficult\u00e9 au terrain et \u00e0 la v\u00e9g\u00e9tation.<\/p>\n<p>Son remisage est facilit\u00e9 gr\u00e2ce \u00e0 son guidon d\u00e9montable par 4 molettes manuelles.<\/p>","protected":false},"excerpt":{"rendered":"<p><strong>Moteur :<\/strong>\u00a0RATO RV 170<br \/>\n<strong>Puissance :<\/strong>\u00a03,2 kW \/ 4,3 ch<br \/>\n<strong>Cylindr\u00e9e :<\/strong>\u00a0170 cm\u00b3<br \/>\n<strong>Vitesses :<\/strong>\u00a01 AV ( 2,8 km\/h)<br \/>\n<strong>Largeur de travail :<\/strong>\u00a045 cm<br \/>\n<strong>Hauteur de coupe :<\/strong>\u00a055-80-95 mm<br \/>\n<strong>R\u00e9glage hauteur de coupe :<\/strong>\u00a03 positions \u00e0 actionner au pied<br \/>\n<strong>Guidon :<\/strong>\u00a0d\u00e9montable par 4 molettes manuelles<br \/>\n<strong>Pente :<\/strong>\u00a020% \u2013 11\u00b0<br \/>\n<strong>Surface recommand\u00e9e :<\/strong>\u00a0jusqu\u2019\u00e0 2000 m\u00b2<br \/>\n<strong>Poids :<\/strong>\u00a042,5 kg<br \/>\n<strong>Garantie :<\/strong>\u00a02 ans<br \/>\n<strong>Disponibilit\u00e9 disponibilit\u00e9 des pi\u00e8ces d\u00e9tach\u00e9es :<\/strong>\u00a012 ans<\/p>","protected":false},"featured_media":1070,"template":"","meta":[],"product_brand":[],"product_cat":[66],"product_tag":[],"class_list":{"0":"post-1027","1":"product","2":"type-product","3":"status-publish","4":"has-post-thumbnail","6":"product_cat-tondeuses-debroussailleuses","8":"first","9":"instock","10":"taxable","11":"shipping-taxable","12":"purchasable","13":"product-type-simple"},"_links":{"self":[{"href":"https:\/\/robot-tonde-aspir.ch\/de\/wp-json\/wp\/v2\/product\/1027","targetHints":{"allow":["GET"]}}],"collection":[{"href":"https:\/\/robot-tonde-aspir.ch\/de\/wp-json\/wp\/v2\/product"}],"about":[{"href":"https:\/\/robot-tonde-aspir.ch\/de\/wp-json\/wp\/v2\/types\/product"}],"version-history":[{"count":1,"href":"https:\/\/robot-tonde-aspir.ch\/de\/wp-json\/wp\/v2\/product\/1027\/revisions"}],"predecessor-version":[{"id":1071,"href":"https:\/\/robot-tonde-aspir.ch\/de\/wp-json\/wp\/v2\/product\/1027\/revisions\/1071"}],"wp:featuredmedia":[{"embeddable":true,"href":"https:\/\/robot-tonde-aspir.ch\/de\/wp-json\/wp\/v2\/media\/1070"}],"wp:attachment":[{"href":"https:\/\/robot-tonde-aspir.ch\/de\/wp-json\/wp\/v2\/media?parent=1027"}],"wp:term":[{"taxonomy":"product_brand","embeddable":true,"href":"https:\/\/robot-tonde-aspir.ch\/de\/wp-json\/wp\/v2\/product_brand?post=1027"},{"taxonomy":"product_cat","embeddable":true,"href":"https:\/\/robot-tonde-aspir.ch\/de\/wp-json\/wp\/v2\/product_cat?post=1027"},{"taxonomy":"product_tag","embeddable":true,"href":"https:\/\/robot-tonde-aspir.ch\/de\/wp-json\/wp\/v2\/product_tag?post=1027"}],"curies":[{"name":"wp","href":"https:\/\/api.w.org\/{rel}","templated":true}]}}