{"id":1098,"date":"2026-02-08T22:08:46","date_gmt":"2026-02-08T21:08:46","guid":{"rendered":"https:\/\/robot-tonde-aspir.ch\/?post_type=product&#038;p=1098"},"modified":"2026-02-09T21:20:40","modified_gmt":"2026-02-09T20:20:40","slug":"honda-hf-2625-hme","status":"publish","type":"product","link":"https:\/\/robot-tonde-aspir.ch\/de\/product\/honda-hf-2625-hme\/","title":{"rendered":"HONDA HF 2625 HME"},"content":{"rendered":"<div class=\"product-carac\">\n<div class=\"titre-sections titre-sections-left\">\n<h2>caract\u00e9ristiques techniques<\/h2>\n<\/div>\n<ul>\n<li>Tondeuse Autoport\u00e9e HONDA HF 2625 HME<\/li>\n<li>Moteur HONDA GCV 690<\/li>\n<li>Cylindr\u00e9e 690 cm3<\/li>\n<li>Largeur de coupe : 122 cm<\/li>\n<li>Hauteur de coupe r\u00e9glable : 7 positions<\/li>\n<li>Hauteur de coupe r\u00e9glable de 30 \u00e0 90 mm<\/li>\n<li>Poids : 261 kg<\/li>\n<li>Transmission hydrostatique<\/li>\n<li>Syst\u00e9me de maintien de la vitesse<\/li>\n<\/ul>\n<\/div>\n<div class=\"product-avantages\">\n<div class=\"titre-sections titre-sections-left\">\n<h2>Les \u00ab\u00a0Plus\u00a0\u00bb du produit<\/h2>\n<\/div>\n<ul>\n<li>Embrayage des lames \u00e9lectromagn\u00e9tique<\/li>\n<li>Syst\u00e8me de double lames synchronis\u00e9es<\/li>\n<li>Equip\u00e9e d\u2019un bac de ramassage de 350 Litres<\/li>\n<li>Vidage du bac manuel<\/li>\n<li>Syst\u00e8me optiflow (4 \u00e9tapes de ramassage)<\/li>\n<li>Carter en acier trait\u00e9 et parc-chocs avant<\/li>\n<li>Si\u00e9ge Confort avec accoudoir<\/li>\n<li>Pour une surface maximale conseill\u00e9e de 7000 m2<\/li>\n<li>Mulching int\u00e9gr\u00e9 via syst\u00e9me Versamow<\/li>\n<\/ul>\n<\/div>","protected":false},"excerpt":{"rendered":"<p>La tondeuse autoport\u00e9e HONDA HF 2625 HME \u00e0 une largeur de coupe de 122 cm et un moteur HONDA GCV 690. Ce tracteur de pelouse de la gamme HF2625 HME est id\u00e9al pour les grands terrains. Le vidage du bac de la tondeuse est manuel. Elle fait partie de la gamme Honda de tondeuse Autoport\u00e9e Premiun.<\/p>","protected":false},"featured_media":1141,"template":"","meta":[],"product_brand":[46],"product_cat":[67],"product_tag":[],"class_list":{"0":"post-1098","1":"product","2":"type-product","3":"status-publish","4":"has-post-thumbnail","6":"product_brand-honda","7":"product_cat-autoportees","9":"first","10":"instock","11":"taxable","12":"shipping-taxable","13":"purchasable","14":"product-type-simple"},"_links":{"self":[{"href":"https:\/\/robot-tonde-aspir.ch\/de\/wp-json\/wp\/v2\/product\/1098","targetHints":{"allow":["GET"]}}],"collection":[{"href":"https:\/\/robot-tonde-aspir.ch\/de\/wp-json\/wp\/v2\/product"}],"about":[{"href":"https:\/\/robot-tonde-aspir.ch\/de\/wp-json\/wp\/v2\/types\/product"}],"version-history":[{"count":1,"href":"https:\/\/robot-tonde-aspir.ch\/de\/wp-json\/wp\/v2\/product\/1098\/revisions"}],"predecessor-version":[{"id":1142,"href":"https:\/\/robot-tonde-aspir.ch\/de\/wp-json\/wp\/v2\/product\/1098\/revisions\/1142"}],"wp:featuredmedia":[{"embeddable":true,"href":"https:\/\/robot-tonde-aspir.ch\/de\/wp-json\/wp\/v2\/media\/1141"}],"wp:attachment":[{"href":"https:\/\/robot-tonde-aspir.ch\/de\/wp-json\/wp\/v2\/media?parent=1098"}],"wp:term":[{"taxonomy":"product_brand","embeddable":true,"href":"https:\/\/robot-tonde-aspir.ch\/de\/wp-json\/wp\/v2\/product_brand?post=1098"},{"taxonomy":"product_cat","embeddable":true,"href":"https:\/\/robot-tonde-aspir.ch\/de\/wp-json\/wp\/v2\/product_cat?post=1098"},{"taxonomy":"product_tag","embeddable":true,"href":"https:\/\/robot-tonde-aspir.ch\/de\/wp-json\/wp\/v2\/product_tag?post=1098"}],"curies":[{"name":"wp","href":"https:\/\/api.w.org\/{rel}","templated":true}]}}