{"id":1102,"date":"2026-02-08T22:08:47","date_gmt":"2026-02-08T21:08:47","guid":{"rendered":"https:\/\/robot-tonde-aspir.ch\/?post_type=product&#038;p=1102"},"modified":"2026-02-09T22:32:49","modified_gmt":"2026-02-09T21:32:49","slug":"john-deere-x-155-r","status":"publish","type":"product","link":"https:\/\/robot-tonde-aspir.ch\/de\/product\/john-deere-x-155-r\/","title":{"rendered":"JOHN DEERE X 155 R"},"content":{"rendered":"","protected":false},"excerpt":{"rendered":"<p>Tous les aspects du tracteur de jardin\u00a0<strong>X155R<\/strong>\u00a0t\u00e9moignent de sa\u00a0<strong>fiabilit\u00e9<\/strong>, sa\u00a0<strong>durabilit\u00e9<\/strong>\u00a0et sa\u00a0<strong>puissance<\/strong>, notamment sa structure en acier soud\u00e9 et son pont avant en fonte.<\/p>\n<p>Dot\u00e9 d\u2019un syst\u00e8me automatique de ramassage arri\u00e8re, il permet d\u2019atteindre une finition\u00a0<strong>parfaite<\/strong>. Par ailleurs, il est\u00a0<strong>tr\u00e8s facile<\/strong>\u00a0\u00e0 utiliser, gr\u00e2ce \u00e0 son poste de conduite ergonomique, ses phares de qualit\u00e9 et son choix infini de vitesses de d\u00e9placement.<\/p>\n<p>Simplicit\u00e9\u00a0<strong>d\u2019acquisition<\/strong>. Simplicit\u00e9\u00a0<strong>d\u2019utilisation<\/strong>. Simplicit\u00e9\u00a0<strong>d\u2019entretien<\/strong>. Le tracteur de jardin\u00a0<strong>X155R<\/strong>.<\/p>\n<table class=\"table table-striped attributes-list\">\n<colgroup>\n<col class=\"col-width-1\" \/>\n<col \/><\/colgroup>\n<tbody>\n<tr class=\"attribute-surface_maximale_conseillee\">\n<td class=\"attribute-label text-nowrap\">Surface maximale conseill\u00e9e<\/td>\n<td class=\"attribute-data\">6000 m\u00b2<\/td>\n<\/tr>\n<tr class=\"attribute-largeur_de_coupe\">\n<td class=\"attribute-label text-nowrap\">Largeur de coupe<\/td>\n<td class=\"attribute-data\">107 cm<\/td>\n<\/tr>\n<tr class=\"attribute-nombre_de_lame\">\n<td class=\"attribute-label text-nowrap\">Nombre de lame<\/td>\n<td class=\"attribute-data\">2 lames<\/td>\n<\/tr>\n<tr class=\"attribute-hauteur_de_coupe\">\n<td class=\"attribute-label text-nowrap\">Hauteur de coupe<\/td>\n<td class=\"attribute-data\">7 de 25 \u00e0 101 mm<\/td>\n<\/tr>\n<tr class=\"attribute-embrayage_de_lame\">\n<td class=\"attribute-label text-nowrap\">Embrayage de lame<\/td>\n<td class=\"attribute-data\">\u00e9lectromagn\u00e9tique<\/td>\n<\/tr>\n<tr class=\"attribute-moteur\">\n<td class=\"attribute-label text-nowrap\">Moteur<\/td>\n<td class=\"attribute-data\">BRIGGS &amp; STRATTON \u2013 656 cm3 bicylindre<\/td>\n<\/tr>\n<tr class=\"attribute-puissance\">\n<td class=\"attribute-label text-nowrap\">Puissance<\/td>\n<td class=\"attribute-data\">9,7 kW \u00e0 3150 trs\/min<\/td>\n<\/tr>\n<tr class=\"attribute-transmission\">\n<td class=\"attribute-label text-nowrap\">Transmission<\/td>\n<td class=\"attribute-data\">hydrostatique<\/td>\n<\/tr>\n<tr class=\"attribute-capacite_du_bac\">\n<td class=\"attribute-label text-nowrap\">Capacit\u00e9 du bac<\/td>\n<td class=\"attribute-data\">300 litres<\/td>\n<\/tr>\n<tr class=\"attribute-vidage_du_bac\">\n<td class=\"attribute-label text-nowrap\">Vidange du bac<\/td>\n<td class=\"attribute-data\">manuel<\/td>\n<\/tr>\n<tr class=\"attribute-mulching\">\n<td class=\"attribute-label text-nowrap\">Mulching<\/td>\n<td class=\"attribute-data\">en option<\/td>\n<\/tr>\n<tr class=\"attribute-poids\">\n<td class=\"attribute-label text-nowrap\">Poids<\/td>\n<td class=\"attribute-data\">230 kg<\/td>\n<\/tr>\n<tr class=\"attribute-duree_de_la_garantie\">\n<td class=\"attribute-label text-nowrap\">Dur\u00e9e de la garantie<\/td>\n<td class=\"attribute-data\">2 ans<\/td>\n<\/tr>\n<\/tbody>\n<\/table>","protected":false},"featured_media":1149,"template":"","meta":[],"product_brand":[52,53],"product_cat":[67],"product_tag":[],"class_list":{"0":"post-1102","1":"product","2":"type-product","3":"status-publish","4":"has-post-thumbnail","6":"product_brand-john","7":"product_brand-metesia","8":"product_cat-autoportees","10":"first","11":"instock","12":"taxable","13":"shipping-taxable","14":"purchasable","15":"product-type-simple"},"_links":{"self":[{"href":"https:\/\/robot-tonde-aspir.ch\/de\/wp-json\/wp\/v2\/product\/1102","targetHints":{"allow":["GET"]}}],"collection":[{"href":"https:\/\/robot-tonde-aspir.ch\/de\/wp-json\/wp\/v2\/product"}],"about":[{"href":"https:\/\/robot-tonde-aspir.ch\/de\/wp-json\/wp\/v2\/types\/product"}],"version-history":[{"count":1,"href":"https:\/\/robot-tonde-aspir.ch\/de\/wp-json\/wp\/v2\/product\/1102\/revisions"}],"predecessor-version":[{"id":1150,"href":"https:\/\/robot-tonde-aspir.ch\/de\/wp-json\/wp\/v2\/product\/1102\/revisions\/1150"}],"wp:featuredmedia":[{"embeddable":true,"href":"https:\/\/robot-tonde-aspir.ch\/de\/wp-json\/wp\/v2\/media\/1149"}],"wp:attachment":[{"href":"https:\/\/robot-tonde-aspir.ch\/de\/wp-json\/wp\/v2\/media?parent=1102"}],"wp:term":[{"taxonomy":"product_brand","embeddable":true,"href":"https:\/\/robot-tonde-aspir.ch\/de\/wp-json\/wp\/v2\/product_brand?post=1102"},{"taxonomy":"product_cat","embeddable":true,"href":"https:\/\/robot-tonde-aspir.ch\/de\/wp-json\/wp\/v2\/product_cat?post=1102"},{"taxonomy":"product_tag","embeddable":true,"href":"https:\/\/robot-tonde-aspir.ch\/de\/wp-json\/wp\/v2\/product_tag?post=1102"}],"curies":[{"name":"wp","href":"https:\/\/api.w.org\/{rel}","templated":true}]}}