{"id":1104,"date":"2026-02-08T22:08:47","date_gmt":"2026-02-08T21:08:47","guid":{"rendered":"https:\/\/robot-tonde-aspir.ch\/?post_type=product&#038;p=1104"},"modified":"2026-02-09T22:33:11","modified_gmt":"2026-02-09T21:33:11","slug":"honda-hf-2417-hme-k5","status":"publish","type":"product","link":"https:\/\/robot-tonde-aspir.ch\/de\/product\/honda-hf-2417-hme-k5\/","title":{"rendered":"HONDA HF 2417 HME K5"},"content":{"rendered":"<div class=\"product-carac\">\n<div class=\"titre-sections titre-sections-left\">\n<h2>caract\u00e9ristiques techniques<\/h2>\n<\/div>\n<ul>\n<li>Tondeuse Autoport\u00e9e HONDA HF 2417 HME K5<\/li>\n<li>Moteur HONDA GCV 530<\/li>\n<li>Cylindr\u00e9e 530 cm3<\/li>\n<li>Puissance : 9,80 Kw ; 13,3 Cv<\/li>\n<li>Largeur de coupe : 102 cm<\/li>\n<li>Hauteur de coupe r\u00e9glable : 7 positions<\/li>\n<li>Hauteur de coupe r\u00e9glable de 30 \u00e0 90 mm<\/li>\n<li>Poids : 238 kg<\/li>\n<li>Transmission hydrostatique<\/li>\n<li>Syst\u00e9me de maintien de la vitesse<\/li>\n<\/ul>\n<\/div>\n<div class=\"product-avantages\">\n<div class=\"titre-sections titre-sections-left\">\n<h2>Les \u00ab\u00a0Plus\u00a0\u00bb du produit<\/h2>\n<\/div>\n<ul>\n<li>Embrayage des lames \u00e9lectromagn\u00e9tique<\/li>\n<li>Syst\u00e8me de double lames synchronis\u00e9es<\/li>\n<li>Equip\u00e9e d\u2019un bac de ramassage de 300 Litres<\/li>\n<li>Vidage du bac manuel<\/li>\n<li>Syst\u00e8me optiflow (4 \u00e9tapes de ramassage)<\/li>\n<li>Carter en acier trait\u00e9 et parc-chocs avant<\/li>\n<li>Si\u00e9ge Confort avec accoudoir<\/li>\n<li>Mulching int\u00e9gr\u00e9 via syst\u00e9me Versamow<\/li>\n<\/ul>\n<\/div>","protected":false},"excerpt":{"rendered":"<p>La tondeuse autoport\u00e9e HONDA HF 2417 HME K5 \u00e0 une largeur de coupe de 102 cm et un moteur HONDA GCV 530. Ce tracteur de pelouse de la gamme HF2417 HME est id\u00e9al pour les terrains allant jusqu\u2019\u00e0 5000m2, le vidage du bac de la tondeuse est manuel.<\/p>","protected":false},"featured_media":1141,"template":"","meta":[],"product_brand":[46],"product_cat":[67],"product_tag":[],"class_list":{"0":"post-1104","1":"product","2":"type-product","3":"status-publish","4":"has-post-thumbnail","6":"product_brand-honda","7":"product_cat-autoportees","9":"first","10":"instock","11":"taxable","12":"shipping-taxable","13":"purchasable","14":"product-type-simple"},"_links":{"self":[{"href":"https:\/\/robot-tonde-aspir.ch\/de\/wp-json\/wp\/v2\/product\/1104","targetHints":{"allow":["GET"]}}],"collection":[{"href":"https:\/\/robot-tonde-aspir.ch\/de\/wp-json\/wp\/v2\/product"}],"about":[{"href":"https:\/\/robot-tonde-aspir.ch\/de\/wp-json\/wp\/v2\/types\/product"}],"version-history":[{"count":1,"href":"https:\/\/robot-tonde-aspir.ch\/de\/wp-json\/wp\/v2\/product\/1104\/revisions"}],"predecessor-version":[{"id":1153,"href":"https:\/\/robot-tonde-aspir.ch\/de\/wp-json\/wp\/v2\/product\/1104\/revisions\/1153"}],"wp:featuredmedia":[{"embeddable":true,"href":"https:\/\/robot-tonde-aspir.ch\/de\/wp-json\/wp\/v2\/media\/1141"}],"wp:attachment":[{"href":"https:\/\/robot-tonde-aspir.ch\/de\/wp-json\/wp\/v2\/media?parent=1104"}],"wp:term":[{"taxonomy":"product_brand","embeddable":true,"href":"https:\/\/robot-tonde-aspir.ch\/de\/wp-json\/wp\/v2\/product_brand?post=1104"},{"taxonomy":"product_cat","embeddable":true,"href":"https:\/\/robot-tonde-aspir.ch\/de\/wp-json\/wp\/v2\/product_cat?post=1104"},{"taxonomy":"product_tag","embeddable":true,"href":"https:\/\/robot-tonde-aspir.ch\/de\/wp-json\/wp\/v2\/product_tag?post=1104"}],"curies":[{"name":"wp","href":"https:\/\/api.w.org\/{rel}","templated":true}]}}