{"id":1107,"date":"2026-02-08T22:08:47","date_gmt":"2026-02-08T21:08:47","guid":{"rendered":"https:\/\/robot-tonde-aspir.ch\/?post_type=product&#038;p=1107"},"modified":"2026-02-09T21:14:14","modified_gmt":"2026-02-09T20:14:14","slug":"sxe213h95-iseki-95cm-moteur-bs-344cc","status":"publish","type":"product","link":"https:\/\/robot-tonde-aspir.ch\/de\/product\/sxe213h95-iseki-95cm-moteur-bs-344cc\/","title":{"rendered":"SXE213H95 ISEKI 95cm \u2013 moteur B&#038;S 344cc"},"content":{"rendered":"<section class=\"description-section description-section--description accordion-list__element\" data-open-by-default=\"true\">\n<div class=\"description-section__content-wrapper accordion-list__content\">\n<div class=\"description-section__content\">\n<p><strong>\u00a0La tondeuse autoport\u00e9e ISEKI SXE213H95\u00a0<\/strong>b\u00e9n\u00e9ficie d\u2019un\u00a0<strong>moteur Briggs &amp; Stratton<\/strong>\u00a0monocylindre, d\u2019une largeur\u00a0<strong>de coupe de 95 cm\u00a0<\/strong>et d\u2019un obturateur mulching de s\u00e9rie.<\/p>\n<p><strong>L\u2019\u00e9jection de l\u2019herbe s\u2019effectue vers l\u2019arri\u00e8re.<\/strong><\/p>\n<p><strong>Transmission hydrostatique<br \/>\n<\/strong><\/p>\n<ul>\n<li>La particularit\u00e9 de cette transmission r\u00e9side dans le fait que la vitesse, ainsi que les marches avant et arri\u00e8re, se commandent en continu, au pied. Ceci am\u00e9liore le conford de conduite.<\/li>\n<li>Vous avez donc les mains libres \u2013 il n\u2018y a ni embrayage, ni changement de vitesse.<\/li>\n<li>Vous pouvez ainsi contr\u00f4ler la conduite au millim\u00e8tre pr\u00e8s, tout en roulant en souplesse.<\/li>\n<\/ul>\n<p><strong>Motricit\u00e9 optimale<br \/>\n<\/strong><\/p>\n<ul>\n<li>La motricit\u00e9 de cette tondeuse est sans \u00e9gal gr\u00e2ce \u00e0 sa plate-forme d\u00e9gag\u00e9e et le centre de gravit\u00e9 tr\u00e8s bas.<\/li>\n<li>Confort de conduite<\/li>\n<li>La machine est \u00e9quip\u00e9es d\u2019un tableau de bord complet, d\u2019un bac de ramassage d\u2019une capacit\u00e9 de 310 litres d\u2019un si\u00e8ge grand confort r\u00e9glable et d\u2019un embrayage \u00e9lectromagn\u00e9tique.<\/li>\n<\/ul>\n<p>Caract\u00e9ristiques techniques<\/p>\n<\/div>\n<\/div>\n<\/section>\n<section class=\"description-section description-section--characteristics accordion-list__element fold\" data-collapse=\"true\">\n<div class=\"description-section__content-wrapper accordion-list__content\">\n<div class=\"description-section__content\">\n<div class=\"characteristics-table-wrapper fold\">\n<table class=\"characteristics-table\">\n<tbody>\n<tr>\n<th scope=\"row\">Capacit\u00e9 du bac<\/th>\n<td>310\u00a0l<\/td>\n<\/tr>\n<tr>\n<th scope=\"row\">Capacit\u00e9 r\u00e9servoir<\/th>\n<td>10\u00a0l<\/td>\n<\/tr>\n<tr>\n<th scope=\"row\">Carter<\/th>\n<td>Acier<\/td>\n<\/tr>\n<tr>\n<th scope=\"row\">Cylindr\u00e9e<\/th>\n<td>344\u00a0cc<\/td>\n<\/tr>\n<tr>\n<th scope=\"row\">Embrayage de lame<\/th>\n<td>Electromagn\u00e9tique<\/td>\n<\/tr>\n<tr>\n<th scope=\"row\">Essieu<\/th>\n<td>Acier<\/td>\n<\/tr>\n<tr>\n<th scope=\"row\">Frein de lame<\/th>\n<td>Oui<\/td>\n<\/tr>\n<tr>\n<th scope=\"row\">Hauteur de coupe<\/th>\n<td>30 \u00e0 90 mm<\/td>\n<\/tr>\n<tr>\n<th scope=\"row\">Largeur de coupe<\/th>\n<td>95\u00a0cm<\/td>\n<\/tr>\n<tr>\n<th scope=\"row\">Marque<\/th>\n<td>ISEKI<\/td>\n<\/tr>\n<tr>\n<th scope=\"row\">Marque moteur<\/th>\n<td>Briggs &amp; Stratton<\/td>\n<\/tr>\n<tr>\n<th scope=\"row\">Moteur<\/th>\n<td>B&amp;S Serie 3130<\/td>\n<\/tr>\n<tr>\n<th scope=\"row\">Mulching<\/th>\n<td>Oui<\/td>\n<\/tr>\n<tr>\n<th scope=\"row\">Nombre de vitesse<\/th>\n<td>Infini<\/td>\n<\/tr>\n<tr>\n<th scope=\"row\">Poids<\/th>\n<td>230\u00a0kg<\/td>\n<\/tr>\n<tr>\n<th scope=\"row\">Roues arrie\u0300re<\/th>\n<td>20 x 10 cm<\/td>\n<\/tr>\n<tr>\n<th scope=\"row\">Roues avant<\/th>\n<td>15 x 6 cm<\/td>\n<\/tr>\n<tr>\n<th scope=\"row\">R\u00e9glage hauteur de coupe<\/th>\n<td>7<\/td>\n<\/tr>\n<tr>\n<th scope=\"row\">Transmission<\/th>\n<td>Hydrostatique<\/td>\n<\/tr>\n<tr>\n<th scope=\"row\">Vidage du bac<\/th>\n<td>Manuel<\/td>\n<\/tr>\n<tr>\n<th scope=\"row\">Vitesse variable<\/th>\n<td>Oui<\/td>\n<\/tr>\n<tr>\n<th scope=\"row\">\u00c9jection<\/th>\n<td>Arri\u00e8re<\/td>\n<\/tr>\n<tr>\n<th scope=\"row\">Code fabricant<\/th>\n<td>\n<ul>\n<li>SXE213H95<\/li>\n<\/ul>\n<\/td>\n<\/tr>\n<\/tbody>\n<\/table>\n<\/div>\n<\/div>\n<\/div>\n<\/section>","protected":false},"excerpt":{"rendered":"<p>\u00a0La tondeuse autoport\u00e9e ISEKI SXE213H95\u00a0b\u00e9n\u00e9ficie d\u2019un\u00a0moteur Briggs &amp; Stratton\u00a0monocylindre, d\u2019une largeur\u00a0de coupe de 95 cm\u00a0et d\u2019un obturateur mulching de s\u00e9rie.<\/p>","protected":false},"featured_media":1160,"template":"","meta":[],"product_brand":[],"product_cat":[67],"product_tag":[],"class_list":{"0":"post-1107","1":"product","2":"type-product","3":"status-publish","4":"has-post-thumbnail","6":"product_cat-autoportees","8":"first","9":"instock","10":"taxable","11":"shipping-taxable","12":"purchasable","13":"product-type-simple"},"_links":{"self":[{"href":"https:\/\/robot-tonde-aspir.ch\/de\/wp-json\/wp\/v2\/product\/1107","targetHints":{"allow":["GET"]}}],"collection":[{"href":"https:\/\/robot-tonde-aspir.ch\/de\/wp-json\/wp\/v2\/product"}],"about":[{"href":"https:\/\/robot-tonde-aspir.ch\/de\/wp-json\/wp\/v2\/types\/product"}],"version-history":[{"count":1,"href":"https:\/\/robot-tonde-aspir.ch\/de\/wp-json\/wp\/v2\/product\/1107\/revisions"}],"predecessor-version":[{"id":1161,"href":"https:\/\/robot-tonde-aspir.ch\/de\/wp-json\/wp\/v2\/product\/1107\/revisions\/1161"}],"wp:featuredmedia":[{"embeddable":true,"href":"https:\/\/robot-tonde-aspir.ch\/de\/wp-json\/wp\/v2\/media\/1160"}],"wp:attachment":[{"href":"https:\/\/robot-tonde-aspir.ch\/de\/wp-json\/wp\/v2\/media?parent=1107"}],"wp:term":[{"taxonomy":"product_brand","embeddable":true,"href":"https:\/\/robot-tonde-aspir.ch\/de\/wp-json\/wp\/v2\/product_brand?post=1107"},{"taxonomy":"product_cat","embeddable":true,"href":"https:\/\/robot-tonde-aspir.ch\/de\/wp-json\/wp\/v2\/product_cat?post=1107"},{"taxonomy":"product_tag","embeddable":true,"href":"https:\/\/robot-tonde-aspir.ch\/de\/wp-json\/wp\/v2\/product_tag?post=1107"}],"curies":[{"name":"wp","href":"https:\/\/api.w.org\/{rel}","templated":true}]}}