{"id":1108,"date":"2026-02-08T22:08:47","date_gmt":"2026-02-08T21:08:47","guid":{"rendered":"https:\/\/robot-tonde-aspir.ch\/?post_type=product&#038;p=1108"},"modified":"2026-02-09T21:13:24","modified_gmt":"2026-02-09T20:13:24","slug":"tracteurs-de-jardin-electriques-alpina-at4-84-li","status":"publish","type":"product","link":"https:\/\/robot-tonde-aspir.ch\/de\/product\/tracteurs-de-jardin-electriques-alpina-at4-84-li\/","title":{"rendered":"Tracteurs de jardin \u00e9lectriques Alpina AT4 84 Li"},"content":{"rendered":"<p>Profitez d\u2019une fiabilit\u00e9 hors pair, avec une puissance et des performances \u00e9quivalentes \u00e0 celles des moteurs thermiques gr\u00e2ce \u00e0 la nouvelle g\u00e9n\u00e9ration de tracteurs de jardin \u00e9lectriques Alpina AT4 84 Li !<br \/>\nAu lieu d\u2019un moteur \u00e0 combustion interne polluant et bruyant, il emploie un bloc-batterie lithium-ion de 48 V (30 Ah) \u00e0 haute capacit\u00e9 et haut rendement. Celui-ci, qui peut se charger en un temps record de seulement 2,5 heures*, offre une impressionnante autonomie de 45 minutes, soit le temps suffisant pour couvrir 3000 m\u00b2 !<br \/>\nTout comme les voitures \u00e9lectriques, la transmission du AT4 84 Li n\u2019a pas d\u2019engrenages. Son acc\u00e9l\u00e9ration est extr\u00eamement douce et merveilleusement r\u00e9active, ce qui vous permet de travailler en toute s\u00e9curit\u00e9 et avec pr\u00e9cision tout en contournant ais\u00e9ment les obstacles de votre jardin.<br \/>\nGr\u00e2ce \u00e0 ses trois syst\u00e8mes de coupe qui vous permettent de choisir entre le mode ramassage, mulching ou \u00e9jection arri\u00e8re de l\u2019herbe coup\u00e9e, le AT4 84 Li peut \u00eatre ajust\u00e9 pour obtenir d\u2019excellents r\u00e9sultats, quelle que soit la hauteur de la pelouse \u00e0 tondre (d\u00e9flecteur et kit mulching en option).<br \/>\nLe cockpit du AT4 84 Li, parfaitement \u00e9quip\u00e9, comporte un affichage \u00e0 cinq LED pour contr\u00f4ler l\u2019\u00e9tat du bloc-batterie, un port USB et un support pour t\u00e9l\u00e9phone portable.<br \/>\nL\u2019enclenchement \u00e9lectromagn\u00e9tique et l\u2019arr\u00eat des lames se font en appuyant sur un simple bouton, tandis que le si\u00e8ge Alpina Smart et le volant Alpina Ergonomic garantissent \u00e0 l\u2019utilisateur le plus grand confort de conduite.<br \/>\nLa protection IP des moteurs et du syst\u00e8me \u00e9lectrique permet d\u2019utiliser de l\u2019eau pour nettoyer la partie inf\u00e9rieure du carter (sur la plupart des tracteurs \u00e9lectriques, seul un jet d\u2019air est autoris\u00e9).<br \/>\nCette machine compacte, de 84 cm, est \u00e9quip\u00e9e d\u2019un grand bac de 200 litres et peut atteindre une vitesse de 8,5 km\/h.<br \/>\nRemarque : la batterie, le chargeur standard et le chargeur rapide sont fournis s\u00e9par\u00e9ment.<br \/>\n* Avec le chargeur rapide en option<\/p>","protected":false},"excerpt":{"rendered":"<div class=\"woocommerce-product-details__short-description\">\n<div class=\"woocommerce-product-details__short-description\">\n<p>Un tracteur de jardin \u00e9lectrique de 84 cm aliment\u00e9 par une batterie Li-ion de 48 V garantissant une autonomie de 45 minutes. Pour des parcelles de 3000 m\u00b2 maximum.<\/p>\n<\/div>\n<form class=\"cart\" action=\"https:\/\/www.tondeusesenpromo.com\/produit\/at4-84-li\/\" enctype=\"multipart\/form-data\" method=\"post\">\n<div class=\"quantity\"><\/div>\n<\/form>\n<\/div>\n<form class=\"cart\" action=\"https:\/\/vert-fleur.com\/index.php\/produit\/tracteurs-de-jardin-electriques-alpina-at4-84-li\/\" enctype=\"multipart\/form-data\" method=\"post\">\n<div class=\"quantity\"><\/div>\n<\/form>","protected":false},"featured_media":1162,"template":"","meta":[],"product_brand":[],"product_cat":[67],"product_tag":[],"class_list":{"0":"post-1108","1":"product","2":"type-product","3":"status-publish","4":"has-post-thumbnail","6":"product_cat-autoportees","8":"first","9":"instock","10":"taxable","11":"shipping-taxable","12":"purchasable","13":"product-type-simple"},"_links":{"self":[{"href":"https:\/\/robot-tonde-aspir.ch\/de\/wp-json\/wp\/v2\/product\/1108","targetHints":{"allow":["GET"]}}],"collection":[{"href":"https:\/\/robot-tonde-aspir.ch\/de\/wp-json\/wp\/v2\/product"}],"about":[{"href":"https:\/\/robot-tonde-aspir.ch\/de\/wp-json\/wp\/v2\/types\/product"}],"version-history":[{"count":1,"href":"https:\/\/robot-tonde-aspir.ch\/de\/wp-json\/wp\/v2\/product\/1108\/revisions"}],"predecessor-version":[{"id":1163,"href":"https:\/\/robot-tonde-aspir.ch\/de\/wp-json\/wp\/v2\/product\/1108\/revisions\/1163"}],"wp:featuredmedia":[{"embeddable":true,"href":"https:\/\/robot-tonde-aspir.ch\/de\/wp-json\/wp\/v2\/media\/1162"}],"wp:attachment":[{"href":"https:\/\/robot-tonde-aspir.ch\/de\/wp-json\/wp\/v2\/media?parent=1108"}],"wp:term":[{"taxonomy":"product_brand","embeddable":true,"href":"https:\/\/robot-tonde-aspir.ch\/de\/wp-json\/wp\/v2\/product_brand?post=1108"},{"taxonomy":"product_cat","embeddable":true,"href":"https:\/\/robot-tonde-aspir.ch\/de\/wp-json\/wp\/v2\/product_cat?post=1108"},{"taxonomy":"product_tag","embeddable":true,"href":"https:\/\/robot-tonde-aspir.ch\/de\/wp-json\/wp\/v2\/product_tag?post=1108"}],"curies":[{"name":"wp","href":"https:\/\/api.w.org\/{rel}","templated":true}]}}