{"id":1189,"date":"2026-02-08T22:18:26","date_gmt":"2026-02-08T21:18:26","guid":{"rendered":"https:\/\/robot-tonde-aspir.ch\/?post_type=product&#038;p=1189"},"modified":"2026-02-09T21:13:00","modified_gmt":"2026-02-09T20:13:00","slug":"husqvarna-ts-138-l-tracteur-ejection-laterale-2","status":"publish","type":"product","link":"https:\/\/robot-tonde-aspir.ch\/de\/product\/husqvarna-ts-138-l-tracteur-ejection-laterale-2\/","title":{"rendered":"Husqvarna TS 138 L Tracteur \u00e9jection lat\u00e9rale"},"content":{"rendered":"<p>Le TS\u00a0138L est un tracteur convivial id\u00e9al pour les propri\u00e9taires de jardins de petite \u00e0 moyenne taille. Il s\u2019agit d\u2019un tracteur efficace avec \u00e9jection lat\u00e9rale, conception intelligente et ergonome. Le TS\u00a0138L est \u00e9quip\u00e9 d\u2019un puissant moteur avec d\u00e9marrage sans starter, transmission hydrostatique \u00e0 levier et volant ergonomique. Peut \u00eatre compl\u00e9t\u00e9 par un collecteur et un insert BioClip\u00ae.<\/p>\n<div class=\"hui-grid__container\">\n<div class=\"hui-grid__item hui-grid__grid-lg-12\">\n<div class=\"hui-box hui-flexbox--container hui-size--sm-h-full\"><\/div>\n<\/div>\n<\/div>\n<h6 class=\"hui-spacing--sm-mt-4-times-8 qDVd74V+99zfGRPQ6w+YDw==\">Capot en acier<\/h6>\n<p class=\"hui-spacing--sm-mt-4-times-4 K2PbruRyOKhyQZiENIYSog==\">Le capot en acier solide garantit une r\u00e9duction de la d\u00e9coloration de la peinture par rapport au plastique.<\/p>\n<div class=\"hui-grid__container\">\n<div class=\"hui-grid__item hui-grid__grid-lg-12\">\n<div class=\"hui-box hui-flexbox--container hui-size--sm-h-full\"><\/div>\n<\/div>\n<\/div>\n<h6 class=\"hui-spacing--sm-mt-4-times-8 qDVd74V+99zfGRPQ6w+YDw==\">Ch\u00e2ssis robuste<\/h6>\n<p class=\"hui-spacing--sm-mt-4-times-4 K2PbruRyOKhyQZiENIYSog==\">Ch\u00e2ssis robuste soud\u00e9 sur toute la longueur pour une durabilit\u00e9 et une robustesse maximales. Peinture tremp\u00e9e pour pr\u00e9venir contre la rouille.<\/p>\n<div class=\"hui-grid__container\">\n<div class=\"hui-grid__item hui-grid__grid-lg-12\">\n<div class=\"hui-box hui-flexbox--container hui-size--sm-h-full\"><\/div>\n<\/div>\n<\/div>\n<h6 class=\"hui-spacing--sm-mt-4-times-8 qDVd74V+99zfGRPQ6w+YDw==\">Volant extra large<\/h6>\n<p class=\"hui-spacing--sm-mt-4-times-4 K2PbruRyOKhyQZiENIYSog==\">Un volant extra large et \u00e9pais pour un effort de direction moindre et une op\u00e9ration plus souple.<\/p>\n<div class=\"hui-grid__container\">\n<div class=\"hui-grid__item hui-grid__grid-lg-12\">\n<div class=\"hui-box hui-flexbox--container hui-size--sm-h-full\"><\/div>\n<\/div>\n<\/div>\n<h6 class=\"hui-spacing--sm-mt-4-times-8 qDVd74V+99zfGRPQ6w+YDw==\">Si\u00e8ge r\u00e9glable et inclinable<\/h6>\n<p class=\"hui-spacing--sm-mt-4-times-4 K2PbruRyOKhyQZiENIYSog==\">La position du si\u00e8ge peut \u00eatre ajust\u00e9e une fois assis. Il se d\u00e9place en avant et vers le bas ou en arri\u00e8re et vers le haut.<\/p>\n<div class=\"hui-grid__container\">\n<div class=\"hui-grid__item hui-grid__grid-lg-12\">\n<div class=\"hui-box hui-flexbox--container hui-size--sm-h-full\"><\/div>\n<\/div>\n<\/div>\n<h6 class=\"hui-spacing--sm-mt-4-times-8 qDVd74V+99zfGRPQ6w+YDw==\">Air Induction pour mieux ramasser<\/h6>\n<p class=\"hui-spacing--sm-mt-4-times-4 K2PbruRyOKhyQZiENIYSog==\">L\u2019unit\u00e9 de coupe ventil\u00e9e engendre un puissant flux d\u2019air qui facilite la tonte et le transport de l\u2019herbe coup\u00e9e vers le collecteur.<\/p>\n<div class=\"hui-grid__container\">\n<div class=\"hui-grid__item hui-grid__grid-lg-12\">\n<div class=\"hui-box hui-flexbox--container hui-size--sm-h-full\"><\/div>\n<\/div>\n<\/div>\n<h6 class=\"hui-spacing--sm-mt-4-times-8 qDVd74V+99zfGRPQ6w+YDw==\">Compteur horaire avec rappel de maintenance.<\/h6>\n<p class=\"hui-spacing--sm-mt-4-times-4 K2PbruRyOKhyQZiENIYSog==\">Il vous avertit quand il est temps de faire la r\u00e9vision de votre tondeuse.<\/p>\n<div class=\"hui-grid__container\">\n<div class=\"hui-grid__item hui-grid__grid-lg-12\">\n<div class=\"hui-box hui-flexbox--container hui-size--sm-h-full\"><\/div>\n<\/div>\n<\/div>\n<h6 class=\"hui-spacing--sm-mt-4-times-8 qDVd74V+99zfGRPQ6w+YDw==\">Embrayage manuel des lames<\/h6>\n<p class=\"hui-spacing--sm-mt-4-times-4 K2PbruRyOKhyQZiENIYSog==\">Levier d\u2019embrayage de lames positionn\u00e9 sur la console pour facilit\u00e9 l\u2019utilisation.<\/p>\n<p>&nbsp;<\/p>\n<div class=\"titre-sections titre-sections-left\">\n<h2>CARACT\u00c9RISTIQUES TECHNIQUES<\/h2>\n<\/div>\n<ul>\n<li>Tondeuse Autoport\u00e9e HUSQVARNA TS 138 L<\/li>\n<li>Tondeuse Tracteur Husqvarna TS 138 L en 97 cm<\/li>\n<li>S\u00e9rie 100<\/li>\n<li>Moteur 4 temps fonctionnant \u00e0 l\u2019essence<\/li>\n<li>Moteur Husqvarna OHV 452 CC<\/li>\n<li>Cylindr\u00e9e : 452 cm3<\/li>\n<li>Puissance : 8.7 kW ; 11.82 Cv<\/li>\n<li>Largeur de coupe de la tondeuse : 97 cm<\/li>\n<li>Transmission hydrostatique par levier<\/li>\n<li>6 positions de coupe : 38-102 cm<\/li>\n<\/ul>\n<div class=\"titre-sections titre-sections-left\">\n<h2>LES \u00ab\u00a0PLUS\u00a0\u00bb DU PRODUIT<\/h2>\n<\/div>\n<ul>\n<li>Autoport\u00e9e tr\u00e8s maniable<\/li>\n<li>Tracteur de pelouse \u00e0 \u00e9jection lat\u00e9rale<\/li>\n<li>Embrayage des lames manuel<\/li>\n<li>Deux lames Husqvarna<\/li>\n<li>Essieu avant en acier<\/li>\n<li>\u00c9quip\u00e9e de phares<\/li>\n<li>Kit Mulching en option<\/li>\n<\/ul>","protected":false},"excerpt":{"rendered":"<div class=\"short-description\">\n<div class=\"std\">La tondeuse autoport\u00e9e HUSQVARNA TS 138 L fait partie de la gamme de tracteurs tondeuses \u00e0 \u00e9jection lat\u00e9rale HUSQVARNA TS s\u00e9rie 100. Cette tondeuse \u00e0 un carter de coupe de 97 cm et un moteur Husqvarna OHV 452 CC. Le tracteur de pelouse TS138 L est \u00e9quip\u00e9 de 2 lames \u00e0 embrayage manuel.<\/div>\n<\/div>\n<div class=\"hui-box hui-spacing--sm-py-4-times-4 hui-spacing--lg-py-4-times-6 hui-flexbox--sm-flex-wrap-nowrap hui-flexbox--container hbd-product-aside__group\">\n<div class=\"hui-box hui-spacing--sm-mr-4-times-4 hui-flexbox--sm-justify-content-flex-end hui-flexbox--sm-flex-direction-column hui-flexbox--sm-flex-grow-1 hui-flexbox--sm-flex-basis-0 hui-flexbox--container\">\n<h6 class=\"UfdqJK35zahAOgLUGQXGwg==\">Cylindr\u00e9e :\u00a0<span class=\"K2PbruRyOKhyQZiENIYSog==\">452 cm\u00b3<\/span><\/h6>\n<\/div>\n<div class=\"hui-box hui-spacing--sm-mr-4-times-4 hui-flexbox--sm-justify-content-flex-end hui-flexbox--sm-flex-direction-column hui-flexbox--sm-flex-grow-1 hui-flexbox--sm-flex-basis-0 hui-flexbox--container\">\n<h6 class=\"UfdqJK35zahAOgLUGQXGwg==\">Puissance nette au r\u00e9gime pr\u00e9s\u00e9lectionn\u00e9 :\u00a0<span class=\"K2PbruRyOKhyQZiENIYSog==\">8,9 kW<\/span><\/h6>\n<\/div>\n<\/div>","protected":false},"featured_media":1151,"template":"","meta":[],"product_brand":[41],"product_cat":[67],"product_tag":[],"class_list":{"0":"post-1189","1":"product","2":"type-product","3":"status-publish","4":"has-post-thumbnail","6":"product_brand-husqvarna","7":"product_cat-autoportees","9":"first","10":"instock","11":"taxable","12":"shipping-taxable","13":"purchasable","14":"product-type-simple"},"_links":{"self":[{"href":"https:\/\/robot-tonde-aspir.ch\/de\/wp-json\/wp\/v2\/product\/1189","targetHints":{"allow":["GET"]}}],"collection":[{"href":"https:\/\/robot-tonde-aspir.ch\/de\/wp-json\/wp\/v2\/product"}],"about":[{"href":"https:\/\/robot-tonde-aspir.ch\/de\/wp-json\/wp\/v2\/types\/product"}],"version-history":[{"count":1,"href":"https:\/\/robot-tonde-aspir.ch\/de\/wp-json\/wp\/v2\/product\/1189\/revisions"}],"predecessor-version":[{"id":1224,"href":"https:\/\/robot-tonde-aspir.ch\/de\/wp-json\/wp\/v2\/product\/1189\/revisions\/1224"}],"wp:featuredmedia":[{"embeddable":true,"href":"https:\/\/robot-tonde-aspir.ch\/de\/wp-json\/wp\/v2\/media\/1151"}],"wp:attachment":[{"href":"https:\/\/robot-tonde-aspir.ch\/de\/wp-json\/wp\/v2\/media?parent=1189"}],"wp:term":[{"taxonomy":"product_brand","embeddable":true,"href":"https:\/\/robot-tonde-aspir.ch\/de\/wp-json\/wp\/v2\/product_brand?post=1189"},{"taxonomy":"product_cat","embeddable":true,"href":"https:\/\/robot-tonde-aspir.ch\/de\/wp-json\/wp\/v2\/product_cat?post=1189"},{"taxonomy":"product_tag","embeddable":true,"href":"https:\/\/robot-tonde-aspir.ch\/de\/wp-json\/wp\/v2\/product_tag?post=1189"}],"curies":[{"name":"wp","href":"https:\/\/api.w.org\/{rel}","templated":true}]}}