{"id":1193,"date":"2026-02-08T22:18:27","date_gmt":"2026-02-08T21:18:27","guid":{"rendered":"https:\/\/robot-tonde-aspir.ch\/?post_type=product&#038;p=1193"},"modified":"2026-02-09T21:10:48","modified_gmt":"2026-02-09T20:10:48","slug":"tondeuse-autoportee-husqvarna-tc-342-t-2","status":"publish","type":"product","link":"https:\/\/robot-tonde-aspir.ch\/de\/product\/tondeuse-autoportee-husqvarna-tc-342-t-2\/","title":{"rendered":"Tondeuse Autoport\u00e9e HUSQVARNA TC 342 T"},"content":{"rendered":"<div class=\"product-carac\">\n<div class=\"titre-sections titre-sections-left\">\n<h2>caract\u00e9ristiques techniques<\/h2>\n<\/div>\n<ul>\n<li>Tondeuse Autoport\u00e9e HUSQVARNA TC 342 T<\/li>\n<li>Tondeuse Tracteur Husqvarna TC 342 T en 107 cm<\/li>\n<li>S\u00e9rie 300<\/li>\n<li>Moteur 4 temps fonctionnant \u00e0 l\u2019essence<\/li>\n<li>Moteur Kawasaki FR 651 V Twin<\/li>\n<li>Cylindr\u00e9e : 726 cm3 ; Moteur bi-cylindres<\/li>\n<li>Puissance : 13.5 kW ; 18.34 Cv<\/li>\n<li>Largeur de coupe de la tondeuse : 107 cm<\/li>\n<li>Transmission hydrostatique au pied<\/li>\n<li>Positions de coupe infinie entre 38 \u2013 102 mm<\/li>\n<\/ul>\n<\/div>\n<div class=\"product-avantages\">\n<div class=\"titre-sections titre-sections-left\">\n<h2>Les \u00ab\u00a0Plus\u00a0\u00bb du produit<\/h2>\n<\/div>\n<ul>\n<li>Autoport\u00e9e tr\u00e8s maniable et puissante<\/li>\n<li>Equip\u00e9e d\u2019un bac de ramassage de 320 L<\/li>\n<li>Embrayage des lames \u00e9lectromagn\u00e9tique<\/li>\n<li>Deux lames Husqvarna Bifonction : Ramassage &amp; broyage<\/li>\n<li>Carter de coupe \u00e9quip\u00e9 de 4 roulettes<\/li>\n<li>Equip\u00e9 d\u2019un Pare-chocs moteur renforc\u00e9<\/li>\n<li>Essieu avant en Fonte<\/li>\n<li>\u00c9quip\u00e9e de phares<\/li>\n<li>Fonction mulching sans quitter le si\u00e8ge<\/li>\n<li>R\u00e9gulateur de vitesse (Cruise Control Husqvarna)<\/li>\n<\/ul>\n<\/div>","protected":false},"excerpt":{"rendered":"<p>La tondeuse autoport\u00e9e HUSQVARNA TC 342 T fait partie de la gamme de tracteurs tondeuses \u00e0 bac arri\u00e8re HUSQVARNA TC s\u00e9rie 300. Cette tondeuse \u00e0 un carter de coupe de 107 cm et un moteur bi-cylindre Kawasaki FR641V. Le tracteur de pelouse TC342T est \u00e9quip\u00e9 de 2 lames bifonctontions.<\/p>","protected":false},"featured_media":1156,"template":"","meta":[],"product_brand":[41],"product_cat":[67],"product_tag":[],"class_list":{"0":"post-1193","1":"product","2":"type-product","3":"status-publish","4":"has-post-thumbnail","6":"product_brand-husqvarna","7":"product_cat-autoportees","9":"first","10":"instock","11":"taxable","12":"shipping-taxable","13":"purchasable","14":"product-type-simple"},"_links":{"self":[{"href":"https:\/\/robot-tonde-aspir.ch\/de\/wp-json\/wp\/v2\/product\/1193","targetHints":{"allow":["GET"]}}],"collection":[{"href":"https:\/\/robot-tonde-aspir.ch\/de\/wp-json\/wp\/v2\/product"}],"about":[{"href":"https:\/\/robot-tonde-aspir.ch\/de\/wp-json\/wp\/v2\/types\/product"}],"version-history":[{"count":1,"href":"https:\/\/robot-tonde-aspir.ch\/de\/wp-json\/wp\/v2\/product\/1193\/revisions"}],"predecessor-version":[{"id":1229,"href":"https:\/\/robot-tonde-aspir.ch\/de\/wp-json\/wp\/v2\/product\/1193\/revisions\/1229"}],"wp:featuredmedia":[{"embeddable":true,"href":"https:\/\/robot-tonde-aspir.ch\/de\/wp-json\/wp\/v2\/media\/1156"}],"wp:attachment":[{"href":"https:\/\/robot-tonde-aspir.ch\/de\/wp-json\/wp\/v2\/media?parent=1193"}],"wp:term":[{"taxonomy":"product_brand","embeddable":true,"href":"https:\/\/robot-tonde-aspir.ch\/de\/wp-json\/wp\/v2\/product_brand?post=1193"},{"taxonomy":"product_cat","embeddable":true,"href":"https:\/\/robot-tonde-aspir.ch\/de\/wp-json\/wp\/v2\/product_cat?post=1193"},{"taxonomy":"product_tag","embeddable":true,"href":"https:\/\/robot-tonde-aspir.ch\/de\/wp-json\/wp\/v2\/product_tag?post=1193"}],"curies":[{"name":"wp","href":"https:\/\/api.w.org\/{rel}","templated":true}]}}