{"id":1196,"date":"2026-02-08T22:18:27","date_gmt":"2026-02-08T21:18:27","guid":{"rendered":"https:\/\/robot-tonde-aspir.ch\/?post_type=product&#038;p=1196"},"modified":"2026-02-08T22:18:40","modified_gmt":"2026-02-08T21:18:40","slug":"tondeuse-autoportee-ejection-arriere-at1-66-hcb-alpina","status":"publish","type":"product","link":"https:\/\/robot-tonde-aspir.ch\/de\/product\/tondeuse-autoportee-ejection-arriere-at1-66-hcb-alpina\/","title":{"rendered":"TONDEUSE AUTOPORT\u00c9E \u00c9JECTION ARRI\u00c8RE AT1 66 HCB \u2013 ALPINA"},"content":{"rendered":"<p>Cette autoport\u00e9e de chez Alpina convient pour des zones allant jusqu\u2019\u00e0 1500 m\u00b2. Elle est capable de contourner sans probl\u00e8me les obstacles, le Alpina AT1 66 HCB est un tracteur compact et est equip\u00e9 d\u2019un collecteur d\u2019herbe de 150 L. Avec un volant ergonomique et un si\u00e8ge de dossier haut, vous serez assis confortablement lors de son utilisation.<br \/>\nCaract\u00e9ristiques techniques :<br \/>\n\u2013 Moteur Briggs &amp; Stratton Series 950 E-Series ES de 223 cc<br \/>\n\u2013 Puissance moteur : 3.3 kW<br \/>\n\u2013 1 cylindre<br \/>\n\u2013 Syst\u00e8me de refroidissement : \u00e0 air<br \/>\n\u2013 R\u00e9gime moteur en tour\/minute (rpm) : 2450 rpm<br \/>\n\u2013 R\u00e9servoir essence : 3.8 L<br \/>\n\u2013 Tension de la batterie : 12 V<br \/>\n\u2013 Capacit\u00e9 de la batterie : 9 Ah<br \/>\n\u2013 Etrangleur : manuel<br \/>\n\u2013 Syst\u00e8me de refroidissement du moteur : air<br \/>\n\u2013 Niveau sonore : 98 dB<br \/>\n\u2013 Transmission : contr\u00f4le hydrostatique<br \/>\n\u2013 Mode de transmission : par bouton<br \/>\n\u2013 Traction : roues arri\u00e8re motrices<br \/>\n\u2013 Vitesse maximale : 6.2 km\/h<br \/>\n\u2013 Dimensions roues avant\/arri\u00e8re : 13\u00d75.00-6 \/ 15\u00d75.50-8<br \/>\n\u2013 Angle de braquage : 155 cm<br \/>\n\u2013 Dimensions autoport\u00e9e : L 183 x l 72.5 x h 108.5 cm<br \/>\n\u2013 Poids : 129 kg<br \/>\nCaract\u00e9ristiques produit :<br \/>\n\u2013 Syst\u00e8me de coupe : ramassage et mulching<br \/>\n\u2013 Bac de ramassage textile 150 L<br \/>\n\u2013 Vidage du bac : manuel<br \/>\n\u2013 Volant ergonomique<br \/>\n\u2013 Embout de nettoyage<br \/>\n\u2013 Chargeur de batterie inclus<br \/>\n\u2013 Largeur de coupe : 66 cm<br \/>\n\u2013 Coupe inverse : oui<br \/>\n\u2013 6 hauteurs de coupe de 30 \u00e0 80 mm<br \/>\n\u2013 R\u00e9glage hauteur de coupe : manuel avec levier<br \/>\n\u2013 Volant : Alpina ergonomique<br \/>\n\u2013 Type de si\u00e8ge : Alpina classique<br \/>\n\u2013 R\u00e9glage du si\u00e8ge par vis<br \/>\n\u2013 Syst\u00e8me de s\u00e9curit\u00e9 : si\u00e8ge avec disjoncteur de s\u00e9curit\u00e9 (Safety Contact Breaker)<br \/>\n\u2013 1 lame<br \/>\n\u2013 Kit mulching : optionnel<br \/>\n\u2013 Enclenchement des lames : manuel<br \/>\n\u2013 Surface de tonte conseill\u00e9e : jusqu\u2019\u00e0 1 500 m\u00b2<br \/>\nCette autoport\u00e9e est compacte et simple d\u2019utilisation. La tondeuse Alpina AT1 66 HCB est \u00e9quip\u00e9e d\u2019un moteur thermique Briggs &amp; Stratton 950 d\u2019une puissance nette de 3,3 kW \u00e0 2 450 tr\/min. Elle est \u00e9galement \u00e9quip\u00e9e d\u2019un carter de 66 cm pouvant \u00eatre facilement r\u00e9gl\u00e9 \u00e0 l\u2019aide d\u2019un levier sur 6 hauteurs de coupe allant de 30 \u00e0 76 mm.<br \/>\nLa tondeuse AT1 66 HCB peut \u00eatre utilis\u00e9e pour r\u00e9cup\u00e9rer l\u2019herbe coup\u00e9e dans le bac de ramassage arri\u00e8re de 150 litres ou pour broyer l\u2019herbe ramass\u00e9e en mode mulching gr\u00e2ce au kit mulching en option. Chargeur de batterie inclus.<br \/>\nBriggs &amp; Stratton est l\u2019un des plus importants producteurs de moteur \u00e0 essence pour le plein air. De conception et de fabrication am\u00e9ricaine, les moteurs Briggs &amp; Stratton sont des produits fiables et puissants.<br \/>\nAlpina, marque italienne, propose une gamme compl\u00e8te de tondeuses \u00e0 gazon et de tracteurs de jardin, ainsi que des produits de jardinage compl\u00e9mentaires tels que tron\u00e7onneuses, d\u00e9broussailleuses, taille-haies, coupe-bordures, souffleurs, scarificateurs, motoculteurs et fraises \u00e0 neige. Fond\u00e9e en 1960 \u00e0 Santa Lucia di Piave (Tr\u00e9vise), Alpina se consacre depuis pr\u00e8s de 60 ans au march\u00e9 du jardin afin de proposer aux consommateurs des produits fiables et aux performances exceptionnelles.<\/p>","protected":false},"excerpt":{"rendered":"<p>Surface conseill\u00e9e entre 1000-2000 m2<br \/>\nMoteur BRIGGS&amp;STRATTON<br \/>\nBac de ramassage 150 L<br \/>\n\u2022 Garantie 2 ans<br \/>\n\u2022 LIVRAISON \u00c0 DOMICILE OFFERTE<\/p>","protected":false},"featured_media":1232,"template":"","meta":[],"product_brand":[56],"product_cat":[67],"product_tag":[],"class_list":{"0":"post-1196","1":"product","2":"type-product","3":"status-publish","4":"has-post-thumbnail","6":"product_brand-efco","7":"product_cat-autoportees","9":"first","10":"instock","11":"taxable","12":"shipping-taxable","13":"purchasable","14":"product-type-simple"},"_links":{"self":[{"href":"https:\/\/robot-tonde-aspir.ch\/de\/wp-json\/wp\/v2\/product\/1196","targetHints":{"allow":["GET"]}}],"collection":[{"href":"https:\/\/robot-tonde-aspir.ch\/de\/wp-json\/wp\/v2\/product"}],"about":[{"href":"https:\/\/robot-tonde-aspir.ch\/de\/wp-json\/wp\/v2\/types\/product"}],"version-history":[{"count":1,"href":"https:\/\/robot-tonde-aspir.ch\/de\/wp-json\/wp\/v2\/product\/1196\/revisions"}],"predecessor-version":[{"id":1233,"href":"https:\/\/robot-tonde-aspir.ch\/de\/wp-json\/wp\/v2\/product\/1196\/revisions\/1233"}],"wp:featuredmedia":[{"embeddable":true,"href":"https:\/\/robot-tonde-aspir.ch\/de\/wp-json\/wp\/v2\/media\/1232"}],"wp:attachment":[{"href":"https:\/\/robot-tonde-aspir.ch\/de\/wp-json\/wp\/v2\/media?parent=1196"}],"wp:term":[{"taxonomy":"product_brand","embeddable":true,"href":"https:\/\/robot-tonde-aspir.ch\/de\/wp-json\/wp\/v2\/product_brand?post=1196"},{"taxonomy":"product_cat","embeddable":true,"href":"https:\/\/robot-tonde-aspir.ch\/de\/wp-json\/wp\/v2\/product_cat?post=1196"},{"taxonomy":"product_tag","embeddable":true,"href":"https:\/\/robot-tonde-aspir.ch\/de\/wp-json\/wp\/v2\/product_tag?post=1196"}],"curies":[{"name":"wp","href":"https:\/\/api.w.org\/{rel}","templated":true}]}}