{"id":1198,"date":"2026-02-08T22:18:27","date_gmt":"2026-02-08T21:18:27","guid":{"rendered":"https:\/\/robot-tonde-aspir.ch\/?post_type=product&#038;p=1198"},"modified":"2026-02-08T22:18:47","modified_gmt":"2026-02-08T21:18:47","slug":"tondeuse-autoportee-at2-66-qa","status":"publish","type":"product","link":"https:\/\/robot-tonde-aspir.ch\/de\/product\/tondeuse-autoportee-at2-66-qa\/","title":{"rendered":"Tondeuse autoport\u00e9e AT2 66 QA"},"content":{"rendered":"<p>AT2 66 QA est un v\u00e9hicule compact qui se d\u00e9marque par sa maniabilit\u00e9 et saura \u00eatre un plaisir de conduite! Un moteur monocylindre STIGA 224 cm3 ST 250 ES est fourni avec une puissance de 3,6 kW. La conception OHV signifie que vous profiterez d\u2019un fonctionnement silencieux et peu polluant et de co\u00fbts de carburant agr\u00e9ablement bas. L\u2019AT2 66 QA, offre une polyvalence sans pareille et dispose d\u2019un r\u00e9glage de la hauteur de coupe \u00e0 cinq positions.<br \/>\nLe volant ergonomique Alpina et le si\u00e8ge Alpina Smart avec support au bas du dos offrent un confort de conduite sup\u00e9rieur.<\/p>","protected":false},"excerpt":{"rendered":"<p>Cette tondeuse autoport\u00e9e de 66 cm de coupe est une machine qu 4 en 1 dot\u00e9e d\u2019un moteur hautes performances STIGA OHV. Les options de coupe sont les suivantes: ramassage; le mulching; \u00e9jection lat\u00e9rale. Ramassage, ej\u00e9ction lat\u00e9rale en option<\/p>","protected":false},"featured_media":1238,"template":"","meta":[],"product_brand":[],"product_cat":[67],"product_tag":[],"class_list":{"0":"post-1198","1":"product","2":"type-product","3":"status-publish","4":"has-post-thumbnail","6":"product_cat-autoportees","8":"first","9":"instock","10":"taxable","11":"shipping-taxable","12":"purchasable","13":"product-type-simple"},"_links":{"self":[{"href":"https:\/\/robot-tonde-aspir.ch\/de\/wp-json\/wp\/v2\/product\/1198","targetHints":{"allow":["GET"]}}],"collection":[{"href":"https:\/\/robot-tonde-aspir.ch\/de\/wp-json\/wp\/v2\/product"}],"about":[{"href":"https:\/\/robot-tonde-aspir.ch\/de\/wp-json\/wp\/v2\/types\/product"}],"version-history":[{"count":1,"href":"https:\/\/robot-tonde-aspir.ch\/de\/wp-json\/wp\/v2\/product\/1198\/revisions"}],"predecessor-version":[{"id":1239,"href":"https:\/\/robot-tonde-aspir.ch\/de\/wp-json\/wp\/v2\/product\/1198\/revisions\/1239"}],"wp:featuredmedia":[{"embeddable":true,"href":"https:\/\/robot-tonde-aspir.ch\/de\/wp-json\/wp\/v2\/media\/1238"}],"wp:attachment":[{"href":"https:\/\/robot-tonde-aspir.ch\/de\/wp-json\/wp\/v2\/media?parent=1198"}],"wp:term":[{"taxonomy":"product_brand","embeddable":true,"href":"https:\/\/robot-tonde-aspir.ch\/de\/wp-json\/wp\/v2\/product_brand?post=1198"},{"taxonomy":"product_cat","embeddable":true,"href":"https:\/\/robot-tonde-aspir.ch\/de\/wp-json\/wp\/v2\/product_cat?post=1198"},{"taxonomy":"product_tag","embeddable":true,"href":"https:\/\/robot-tonde-aspir.ch\/de\/wp-json\/wp\/v2\/product_tag?post=1198"}],"curies":[{"name":"wp","href":"https:\/\/api.w.org\/{rel}","templated":true}]}}