{"id":1200,"date":"2026-02-08T22:18:27","date_gmt":"2026-02-08T21:18:27","guid":{"rendered":"https:\/\/robot-tonde-aspir.ch\/?post_type=product&#038;p=1200"},"modified":"2026-02-08T22:18:51","modified_gmt":"2026-02-08T21:18:51","slug":"tracteur-de-jardin-electrique-alpinaat3-98-li","status":"publish","type":"product","link":"https:\/\/robot-tonde-aspir.ch\/de\/product\/tracteur-de-jardin-electrique-alpinaat3-98-li\/","title":{"rendered":"Tracteur de jardin \u00e9lectrique AlpinaAT3 98 Li"},"content":{"rendered":"<p>Obtenez une puissance et des performances \u00e9quivalentes \u00e0 celles des moteurs thermiques, sans pratiquement aucun besoin de maintenance, gr\u00e2ce au tracteur de jardin \u00e9lectrique Alpina AT3 98 Li !<br \/>\nAu lieu d\u2019un moteur \u00e0 essence polluant et bruyant, le AT3 98 Li utilise une batterie lithium-ion 48 V de derni\u00e8re g\u00e9n\u00e9ration qui offre une autonomie d\u2019environ 1 800 m\u00b2 avec une seule charge, et atteint sa pleine capacit\u00e9 en seulement 2,5 heures avec le chargeur rapide en option*.<br \/>\nAu lieu de ramasser l\u2019herbe coup\u00e9e, ce qui rallongerait consid\u00e9rablement le temps n\u00e9cessaire \u00e0 la tonte, le AT3 98 Li permet d\u2019acc\u00e9l\u00e9rer la t\u00e2che en l\u2019\u00e9jectant sur le c\u00f4t\u00e9. Ce qui en fait une solution id\u00e9ale pour les pelouses particuli\u00e8rement hautes, dont l\u2019herbe est difficile \u00e0 ramasser dans un bac.<br \/>\nGr\u00e2ce \u00e0 sa bo\u00eete-pont de transmission, le AT3 98 Li garantit une acc\u00e9l\u00e9ration r\u00e9active, en douceur, aussi bien en marche avant qu\u2019en arri\u00e8re, et permet ainsi une meilleure maniabilit\u00e9, particuli\u00e8rement utile pour contourner en toute s\u00e9curit\u00e9 et avec pr\u00e9cision les obstacles et recoins difficiles du jardin.<br \/>\nLe si\u00e8ge Alpina Smart et le volant Alpina Ergonomic garantissent \u00e0 l\u2019utilisateur le plus grand confort de conduite, tandis que l\u2019enclenchement \u00e9lectromagn\u00e9tique assure la mise en marche et l\u2019arr\u00eat des lames en appuyant sur un simple bouton.<br \/>\nLa protection IP du syst\u00e8me \u00e9lectrique et des moteurs permet de nettoyer la partie inf\u00e9rieure du carter du AT3 98 Li \u00e0 l\u2019eau, gr\u00e2ce \u00e0 un raccord de flexible tr\u00e8s pratique.<br \/>\nLe poste de pilotage du AT3 98 A est pourvue de nombreuses fonctionnalit\u00e9s utiles, comme un indicateur d\u2019\u00e9tat de la batterie \u00e0 cinq LED et une alarme d\u2019\u00e9tat de la batterie \u00e0 une LED, ou encore un support de t\u00e9l\u00e9phone portable et un port USB.<br \/>\nCe mod\u00e8le \u00e0 haut rendement, de 98 cm, est capable d\u2019atteindre une vitesse de 8,5 km\/h. Il peut \u00eatre par ailleurs accoupl\u00e9 \u00e0 un kit mulching en option.<br \/>\n* Avec le chargeur rapide en option<\/p>","protected":false},"excerpt":{"rendered":"<div class=\"woocommerce-product-details__short-description\">\n<div class=\"woocommerce-product-details__short-description\">\n<p>Un tracteur de jardin \u00e9lectrique \u00e0 \u00e9jection lat\u00e9rale de 48 V aliment\u00e9 par batterie Li-ion et offrant une largeur de coupe de 98 cm. Id\u00e9al pour des parcelles de l\u2019ordre de 3500 m\u00b2.<\/p>\n<\/div>\n<form class=\"cart\" action=\"https:\/\/www.tondeusesenpromo.com\/produit\/at3-98-li\/\" enctype=\"multipart\/form-data\" method=\"post\">\n<div class=\"quantity\"><\/div>\n<\/form>\n<\/div>\n<form class=\"cart\" action=\"https:\/\/vert-fleur.com\/index.php\/produit\/tracteur-de-jardin-electrique-alpinaat3-98-li\/\" enctype=\"multipart\/form-data\" method=\"post\">\n<div class=\"quantity\"><\/div>\n<\/form>","protected":false},"featured_media":1244,"template":"","meta":[],"product_brand":[],"product_cat":[67],"product_tag":[],"class_list":{"0":"post-1200","1":"product","2":"type-product","3":"status-publish","4":"has-post-thumbnail","6":"product_cat-autoportees","8":"first","9":"instock","10":"taxable","11":"shipping-taxable","12":"purchasable","13":"product-type-simple"},"_links":{"self":[{"href":"https:\/\/robot-tonde-aspir.ch\/de\/wp-json\/wp\/v2\/product\/1200","targetHints":{"allow":["GET"]}}],"collection":[{"href":"https:\/\/robot-tonde-aspir.ch\/de\/wp-json\/wp\/v2\/product"}],"about":[{"href":"https:\/\/robot-tonde-aspir.ch\/de\/wp-json\/wp\/v2\/types\/product"}],"version-history":[{"count":1,"href":"https:\/\/robot-tonde-aspir.ch\/de\/wp-json\/wp\/v2\/product\/1200\/revisions"}],"predecessor-version":[{"id":1245,"href":"https:\/\/robot-tonde-aspir.ch\/de\/wp-json\/wp\/v2\/product\/1200\/revisions\/1245"}],"wp:featuredmedia":[{"embeddable":true,"href":"https:\/\/robot-tonde-aspir.ch\/de\/wp-json\/wp\/v2\/media\/1244"}],"wp:attachment":[{"href":"https:\/\/robot-tonde-aspir.ch\/de\/wp-json\/wp\/v2\/media?parent=1200"}],"wp:term":[{"taxonomy":"product_brand","embeddable":true,"href":"https:\/\/robot-tonde-aspir.ch\/de\/wp-json\/wp\/v2\/product_brand?post=1200"},{"taxonomy":"product_cat","embeddable":true,"href":"https:\/\/robot-tonde-aspir.ch\/de\/wp-json\/wp\/v2\/product_cat?post=1200"},{"taxonomy":"product_tag","embeddable":true,"href":"https:\/\/robot-tonde-aspir.ch\/de\/wp-json\/wp\/v2\/product_tag?post=1200"}],"curies":[{"name":"wp","href":"https:\/\/api.w.org\/{rel}","templated":true}]}}