{"id":1201,"date":"2026-02-08T22:18:27","date_gmt":"2026-02-08T21:18:27","guid":{"rendered":"https:\/\/robot-tonde-aspir.ch\/?post_type=product&#038;p=1201"},"modified":"2026-02-08T22:18:54","modified_gmt":"2026-02-08T21:18:54","slug":"tondeuse-autoportee-blizzard-92-16-kh","status":"publish","type":"product","link":"https:\/\/robot-tonde-aspir.ch\/de\/product\/tondeuse-autoportee-blizzard-92-16-kh\/","title":{"rendered":"Tondeuse autoport\u00e9e BLIZZARD 92 \/ 16 KH"},"content":{"rendered":"<p><strong>Moteur :<\/strong>\u00a0EMAK K 1600 AVD<br \/>\n<strong>Puissance :<\/strong>\u00a016 ch<br \/>\n<strong>Cylindr\u00e9e :<\/strong>\u00a0452 cm<sup>3<\/sup><br \/>\n<strong>Largeur de coupe :<\/strong>\u00a0102 cm<br \/>\n<strong>Transmission :<\/strong>\u00a0hydrostatique<br \/>\n<strong>Embrayage \u00e9lectromagn\u00e9tique :<\/strong>\u00a0de s\u00e9rie<br \/>\n<strong>Contenance du bac :<\/strong>\u00a0320 L<br \/>\n<strong>Compteur horaire :<\/strong>\u00a0de s\u00e9rie<br \/>\n<strong>Attelage remorque :<\/strong>\u00a0en option<br \/>\n<strong>D\u00e9flecteur arri\u00e8re :<\/strong>\u00a0en option<br \/>\n<strong>Obturateur mulching :<\/strong>\u00a0\u2013<br \/>\n<strong>Raccord nettoyage :<\/strong>\u00a0de s\u00e9rie<br \/>\n<strong>Chargeur de batterie :<\/strong>\u00a0en option<br \/>\n<strong>Dimensions roues (Avant\/Arri\u00e8re) :<\/strong>\u00a016\u2033 x 6,50 \u2013 8\u2033 \/ 20\u2033 x 10 \u2013 8\u2033<br \/>\n<strong>Dimensions hors tout (L x l x h) :<\/strong>\u00a0242 x 106 x 116 cm<br \/>\n<strong>Surface recommand\u00e9e :<\/strong>\u00a0jusqu\u2019\u00e0 7 000 m<sup>2<\/sup><br \/>\n<strong>Poids :<\/strong>\u00a0271 kg<br \/>\n<strong>Garantie :<\/strong>\u00a02 ans<br \/>\n<strong>Disponibilit\u00e9 des pi\u00e8ces d\u00e9tach\u00e9es :<\/strong>\u00a012 ans<\/p>","protected":false},"excerpt":{"rendered":"<p>Particuli\u00e8rement adapt\u00e9e aux surfaces moyennes (jusqu\u2019\u00e0 5000 m\u00b2), elle est tr\u00e8s maniable gr\u00e2ce \u00e0 son rayon de braquage r\u00e9duit.<\/p>\n<p>Parfaite pour travailler de nombreuses heures sur des grandes surfaces, elle est munie d\u2019une transmission hydrostatique au pied \u00e0 double p\u00e9dale qui permet un avancement homog\u00e8ne et continu en toute situation.<\/p>\n<p>Le syst\u00e8me d\u2019embrayage \u00e9lectromagn\u00e9tique permet d\u2019enclencher les lames, depuis le tableau de bord, avec pr\u00e9cision et sans \u00e0-coups.<\/p>\n<p>L\u2019acc\u00e8s au r\u00e9servoir de carburant est ais\u00e9 avec une large goulotte de remplissage.<\/p>\n<p>La batterie, install\u00e9e sous le volant est facilement accessible.<\/p>","protected":false},"featured_media":1247,"template":"","meta":[],"product_brand":[],"product_cat":[67],"product_tag":[],"class_list":{"0":"post-1201","1":"product","2":"type-product","3":"status-publish","4":"has-post-thumbnail","6":"product_cat-autoportees","8":"first","9":"instock","10":"taxable","11":"shipping-taxable","12":"purchasable","13":"product-type-simple"},"_links":{"self":[{"href":"https:\/\/robot-tonde-aspir.ch\/de\/wp-json\/wp\/v2\/product\/1201","targetHints":{"allow":["GET"]}}],"collection":[{"href":"https:\/\/robot-tonde-aspir.ch\/de\/wp-json\/wp\/v2\/product"}],"about":[{"href":"https:\/\/robot-tonde-aspir.ch\/de\/wp-json\/wp\/v2\/types\/product"}],"version-history":[{"count":1,"href":"https:\/\/robot-tonde-aspir.ch\/de\/wp-json\/wp\/v2\/product\/1201\/revisions"}],"predecessor-version":[{"id":1248,"href":"https:\/\/robot-tonde-aspir.ch\/de\/wp-json\/wp\/v2\/product\/1201\/revisions\/1248"}],"wp:featuredmedia":[{"embeddable":true,"href":"https:\/\/robot-tonde-aspir.ch\/de\/wp-json\/wp\/v2\/media\/1247"}],"wp:attachment":[{"href":"https:\/\/robot-tonde-aspir.ch\/de\/wp-json\/wp\/v2\/media?parent=1201"}],"wp:term":[{"taxonomy":"product_brand","embeddable":true,"href":"https:\/\/robot-tonde-aspir.ch\/de\/wp-json\/wp\/v2\/product_brand?post=1201"},{"taxonomy":"product_cat","embeddable":true,"href":"https:\/\/robot-tonde-aspir.ch\/de\/wp-json\/wp\/v2\/product_cat?post=1201"},{"taxonomy":"product_tag","embeddable":true,"href":"https:\/\/robot-tonde-aspir.ch\/de\/wp-json\/wp\/v2\/product_tag?post=1201"}],"curies":[{"name":"wp","href":"https:\/\/api.w.org\/{rel}","templated":true}]}}