{"id":1202,"date":"2026-02-08T22:18:27","date_gmt":"2026-02-08T21:18:27","guid":{"rendered":"https:\/\/robot-tonde-aspir.ch\/?post_type=product&#038;p=1202"},"modified":"2026-02-08T22:18:56","modified_gmt":"2026-02-08T21:18:56","slug":"tondeuse-autoportee-rafale-84-145-kh","status":"publish","type":"product","link":"https:\/\/robot-tonde-aspir.ch\/de\/product\/tondeuse-autoportee-rafale-84-145-kh\/","title":{"rendered":"Tondeuse autoport\u00e9e RAFALE 84 \/ 14,5 KH"},"content":{"rendered":"<p><strong>Moteur :<\/strong>\u00a0EMAK K 1450 AVD<br \/>\n<strong>Puissance :<\/strong>\u00a014,5 ch<br \/>\n<strong>Cylindr\u00e9e :<\/strong>\u00a0432 cm<sup>3<\/sup><br \/>\n<strong>Largeur de coupe :<\/strong>\u00a083 cm<br \/>\n<strong>Transmission :<\/strong>\u00a0hydrostatique<br \/>\n<strong>Embrayage \u00e9lectromagn\u00e9tique :<\/strong>\u00a0de s\u00e9rie<br \/>\n<strong>Contenance du bac :<\/strong>\u00a0240 L<br \/>\n<strong>Attelage remorque :<\/strong>\u00a0en option<br \/>\n<strong>D\u00e9flecteur arri\u00e8re :<\/strong>\u00a0en option<br \/>\n<strong>Obturateur mulching :<\/strong>\u00a0de s\u00e9rie<br \/>\n<strong>Raccord nettoyage :<\/strong>\u00a0de s\u00e9rie<br \/>\n<strong>Chargeur de batterie :<\/strong>\u00a0de s\u00e9rie<br \/>\n<strong>Dimensions roues (Avant\/Arri\u00e8re) :<\/strong>\u00a015\u2033 x 6 \u2013 6\u2033 \/ 18\u2033 x 8,5 \u2013 8\u2033<br \/>\n<strong>Dimensions hors tout (L x l x h) :<\/strong>\u00a0234 x 90 x 109 cm<br \/>\n<strong>Surface recommand\u00e9e :<\/strong>\u00a0jusqu\u2019\u00e0 4 000 m<sup>2<\/sup><br \/>\n<strong>Poids :<\/strong>\u00a0180 kg<br \/>\n<strong>Garantie :\u00a0<\/strong>2 ans<br \/>\n<strong>Disponibilit\u00e9 des pi\u00e8ces d\u00e9tach\u00e9es :<\/strong>\u00a012 ans<\/p>","protected":false},"excerpt":{"rendered":"<p>L\u2019autoport\u00e9e RAFALE 84 \/ 14,5 KH offre un grand confort d\u2019utilisation gr\u00e2ce aux commandes facilement accessibles depuis le poste de conduite.<\/p>\n<p>Elle dispose d\u2019un syst\u00e8me de coupe 3 en 1 (ramassage, \u00e9jection arri\u00e8re et mulching) et d\u2019une largeur de coupe de 83 cm.<\/p>\n<p>La transmission hydrostatique permet une r\u00e9glage progressif de la vitesse et une marche lin\u00e9aire.<\/p>\n<p>Le syst\u00e8me d\u2019enclenchement des lames \u00e0 embrayage \u00e9lectromagn\u00e9tique s\u2019engage facilement et assure l\u2019absence d\u2019\u00e0-coups.<\/p>","protected":false},"featured_media":1250,"template":"","meta":[],"product_brand":[],"product_cat":[67],"product_tag":[],"class_list":{"0":"post-1202","1":"product","2":"type-product","3":"status-publish","4":"has-post-thumbnail","6":"product_cat-autoportees","8":"first","9":"instock","10":"taxable","11":"shipping-taxable","12":"purchasable","13":"product-type-simple"},"_links":{"self":[{"href":"https:\/\/robot-tonde-aspir.ch\/de\/wp-json\/wp\/v2\/product\/1202","targetHints":{"allow":["GET"]}}],"collection":[{"href":"https:\/\/robot-tonde-aspir.ch\/de\/wp-json\/wp\/v2\/product"}],"about":[{"href":"https:\/\/robot-tonde-aspir.ch\/de\/wp-json\/wp\/v2\/types\/product"}],"version-history":[{"count":1,"href":"https:\/\/robot-tonde-aspir.ch\/de\/wp-json\/wp\/v2\/product\/1202\/revisions"}],"predecessor-version":[{"id":1251,"href":"https:\/\/robot-tonde-aspir.ch\/de\/wp-json\/wp\/v2\/product\/1202\/revisions\/1251"}],"wp:featuredmedia":[{"embeddable":true,"href":"https:\/\/robot-tonde-aspir.ch\/de\/wp-json\/wp\/v2\/media\/1250"}],"wp:attachment":[{"href":"https:\/\/robot-tonde-aspir.ch\/de\/wp-json\/wp\/v2\/media?parent=1202"}],"wp:term":[{"taxonomy":"product_brand","embeddable":true,"href":"https:\/\/robot-tonde-aspir.ch\/de\/wp-json\/wp\/v2\/product_brand?post=1202"},{"taxonomy":"product_cat","embeddable":true,"href":"https:\/\/robot-tonde-aspir.ch\/de\/wp-json\/wp\/v2\/product_cat?post=1202"},{"taxonomy":"product_tag","embeddable":true,"href":"https:\/\/robot-tonde-aspir.ch\/de\/wp-json\/wp\/v2\/product_tag?post=1202"}],"curies":[{"name":"wp","href":"https:\/\/api.w.org\/{rel}","templated":true}]}}