{"id":1205,"date":"2026-02-08T22:18:27","date_gmt":"2026-02-08T21:18:27","guid":{"rendered":"https:\/\/robot-tonde-aspir.ch\/?post_type=product&#038;p=1205"},"modified":"2026-02-08T22:19:05","modified_gmt":"2026-02-08T21:19:05","slug":"tondeuse-autoportee-rafale-98-l-125-km","status":"publish","type":"product","link":"https:\/\/robot-tonde-aspir.ch\/de\/product\/tondeuse-autoportee-rafale-98-l-125-km\/","title":{"rendered":"Tondeuse autoport\u00e9e RAFALE 98 L \/ 12,5 KM"},"content":{"rendered":"<p>L\u2019autoport\u00e9e RAFALE 98 L \/ 12,5 KM est adapt\u00e9e aux surfaces moyennes jusqu\u2019\u00e0 5000 m\u00b2, elle est tr\u00e8s maniable gr\u00e2ce \u00e0 son faible encombrement. Sa largeur de coupe est de 98 cm.<\/p>\n<p>Le d\u00e9flecteur d\u2019\u00e9jection lat\u00e9rale permet une r\u00e9partition homog\u00e8ne de l\u2019herbe, pour un aspect propre et une biod\u00e9gradation rapide.<br \/>\nL\u2019obturateur de s\u00e9rie permet une conversion facile en mulching.<\/p>\n<p>La transmission m\u00e9canique offre 5 vitesses avant et une marche arri\u00e8re.<br \/>\nLe syst\u00e8me d\u2019embrayage \u00e9lectromagn\u00e9tique permet d\u2019enclencher les lames depuis le tableau de bord avec pr\u00e9cision et sans-\u00e0-coups<\/p>","protected":false},"excerpt":{"rendered":"<p><strong>Moteur :<\/strong>\u00a0EMAK K 1250 AVD<br \/>\n<strong>Puissance :<\/strong>\u00a012,5 ch<br \/>\n<strong>Cylindr\u00e9e :<\/strong>\u00a0414 cm<sup>3<\/sup><br \/>\n<strong>Largeur de coupe :<\/strong>\u00a098 cm<br \/>\n<strong>Transmission :<\/strong>\u00a0m\u00e9canique<br \/>\n<strong>Embrayage \u00e9lectromagn\u00e9tique :<\/strong>\u00a0de s\u00e9rie<br \/>\n<strong>Attelage remorque :<\/strong>\u00a0en option<br \/>\n<strong>Obturateur mulching :<\/strong>\u00a0de s\u00e9rie<br \/>\n<strong>Raccord nettoyage :<\/strong>\u00a0de s\u00e9rie<br \/>\n<strong>Chargeur de batterie :<\/strong>\u00a0de s\u00e9rie<br \/>\n<strong>Dimensions roues (Avant\/Arri\u00e8re) :<\/strong>\u00a015\u2033 x 5 \u2013 6\u2033 \/ 18\u2033 x 8,5 \u2013 8\u2033<br \/>\n<strong>Dimensions hors tout (L x l x h) :<\/strong>\u00a0164,7 x 119 x 106,8 cm<br \/>\n<strong>Surface recommand\u00e9e :<\/strong>\u00a0jusqu\u2019\u00e0 5 000 m<sup>2<\/sup><br \/>\n<strong>Poids :<\/strong>\u00a0169 kg<br \/>\n<strong>Garantie :<\/strong>\u00a02 ans<br \/>\n<strong>Disponibilit\u00e9 des pi\u00e8ces d\u00e9tach\u00e9es :<\/strong>\u00a012 ans<\/p>","protected":false},"featured_media":1256,"template":"","meta":[],"product_brand":[],"product_cat":[67],"product_tag":[],"class_list":{"0":"post-1205","1":"product","2":"type-product","3":"status-publish","4":"has-post-thumbnail","6":"product_cat-autoportees","8":"first","9":"instock","10":"taxable","11":"shipping-taxable","12":"purchasable","13":"product-type-simple"},"_links":{"self":[{"href":"https:\/\/robot-tonde-aspir.ch\/de\/wp-json\/wp\/v2\/product\/1205","targetHints":{"allow":["GET"]}}],"collection":[{"href":"https:\/\/robot-tonde-aspir.ch\/de\/wp-json\/wp\/v2\/product"}],"about":[{"href":"https:\/\/robot-tonde-aspir.ch\/de\/wp-json\/wp\/v2\/types\/product"}],"version-history":[{"count":1,"href":"https:\/\/robot-tonde-aspir.ch\/de\/wp-json\/wp\/v2\/product\/1205\/revisions"}],"predecessor-version":[{"id":1259,"href":"https:\/\/robot-tonde-aspir.ch\/de\/wp-json\/wp\/v2\/product\/1205\/revisions\/1259"}],"wp:featuredmedia":[{"embeddable":true,"href":"https:\/\/robot-tonde-aspir.ch\/de\/wp-json\/wp\/v2\/media\/1256"}],"wp:attachment":[{"href":"https:\/\/robot-tonde-aspir.ch\/de\/wp-json\/wp\/v2\/media?parent=1205"}],"wp:term":[{"taxonomy":"product_brand","embeddable":true,"href":"https:\/\/robot-tonde-aspir.ch\/de\/wp-json\/wp\/v2\/product_brand?post=1205"},{"taxonomy":"product_cat","embeddable":true,"href":"https:\/\/robot-tonde-aspir.ch\/de\/wp-json\/wp\/v2\/product_cat?post=1205"},{"taxonomy":"product_tag","embeddable":true,"href":"https:\/\/robot-tonde-aspir.ch\/de\/wp-json\/wp\/v2\/product_tag?post=1205"}],"curies":[{"name":"wp","href":"https:\/\/api.w.org\/{rel}","templated":true}]}}