{"id":1270,"date":"2026-02-09T12:40:34","date_gmt":"2026-02-09T11:40:34","guid":{"rendered":"https:\/\/robot-tonde-aspir.ch\/?post_type=product&#038;p=1270"},"modified":"2026-02-09T12:40:34","modified_gmt":"2026-02-09T11:40:34","slug":"husqvarna-automower-430x-nera","status":"publish","type":"product","link":"https:\/\/robot-tonde-aspir.ch\/de\/product\/husqvarna-automower-430x-nera\/","title":{"rendered":"Husqvarna Automower\u00ae 430X NERA"},"content":{"rendered":"<h1>Tonte intelligente pour les grandes pelouses complexes jusqu&rsquo;\u00e0 3200m\u00b2<\/h1>\n<p>L&rsquo;Automower\u00ae Husqvarna 430X NERA est un robot tondeuse destin\u00e9 aux pelouses complexes jusqu&rsquo;\u00e0 3&rsquo;200 m\u00b2. Obtenez une tonte pr\u00e9cise avec des p\u00e9riph\u00e9ries virtuelles* via l&rsquo;application Automower\u00ae Connect et le module et la station de r\u00e9f\u00e9rence Husqvarna EPOS\u2122 (vendu s\u00e9par\u00e9ment), qui \u00e9limine le risque de rupture du c\u00e2ble. Les fonctions intelligentes telles que l&rsquo;\u00e9vitement des objets r\u00e9duisent le risque d&rsquo;arr\u00eats impr\u00e9vus et, avec la carte virtuelle cr\u00e9\u00e9e via la fonction AIM Automower\u00ae Zone Control est activ\u00e9e.<\/p>","protected":false},"excerpt":{"rendered":"<p>Cela vous permet d&rsquo;ajuster facilement l&rsquo;entretien de la pelouse sur votre t\u00e9l\u00e9phone portable et de cr\u00e9er des zones de travail avec diff\u00e9rents r\u00e9glages et des zones d&rsquo;exclusion temporaires. Le 430X NERA peut \u00e9galement \u00eatre int\u00e9gr\u00e9 \u00e0 votre habitat intelligent pour que vous puissiez utiliser le contr\u00f4le vocal avec Alexa ou Google Home ou b\u00e9n\u00e9ficier des routines IFTTT. *Contr\u00f4le pr\u00e9alable du jardin par un revendeur sp\u00e9cialis\u00e9 Husqvarna n\u00e9cessaire.<\/p>","protected":false},"featured_media":1271,"template":"","meta":[],"product_brand":[],"product_cat":[63],"product_tag":[],"class_list":{"0":"post-1270","1":"product","2":"type-product","3":"status-publish","4":"has-post-thumbnail","6":"product_cat-robots-tondeuses","8":"first","9":"instock","10":"taxable","11":"shipping-taxable","12":"purchasable","13":"product-type-simple"},"_links":{"self":[{"href":"https:\/\/robot-tonde-aspir.ch\/de\/wp-json\/wp\/v2\/product\/1270","targetHints":{"allow":["GET"]}}],"collection":[{"href":"https:\/\/robot-tonde-aspir.ch\/de\/wp-json\/wp\/v2\/product"}],"about":[{"href":"https:\/\/robot-tonde-aspir.ch\/de\/wp-json\/wp\/v2\/types\/product"}],"version-history":[{"count":1,"href":"https:\/\/robot-tonde-aspir.ch\/de\/wp-json\/wp\/v2\/product\/1270\/revisions"}],"predecessor-version":[{"id":1276,"href":"https:\/\/robot-tonde-aspir.ch\/de\/wp-json\/wp\/v2\/product\/1270\/revisions\/1276"}],"wp:featuredmedia":[{"embeddable":true,"href":"https:\/\/robot-tonde-aspir.ch\/de\/wp-json\/wp\/v2\/media\/1271"}],"wp:attachment":[{"href":"https:\/\/robot-tonde-aspir.ch\/de\/wp-json\/wp\/v2\/media?parent=1270"}],"wp:term":[{"taxonomy":"product_brand","embeddable":true,"href":"https:\/\/robot-tonde-aspir.ch\/de\/wp-json\/wp\/v2\/product_brand?post=1270"},{"taxonomy":"product_cat","embeddable":true,"href":"https:\/\/robot-tonde-aspir.ch\/de\/wp-json\/wp\/v2\/product_cat?post=1270"},{"taxonomy":"product_tag","embeddable":true,"href":"https:\/\/robot-tonde-aspir.ch\/de\/wp-json\/wp\/v2\/product_tag?post=1270"}],"curies":[{"name":"wp","href":"https:\/\/api.w.org\/{rel}","templated":true}]}}