{"id":1277,"date":"2026-02-09T13:30:00","date_gmt":"2026-02-09T12:30:00","guid":{"rendered":"https:\/\/robot-tonde-aspir.ch\/?post_type=product&#038;p=1277"},"modified":"2026-03-19T07:20:33","modified_gmt":"2026-03-19T06:20:33","slug":"gardena-sileno-city-250","status":"publish","type":"product","link":"https:\/\/robot-tonde-aspir.ch\/de\/product\/gardena-sileno-city-250\/","title":{"rendered":"Tondeuse robot &#8211; GARDENA &#8211; Sileno City 250 &#8211; Bluetooth"},"content":{"rendered":"<h2 class=\"h2\">SILENO minimo excelle en pr\u00e9cision et en performance, id\u00e9al pour les petites surfaces.<\/h2>\n<div class=\"checkout-text-dark readmore js-read-more js-read-more-container\" data-rm-words=\"75\">\n<ul>\n<li>Application Bluetooth\u00ae: la tondeuse robot SILENO minimo 250 m\u00b2 peut \u00eatre pilot\u00e9e depuis votre smartphone jusqu&rsquo;\u00e0 10 m de distance.<\/li>\n<li>AI-precise : la tondeuse robot SILENO passe partout et ma\u00eetrise tout type de pelouses m\u00eame les plus complexes.<\/li>\n<li>Silencieuse : avec un niveau sonore de seulement 57 (dB)A, la tondeuse robot assure une tonte silencieuse et efficace.<\/li>\n<li>Auto Weather &amp; Terrain : fonctionne par tous les temps, au soleil ou sous la pluie.<\/li>\n<li>Inclus dans la livraison : 1 x SILENO minimo 250 m\u00b2, incl. 1 x station de charge, incl. 1 x 150 m de c\u00e2ble p\u00e9riph\u00e9rique, incl. 150 x cavaliers, incl. 5 x connecteurs, incl. 4 x raccords de c\u00e2ble<\/li>\n<\/ul>\n<p>La tondeuse robot connect\u00e9e Bluetooth\u00ae SILENO minimo simplifie la tonte des petites pelouses allant jusqu&rsquo;\u00e0 250 m\u00b2.<\/p>\n<p>&nbsp;<\/p>\n<p>&nbsp;<\/p>\n<\/div>","protected":false},"excerpt":{"rendered":"<h3 class=\"mb-4 h3\">Caract\u00e9ristiques techniques<\/h3>\n<div class=\"row\">\n<div class=\"expand-more-less\">\n<div class=\"js-expand-filter\">\n<div class=\"col-12 pb-4 tab-panes tab-section fade show active\">\n<div class=\"product-info-tab\">\n<h4><\/h4>\n<div class=\"value content mt-md-3\">\n<hr class=\"details-separator bg-medium-grey\" \/>\n<div class=\"tech-data-item row\">\n<div class=\"text-list-type col-6 text-white\">GTIN-13\/EAN<\/div>\n<div class=\"text-list-value col-6\">4078500053044<\/div>\n<\/div>\n<hr class=\"details-separator bg-medium-grey\" \/>\n<\/div>\n<\/div>\n<\/div>\n<div class=\"col-12 pb-4 tab-panes tab-section fade show\">\n<div class=\"product-info-tab\">\n<h4>Rendement<\/h4>\n<div class=\"value content mt-md-3\">\n<div class=\"tech-data-item row\">\n<div class=\"text-list-type col-6 text-white\">Capacit\u00e9 de surface<\/div>\n<div class=\"text-list-value col-6\">250 m\u00b2<\/div>\n<\/div>\n<hr class=\"details-separator bg-medium-grey\" \/>\n<div class=\"tech-data-item row\">\n<div class=\"text-list-type col-6 text-white\">Syst\u00e8me de rechargement<\/div>\n<div class=\"text-list-value col-6\">Automatique<\/div>\n<\/div>\n<hr class=\"details-separator bg-medium-grey\" \/>\n<div class=\"tech-data-item row\">\n<div class=\"text-list-type col-6 text-white\">Inclinaison maximale au travail<\/div>\n<div class=\"text-list-value col-6\">25 %<\/div>\n<\/div>\n<hr class=\"details-separator bg-medium-grey\" \/>\n<div class=\"tech-data-item row\">\n<div class=\"text-list-type col-6 text-white\">Pente maxi en limite de fil<\/div>\n<div class=\"text-list-value col-6\">10 %<\/div>\n<\/div>\n<hr class=\"details-separator bg-medium-grey\" \/>\n<\/div>\n<\/div>\n<\/div>\n<div class=\"col-12 pb-4 tab-panes tab-section fade show\">\n<div class=\"product-info-tab\">\n<h4>Produit<\/h4>\n<div class=\"value content mt-md-3\">\n<div class=\"tech-data-item row\">\n<div class=\"text-list-type col-6 text-white\">Tableau de bord<\/div>\n<div class=\"text-list-value col-6\">Aucun<\/div>\n<\/div>\n<hr class=\"details-separator bg-medium-grey\" \/>\n<div class=\"tech-data-item row\">\n<div class=\"text-list-type col-6 text-white\">Fonction timer<\/div>\n<div class=\"text-list-value col-6\">Oui<\/div>\n<\/div>\n<hr class=\"details-separator bg-medium-grey\" \/>\n<div class=\"tech-data-item row\">\n<div class=\"text-list-type col-6 text-white\">Type de poign\u00e9e<\/div>\n<div class=\"text-list-value col-6\">Integr\u00e9<\/div>\n<\/div>\n<hr class=\"details-separator bg-medium-grey\" \/>\n<div class=\"tech-data-item row\">\n<div class=\"text-list-type col-6 text-white\">Mise \u00e0 jour du firmware<\/div>\n<div class=\"text-list-value col-6\">USB<\/div>\n<\/div>\n<hr class=\"details-separator bg-medium-grey\" \/>\n<div class=\"tech-data-item row\">\n<div class=\"text-list-type col-6 text-white\">Indice de protection (code IP)<\/div>\n<div class=\"text-list-value col-6\">IPX5<\/div>\n<\/div>\n<hr class=\"details-separator bg-medium-grey\" \/>\n<div class=\"tech-data-item row\">\n<div class=\"text-list-type col-6 text-white\">Type de limite<\/div>\n<div class=\"text-list-value col-6\">C\u00e2ble<\/div>\n<\/div>\n<hr class=\"details-separator bg-medium-grey\" \/>\n<div class=\"tech-data-item row\">\n<div class=\"text-list-type col-6 text-white\">Indice de r\u00e9parabilit\u00e9 (France)<\/div>\n<div class=\"text-list-value col-6\">9.1<\/div>\n<\/div>\n<hr class=\"details-separator bg-medium-grey\" \/>\n<\/div>\n<\/div>\n<\/div>\n<div class=\"col-12 pb-4 tab-panes tab-section fade show\">\n<div class=\"product-info-tab\">\n<h4>Alimentation et charge<\/h4>\n<div class=\"value content mt-md-3\">\n<div class=\"tech-data-item row\">\n<div class=\"text-list-type col-6 text-white\">Temps moyen de chargement<\/div>\n<div class=\"text-list-value col-6\">60 min<\/div>\n<\/div>\n<hr class=\"details-separator bg-medium-grey\" \/>\n<div class=\"tech-data-item row\">\n<div class=\"text-list-type col-6 text-white\">Temps moyen de tonte par charge<\/div>\n<div class=\"text-list-value col-6\">70 min<\/div>\n<\/div>\n<hr class=\"details-separator bg-medium-grey\" \/>\n<div class=\"tech-data-item row\">\n<div class=\"text-list-type col-6 text-white\">Consommation moyenne d&rsquo;\u00e9nergie lors d&rsquo;un usage maximal<\/div>\n<div class=\"text-list-value col-6\">2.1 kWh<\/div>\n<\/div>\n<hr class=\"details-separator bg-medium-grey\" \/>\n<\/div>\n<\/div>\n<\/div>\n<div class=\"col-12 pb-4 tab-panes tab-section fade show\">\n<div class=\"product-info-tab\"><\/div>\n<\/div>\n<div class=\"col-12 pb-4 tab-panes tab-section fade show\">\n<div class=\"product-info-tab\">\n<div class=\"value content mt-md-3\">\n<div class=\"tech-data-item row\">\n<div class=\"text-list-value col-6\"><\/div>\n<\/div>\n<\/div>\n<\/div>\n<\/div>\n<\/div>\n<\/div>\n<\/div>","protected":false},"featured_media":1278,"template":"","meta":[],"product_brand":[69],"product_cat":[63],"product_tag":[],"class_list":{"0":"post-1277","1":"product","2":"type-product","3":"status-publish","4":"has-post-thumbnail","6":"product_brand-gardena","7":"product_cat-robots-tondeuses","9":"first","10":"instock","11":"taxable","12":"shipping-taxable","13":"purchasable","14":"product-type-simple"},"_links":{"self":[{"href":"https:\/\/robot-tonde-aspir.ch\/de\/wp-json\/wp\/v2\/product\/1277","targetHints":{"allow":["GET"]}}],"collection":[{"href":"https:\/\/robot-tonde-aspir.ch\/de\/wp-json\/wp\/v2\/product"}],"about":[{"href":"https:\/\/robot-tonde-aspir.ch\/de\/wp-json\/wp\/v2\/types\/product"}],"version-history":[{"count":5,"href":"https:\/\/robot-tonde-aspir.ch\/de\/wp-json\/wp\/v2\/product\/1277\/revisions"}],"predecessor-version":[{"id":1791,"href":"https:\/\/robot-tonde-aspir.ch\/de\/wp-json\/wp\/v2\/product\/1277\/revisions\/1791"}],"wp:featuredmedia":[{"embeddable":true,"href":"https:\/\/robot-tonde-aspir.ch\/de\/wp-json\/wp\/v2\/media\/1278"}],"wp:attachment":[{"href":"https:\/\/robot-tonde-aspir.ch\/de\/wp-json\/wp\/v2\/media?parent=1277"}],"wp:term":[{"taxonomy":"product_brand","embeddable":true,"href":"https:\/\/robot-tonde-aspir.ch\/de\/wp-json\/wp\/v2\/product_brand?post=1277"},{"taxonomy":"product_cat","embeddable":true,"href":"https:\/\/robot-tonde-aspir.ch\/de\/wp-json\/wp\/v2\/product_cat?post=1277"},{"taxonomy":"product_tag","embeddable":true,"href":"https:\/\/robot-tonde-aspir.ch\/de\/wp-json\/wp\/v2\/product_tag?post=1277"}],"curies":[{"name":"wp","href":"https:\/\/api.w.org\/{rel}","templated":true}]}}