{"id":1279,"date":"2026-02-09T13:48:47","date_gmt":"2026-02-09T12:48:47","guid":{"rendered":"https:\/\/robot-tonde-aspir.ch\/?post_type=product&#038;p=1279"},"modified":"2026-02-11T19:55:09","modified_gmt":"2026-02-11T18:55:09","slug":"gardena-sileno-max-1200","status":"publish","type":"product","link":"https:\/\/robot-tonde-aspir.ch\/de\/product\/gardena-sileno-max-1200\/","title":{"rendered":"Gardena Sileno Max 1200"},"content":{"rendered":"<h2 class=\"h2\">smart SILENO max \u2013 Une tonte pr\u00e9cise, intelligente et sans effort pour des pelouses jusqu\u2019\u00e0 1200 m\u00b2<\/h2>\n<div class=\"checkout-text-dark readmore js-read-more js-read-more-container\" data-rm-words=\"75\">\n<ul>\n<li>Coupe pr\u00e9cise jusqu\u2019\u00e0 1 cm des bordures solides comme les murs et cl\u00f4tures gr\u00e2ce \u00e0 la fonctionnalit\u00e9 Trim-to-Edge.<\/li>\n<li>Intelligence LONA\u2122* : une technologie IA qui apprend, cartographie et s\u2019adapte \u00e0 chaque jardin pour des r\u00e9sultats personnalis\u00e9s.<\/li>\n<li>Accessoire radar anti-collision en option pour prot\u00e9ger la tondeuse et les obstacles pr\u00e9sents sur la pelouse.<\/li>\n<li>DuoConnect* : connectivit\u00e9 Bluetooth\u00ae pour un contr\u00f4le \u00e0 10 m ou via la smart App gr\u00e2ce \u00e0 la smart Gateway (vendue s\u00e9par\u00e9ment).<\/li>\n<li>Inclus : 1x smart SILENO max 1200 m\u00b2, 1x station de charge, 1x 200 m de c\u00e2ble p\u00e9riph\u00e9rique, 250x crochets, 5x connecteurs et 6x coupleurs.<\/li>\n<\/ul>\n<p>La tondeuse robot smart SILENO max 1200 m\u00b2 combine pr\u00e9cision et intelligence gr\u00e2ce aux technologies Trim-to-Edge et LONA\u2122 pour une pelouse parfaitement entretenue, sans effort.<\/p>\n<h4>Coupe pr\u00e9cise des bordures avec la fonction Trim-to-Edge<\/h4>\n<p>La tondeuse robot smart SILENO max tond avec pr\u00e9cision jusqu\u2019\u00e0 1 cm des bordures solides comme les murs, cl\u00f4tures ou autres d\u00e9limitations. R\u00e9sultat : des finitions nettes et impeccables, sans retouches manuelles n\u00e9cessaires.<\/p>\n<p>&nbsp;<\/p>\n<p>&nbsp;<\/p>\n<\/div>","protected":false},"excerpt":{"rendered":"<p>smart SILENO max \u2013 Une tonte pr\u00e9cise, intelligente et sans effort pour des pelouses jusqu\u2019\u00e0 1200 m\u00b2 Coupe pr\u00e9cise jusqu\u2019\u00e0<\/p>","protected":false},"featured_media":1278,"template":"","meta":[],"product_brand":[69],"product_cat":[63],"product_tag":[],"class_list":{"0":"post-1279","1":"product","2":"type-product","3":"status-publish","4":"has-post-thumbnail","6":"product_brand-gardena","7":"product_cat-robots-tondeuses","9":"first","10":"instock","11":"taxable","12":"shipping-taxable","13":"purchasable","14":"product-type-simple"},"_links":{"self":[{"href":"https:\/\/robot-tonde-aspir.ch\/de\/wp-json\/wp\/v2\/product\/1279","targetHints":{"allow":["GET"]}}],"collection":[{"href":"https:\/\/robot-tonde-aspir.ch\/de\/wp-json\/wp\/v2\/product"}],"about":[{"href":"https:\/\/robot-tonde-aspir.ch\/de\/wp-json\/wp\/v2\/types\/product"}],"version-history":[{"count":4,"href":"https:\/\/robot-tonde-aspir.ch\/de\/wp-json\/wp\/v2\/product\/1279\/revisions"}],"predecessor-version":[{"id":1807,"href":"https:\/\/robot-tonde-aspir.ch\/de\/wp-json\/wp\/v2\/product\/1279\/revisions\/1807"}],"wp:featuredmedia":[{"embeddable":true,"href":"https:\/\/robot-tonde-aspir.ch\/de\/wp-json\/wp\/v2\/media\/1278"}],"wp:attachment":[{"href":"https:\/\/robot-tonde-aspir.ch\/de\/wp-json\/wp\/v2\/media?parent=1279"}],"wp:term":[{"taxonomy":"product_brand","embeddable":true,"href":"https:\/\/robot-tonde-aspir.ch\/de\/wp-json\/wp\/v2\/product_brand?post=1279"},{"taxonomy":"product_cat","embeddable":true,"href":"https:\/\/robot-tonde-aspir.ch\/de\/wp-json\/wp\/v2\/product_cat?post=1279"},{"taxonomy":"product_tag","embeddable":true,"href":"https:\/\/robot-tonde-aspir.ch\/de\/wp-json\/wp\/v2\/product_tag?post=1279"}],"curies":[{"name":"wp","href":"https:\/\/api.w.org\/{rel}","templated":true}]}}