{"id":1292,"date":"2026-02-09T14:13:53","date_gmt":"2026-02-09T13:13:53","guid":{"rendered":"https:\/\/robot-tonde-aspir.ch\/?post_type=product&#038;p=1292"},"modified":"2026-03-29T11:11:30","modified_gmt":"2026-03-29T09:11:30","slug":"worx-landroid-m500","status":"publish","type":"product","link":"https:\/\/robot-tonde-aspir.ch\/de\/product\/worx-landroid-m500\/","title":{"rendered":"Worx Landroid M500 Robot Tondeuse 500m\u00b2 Automatique"},"content":{"rendered":"<p>&nbsp;<\/p>\n<ul class=\"ad_7d5z4x2 ad_yauxfn0 ad_yauxfn1 ad_wcphji1\">\n<li class=\"ad_1sjwieub\">Largeur de coupe:\u00a018 cm<\/li>\n<li class=\"ad_1sjwieub\">Surface recommand\u00e9e:\u00a0Pour jusqu&rsquo;\u00e0 500 m\u00b2<\/li>\n<li class=\"ad_1sjwieub\">Capteurs:\u00a0Capteur de soul\u00e8vement, Capteur d&rsquo;inclinaison, Capteur de collision, Sonde de pluie<\/li>\n<li><\/li>\n<li class=\"ad_wcphji3\">\n<div class=\"ad_wcphji4 ad_yauxfng ad_yauxfnh ad_wcphji6 ad_1l9fqro3\">Type d&rsquo;article<\/div>\n<div class=\"ad_wcphji4 ad_wcphji8 ad_1l9fqro2\">Tondeuse<\/div>\n<\/li>\n<li class=\"ad_wcphji3\">\n<div class=\"ad_wcphji4 ad_yauxfng ad_yauxfnh ad_wcphji6 ad_1l9fqro3\">Version<\/div>\n<div class=\"ad_wcphji4 ad_wcphji8 ad_1l9fqro2\">Tondeuse robot<\/div>\n<\/li>\n<li class=\"ad_wcphji3\">\n<div class=\"ad_wcphji4 ad_yauxfng ad_yauxfnh ad_wcphji6 ad_1l9fqro3\">Utilisation<\/div>\n<div class=\"ad_wcphji4 ad_wcphji8 ad_1l9fqro2\">Faucher, Paillage<\/div>\n<\/li>\n<li class=\"ad_wcphji3\">\n<div class=\"ad_wcphji4 ad_yauxfng ad_yauxfnh ad_wcphji6 ad_1l9fqro3\">Type d&rsquo;entra\u00eenement<\/div>\n<div class=\"ad_wcphji4 ad_wcphji8 ad_1l9fqro2\">Batterie<\/div>\n<\/li>\n<li class=\"ad_wcphji3\">\n<div class=\"ad_wcphji4 ad_yauxfng ad_yauxfnh ad_wcphji6 ad_1l9fqro3\">Tension de la batterie<\/div>\n<div class=\"ad_wcphji4 ad_wcphji8 ad_1l9fqro2\">20 V<\/div>\n<\/li>\n<li class=\"ad_wcphji3\">\n<div class=\"ad_wcphji4 ad_yauxfng ad_yauxfnh ad_wcphji6 ad_1l9fqro3\">Capacit\u00e9 de l&rsquo;accu<\/div>\n<div class=\"ad_wcphji4 ad_wcphji8 ad_1l9fqro2\">2 Ah<\/div>\n<\/li>\n<li class=\"ad_wcphji3\">\n<div class=\"ad_wcphji4 ad_yauxfng ad_yauxfnh ad_wcphji6 ad_1l9fqro3\">Technique de la batterie<\/div>\n<div class=\"ad_wcphji4 ad_wcphji8 ad_1l9fqro2\">Lithium-Ions<\/div>\n<\/li>\n<li class=\"ad_wcphji3\">\n<div class=\"ad_wcphji4 ad_yauxfng ad_yauxfnh ad_wcphji6 ad_1l9fqro3\">Largeur de coupe<\/div>\n<div class=\"ad_wcphji4 ad_wcphji8 ad_1l9fqro2\">18 cm<\/div>\n<\/li>\n<li class=\"ad_wcphji3\">\n<div class=\"ad_wcphji4 ad_yauxfng ad_yauxfnh ad_wcphji6 ad_1l9fqro3\">R\u00e9glage en hauteur<\/div>\n<div class=\"ad_wcphji4 ad_wcphji8 ad_1l9fqro2\">4 fois<\/div>\n<\/li>\n<li class=\"ad_wcphji3\">\n<div class=\"ad_wcphji4 ad_yauxfng ad_yauxfnh ad_wcphji6 ad_1l9fqro3\">Surface recommand\u00e9e<\/div>\n<div class=\"ad_wcphji4 ad_wcphji8 ad_1l9fqro2\">Pour jusqu&rsquo;\u00e0 500 m\u00b2<\/div>\n<\/li>\n<li class=\"ad_wcphji3\">\n<div class=\"ad_wcphji4 ad_yauxfng ad_yauxfnh ad_wcphji6 ad_1l9fqro3\">Poids avec batterie<\/div>\n<div class=\"ad_wcphji4 ad_wcphji8 ad_1l9fqro2\">9 kg<\/div>\n<\/li>\n<li class=\"ad_wcphji3\">\n<div class=\"ad_wcphji4 ad_yauxfng ad_yauxfnh ad_wcphji6 ad_1l9fqro3\">D\u00e9termination de la zone de tonte<\/div>\n<div class=\"ad_wcphji4 ad_wcphji8 ad_1l9fqro2\">C\u00e2ble de d\u00e9limitation<\/div>\n<\/li>\n<li class=\"ad_wcphji3\">\n<div class=\"ad_wcphji4 ad_yauxfng ad_yauxfnh ad_wcphji6 ad_1l9fqro3\">Nombre de lames<\/div>\n<div class=\"ad_wcphji4 ad_wcphji8 ad_1l9fqro2\">3 Pi\u00e8ce(s)<\/div>\n<\/li>\n<li class=\"ad_wcphji3\">\n<div class=\"ad_wcphji4 ad_yauxfng ad_yauxfnh ad_wcphji6 ad_1l9fqro3\">Hauteur de coupe min &#8211; max<\/div>\n<div class=\"ad_wcphji4 ad_wcphji8 ad_1l9fqro2\">30 mm &#8211; 60 mm<\/div>\n<\/li>\n<li class=\"ad_wcphji3\">\n<div class=\"ad_wcphji4 ad_yauxfng ad_yauxfnh ad_wcphji6 ad_1l9fqro3\">Type de chargeur<\/div>\n<div class=\"ad_wcphji4 ad_wcphji8 ad_1l9fqro2\">Station de charge<\/div>\n<\/li>\n<li class=\"ad_wcphji3\">\n<div class=\"ad_wcphji4 ad_yauxfng ad_yauxfnh ad_wcphji6 ad_1l9fqro3\">Roues d&rsquo;entra\u00eenement<\/div>\n<div class=\"ad_wcphji4 ad_wcphji8 ad_1l9fqro2\">2 Pi\u00e8ce(s)<\/div>\n<\/li>\n<\/ul>","protected":false},"excerpt":{"rendered":"<ul class=\"ad_7d5z4x2 ad_yauxfn0 ad_yauxfn1 ad_wcphji1\">\n<li class=\"ad_wcphji3\">\n<div class=\"ad_wcphji4 ad_yauxfng ad_yauxfnh ad_wcphji6 ad_1l9fqro3\">Capteurs<\/div>\n<div class=\"ad_wcphji4 ad_wcphji8 ad_1l9fqro2\">Capteur de soul\u00e8vement, Capteur d&rsquo;inclinaison, Capteur de collision, Sonde de pluie<\/div>\n<\/li>\n<li class=\"ad_wcphji3\">\n<div class=\"ad_wcphji4 ad_yauxfng ad_yauxfnh ad_wcphji6 ad_1l9fqro3\">Protection contre le vol<\/div>\n<div class=\"ad_wcphji4 ad_wcphji8 ad_1l9fqro2\">Prot\u00e9g\u00e9 par code PIN<\/div>\n<\/li>\n<li class=\"ad_wcphji3\">\n<div class=\"ad_wcphji4 ad_yauxfng ad_yauxfnh ad_wcphji6 ad_1l9fqro3\">Accessoires disponibles<\/div>\n<div class=\"ad_wcphji4 ad_wcphji8 ad_1l9fqro2\">Modules suppl\u00e9mentaires pour extension des fonctions: ACS &#8211; D\u00e9tecteur de collision Off Limits &#8211; D\u00e9limitation de la surface Radiolink &#8211; Rayon de contr\u00f4le High Pitched Alarm &#8211; Fonction alarme Find My Landroid &#8211; Anti-vol<\/div>\n<\/li>\n<li class=\"ad_wcphji3\">\n<div class=\"ad_wcphji4 ad_yauxfng ad_yauxfnh ad_wcphji6 ad_1l9fqro3\">Domaine d&rsquo;utilisation<\/div>\n<div class=\"ad_wcphji4 ad_wcphji8 ad_1l9fqro2\">Ext\u00e9rieur<\/div>\n<\/li>\n<li class=\"ad_wcphji3\">\n<div class=\"ad_wcphji4 ad_yauxfng ad_yauxfnh ad_wcphji6 ad_1l9fqro3\">Entra\u00eenement de roue<\/div>\n<div class=\"ad_wcphji4 ad_wcphji8 ad_1l9fqro2\">Oui<\/div>\n<\/li>\n<li class=\"ad_wcphji3\">\n<div class=\"ad_wcphji4 ad_yauxfng ad_yauxfnh ad_wcphji6 ad_1l9fqro3\">Smartphone\/Tablette &#8211; Commande<\/div>\n<div class=\"ad_wcphji4 ad_wcphji8 ad_1l9fqro2\">Oui<\/div>\n<\/li>\n<li class=\"ad_wcphji3\">\n<div class=\"ad_wcphji4 ad_yauxfng ad_yauxfnh ad_wcphji6 ad_1l9fqro3\">Niveau de pression acoustique (LpA)<\/div>\n<div class=\"ad_wcphji4 ad_wcphji8 ad_1l9fqro2\">44,5<\/div>\n<\/li>\n<li class=\"ad_wcphji3\">\n<div class=\"ad_wcphji4 ad_yauxfng ad_yauxfnh ad_wcphji6 ad_1l9fqro3\">Niveau de puissance acoustique (LWA)<\/div>\n<div class=\"ad_wcphji4 ad_wcphji8 ad_1l9fqro2\">65<\/div>\n<\/li>\n<li class=\"ad_wcphji3\">\n<div class=\"ad_wcphji4 ad_yauxfng ad_yauxfnh ad_wcphji6 ad_1l9fqro3\">Remarque<\/div>\n<div class=\"ad_wcphji4 ad_wcphji8 ad_1l9fqro2\">&#8211;<\/div>\n<\/li>\n<li class=\"ad_wcphji3\">\n<div class=\"ad_wcphji4 ad_yauxfng ad_yauxfnh ad_wcphji6 ad_1l9fqro3\">Contenu dans le mat\u00e9riel fourni<\/div>\n<div class=\"ad_wcphji4 ad_wcphji8 ad_1l9fqro2\">Tondeuse robot Landroid M500-WR141E, 9x lames et vis, batterie 2Ah, station de chargement, c\u00e2ble de d\u00e9limitation de 130 m, 180 sardines,<\/div>\n<\/li>\n<li class=\"ad_wcphji3\">\n<div class=\"ad_wcphji4 ad_yauxfng ad_yauxfnh ad_wcphji6 ad_1l9fqro3\">Syst\u00e8me<\/div>\n<div class=\"ad_wcphji4 ad_wcphji8 ad_1l9fqro2\">Syst\u00e8me de batterie WORX 20 V<\/div>\n<\/li>\n<li class=\"ad_wcphji3\">\n<div class=\"ad_wcphji4 ad_yauxfng ad_yauxfnh ad_wcphji6 ad_1l9fqro3\">EAN<\/div>\n<div class=\"ad_wcphji4 ad_wcphji8 ad_1l9fqro2\">6925387176428<\/div>\n<\/li>\n<\/ul>","protected":false},"featured_media":1293,"template":"","meta":[],"product_brand":[],"product_cat":[63,68],"product_tag":[],"class_list":{"0":"post-1292","1":"product","2":"type-product","3":"status-publish","4":"has-post-thumbnail","6":"product_cat-robots-tondeuses","7":"product_cat-tondeuses-thermiques","9":"first","10":"instock","11":"taxable","12":"shipping-taxable","13":"purchasable","14":"product-type-simple"},"_links":{"self":[{"href":"https:\/\/robot-tonde-aspir.ch\/de\/wp-json\/wp\/v2\/product\/1292","targetHints":{"allow":["GET"]}}],"collection":[{"href":"https:\/\/robot-tonde-aspir.ch\/de\/wp-json\/wp\/v2\/product"}],"about":[{"href":"https:\/\/robot-tonde-aspir.ch\/de\/wp-json\/wp\/v2\/types\/product"}],"version-history":[{"count":2,"href":"https:\/\/robot-tonde-aspir.ch\/de\/wp-json\/wp\/v2\/product\/1292\/revisions"}],"predecessor-version":[{"id":3870,"href":"https:\/\/robot-tonde-aspir.ch\/de\/wp-json\/wp\/v2\/product\/1292\/revisions\/3870"}],"wp:featuredmedia":[{"embeddable":true,"href":"https:\/\/robot-tonde-aspir.ch\/de\/wp-json\/wp\/v2\/media\/1293"}],"wp:attachment":[{"href":"https:\/\/robot-tonde-aspir.ch\/de\/wp-json\/wp\/v2\/media?parent=1292"}],"wp:term":[{"taxonomy":"product_brand","embeddable":true,"href":"https:\/\/robot-tonde-aspir.ch\/de\/wp-json\/wp\/v2\/product_brand?post=1292"},{"taxonomy":"product_cat","embeddable":true,"href":"https:\/\/robot-tonde-aspir.ch\/de\/wp-json\/wp\/v2\/product_cat?post=1292"},{"taxonomy":"product_tag","embeddable":true,"href":"https:\/\/robot-tonde-aspir.ch\/de\/wp-json\/wp\/v2\/product_tag?post=1292"}],"curies":[{"name":"wp","href":"https:\/\/api.w.org\/{rel}","templated":true}]}}