{"id":1345,"date":"2026-02-09T16:05:56","date_gmt":"2026-02-09T15:05:56","guid":{"rendered":"https:\/\/robot-tonde-aspir.ch\/?post_type=product&#038;p=1345"},"modified":"2026-03-19T06:44:59","modified_gmt":"2026-03-19T05:44:59","slug":"segway-navimow-i105-500-m%c2%b2","status":"publish","type":"product","link":"https:\/\/robot-tonde-aspir.ch\/de\/product\/segway-navimow-i105-500-m%c2%b2\/","title":{"rendered":"SEGWAY Navimow Tondeuse robotis\u00e9e i105E 500 m\u00b2"},"content":{"rendered":"<ul class=\"ad_7d5z4x2 ad_yauxfn0 ad_yauxfn1 ad_wcphji1\">\n<li class=\"ad_wcphji3\">\n<div class=\"ad_wcphji4 ad_yauxfng ad_yauxfnh ad_wcphji6 ad_1l9fqro3\">Type d&rsquo;article<\/div>\n<div class=\"ad_wcphji4 ad_wcphji8 ad_1l9fqro2\">Tondeuse<\/div>\n<\/li>\n<li class=\"ad_wcphji3\">\n<div class=\"ad_wcphji4 ad_yauxfng ad_yauxfnh ad_wcphji6 ad_1l9fqro3\">Version<\/div>\n<div class=\"ad_wcphji4 ad_wcphji8 ad_1l9fqro2\">Tondeuse robot<\/div>\n<\/li>\n<li class=\"ad_wcphji3\">\n<div class=\"ad_wcphji4 ad_yauxfng ad_yauxfnh ad_wcphji6 ad_1l9fqro3\">Utilisation<\/div>\n<div class=\"ad_wcphji4 ad_wcphji8 ad_1l9fqro2\">Paillage<\/div>\n<\/li>\n<li class=\"ad_wcphji3\">\n<div class=\"ad_wcphji4 ad_yauxfng ad_yauxfnh ad_wcphji6 ad_1l9fqro3\">Type d&rsquo;entra\u00eenement<\/div>\n<div class=\"ad_wcphji4 ad_wcphji8 ad_1l9fqro2\">Batterie<\/div>\n<\/li>\n<li class=\"ad_wcphji3\">\n<div class=\"ad_wcphji4 ad_yauxfng ad_yauxfnh ad_wcphji6 ad_1l9fqro3\">Capacit\u00e9 de l&rsquo;accu<\/div>\n<div class=\"ad_wcphji4 ad_wcphji8 ad_1l9fqro2\">2,5 Ah<\/div>\n<\/li>\n<li class=\"ad_wcphji3\">\n<div class=\"ad_wcphji4 ad_yauxfng ad_yauxfnh ad_wcphji6 ad_1l9fqro3\">Technique de la batterie<\/div>\n<div class=\"ad_wcphji4 ad_wcphji8 ad_1l9fqro2\">Lithium-Ions<\/div>\n<\/li>\n<li class=\"ad_wcphji3\">\n<div class=\"ad_wcphji4 ad_yauxfng ad_yauxfnh ad_wcphji6 ad_1l9fqro3\">Largeur de coupe<\/div>\n<div class=\"ad_wcphji4 ad_wcphji8 ad_1l9fqro2\">18 cm<\/div>\n<\/li>\n<li class=\"ad_wcphji3\">\n<div class=\"ad_wcphji4 ad_yauxfng ad_yauxfnh ad_wcphji6 ad_1l9fqro3\">Surface recommand\u00e9e<\/div>\n<div class=\"ad_wcphji4 ad_wcphji8 ad_1l9fqro2\">Pour jusqu&rsquo;\u00e0 500 m\u00b2<\/div>\n<\/li>\n<li class=\"ad_wcphji3\">\n<div class=\"ad_wcphji4 ad_yauxfng ad_yauxfnh ad_wcphji6 ad_1l9fqro3\">Poids avec batterie<\/div>\n<div class=\"ad_wcphji4 ad_wcphji8 ad_1l9fqro2\">10,9 kg<\/div>\n<\/li>\n<li class=\"ad_wcphji3\">\n<div class=\"ad_wcphji4 ad_yauxfng ad_yauxfnh ad_wcphji6 ad_1l9fqro3\">D\u00e9termination de la zone de tonte<\/div>\n<div class=\"ad_wcphji4 ad_wcphji8 ad_1l9fqro2\">Technologie GPS RTK<\/div>\n<\/li>\n<li class=\"ad_wcphji3\">\n<div class=\"ad_wcphji4 ad_yauxfng ad_yauxfnh ad_wcphji6 ad_1l9fqro3\">Nombre de lames<\/div>\n<div class=\"ad_wcphji4 ad_wcphji8 ad_1l9fqro2\">3 Pi\u00e8ce(s)<\/div>\n<\/li>\n<li class=\"ad_wcphji3\">\n<div class=\"ad_wcphji4 ad_yauxfng ad_yauxfnh ad_wcphji6 ad_1l9fqro3\">Temps de tonte maximal<\/div>\n<div class=\"ad_wcphji4 ad_wcphji8 ad_1l9fqro2\">1 h<\/div>\n<\/li>\n<li class=\"ad_wcphji3\">\n<div class=\"ad_wcphji4 ad_yauxfng ad_yauxfnh ad_wcphji6 ad_1l9fqro3\">Hauteur de coupe min &#8211; max<\/div>\n<div class=\"ad_wcphji4 ad_wcphji8 ad_1l9fqro2\">20 mm &#8211; 60 mm<\/div>\n<\/li>\n<li class=\"ad_wcphji3\">\n<div class=\"ad_wcphji4 ad_yauxfng ad_yauxfnh ad_wcphji6 ad_1l9fqro3\">Type de chargeur<\/div>\n<div class=\"ad_wcphji4 ad_wcphji8 ad_1l9fqro2\">Station de charge<\/div>\n<\/li>\n<li class=\"ad_wcphji3\">\n<div class=\"ad_wcphji4 ad_yauxfng ad_yauxfnh ad_wcphji6 ad_1l9fqro3\">Roues d&rsquo;entra\u00eenement<\/div>\n<div class=\"ad_wcphji4 ad_wcphji8 ad_1l9fqro2\">2 Pi\u00e8ce(s)<\/div>\n<\/li>\n<li class=\"ad_wcphji3\">\n<div class=\"ad_wcphji4 ad_yauxfng ad_yauxfnh ad_wcphji6 ad_1l9fqro3\">Capteurs<\/div>\n<div class=\"ad_wcphji4 ad_wcphji8 ad_1l9fqro2\">Surveillance m\u00e9t\u00e9orologique intelligente<\/div>\n<\/li>\n<li class=\"ad_wcphji3\">\n<div class=\"ad_wcphji4 ad_yauxfng ad_yauxfnh ad_wcphji6 ad_1l9fqro3\">Protection contre le vol<\/div>\n<div class=\"ad_wcphji4 ad_wcphji8 ad_1l9fqro2\">Prot\u00e9g\u00e9 par code PIN<\/div>\n<\/li>\n<li class=\"ad_wcphji3\">\n<div class=\"ad_wcphji4 ad_yauxfng ad_yauxfnh ad_wcphji6 ad_1l9fqro3\">Domaine d&rsquo;utilisation<\/div>\n<div class=\"ad_wcphji4 ad_wcphji8 ad_1l9fqro2\">Ext\u00e9rieur<\/div>\n<\/li>\n<li class=\"ad_wcphji3\">\n<div class=\"ad_wcphji4 ad_yauxfng ad_yauxfnh ad_wcphji6 ad_1l9fqro3\">Entra\u00eenement de roue<\/div>\n<div class=\"ad_wcphji4 ad_wcphji8 ad_1l9fqro2\">Oui<\/div>\n<\/li>\n<li class=\"ad_wcphji3\">\n<div class=\"ad_wcphji4 ad_yauxfng ad_yauxfnh ad_wcphji6 ad_1l9fqro3\">Niveau de pression acoustique (LpA)<\/div>\n<div class=\"ad_wcphji4 ad_wcphji8 ad_1l9fqro2\">58<\/div>\n<\/li>\n<li class=\"ad_wcphji3\">\n<div class=\"ad_wcphji4 ad_yauxfng ad_yauxfnh ad_wcphji6 ad_1l9fqro3\">Niveau de puissance acoustique (LWA)<\/div>\n<div class=\"ad_wcphji4 ad_wcphji8 ad_1l9fqro2\">58<\/div>\n<\/li>\n<li class=\"ad_wcphji3\">\n<div class=\"ad_wcphji4 ad_yauxfng ad_yauxfnh ad_wcphji6 ad_1l9fqro3\">Remarque<\/div>\n<div class=\"ad_wcphji4 ad_wcphji8 ad_1l9fqro2\">\u00c0 utiliser uniquement en ext\u00e9rieur.<\/div>\n<\/li>\n<li class=\"ad_wcphji3\">\n<div class=\"ad_wcphji4 ad_yauxfng ad_yauxfnh ad_wcphji6 ad_1l9fqro3\">Fonctions<\/div>\n<div class=\"ad_wcphji4 ad_wcphji8 ad_1l9fqro2\">Fonction Bluetooth, WiFi<\/div>\n<\/li>\n<li class=\"ad_wcphji3\">\n<div class=\"ad_wcphji4 ad_yauxfng ad_yauxfnh ad_wcphji6 ad_1l9fqro3\">Dur\u00e9e de chargement<\/div>\n<div class=\"ad_wcphji4 ad_wcphji8 ad_1l9fqro2\">90 min<\/div>\n<\/li>\n<li class=\"ad_wcphji3\">\n<div class=\"ad_wcphji4 ad_yauxfng ad_yauxfnh ad_wcphji6 ad_1l9fqro3\">EAN<\/div>\n<div class=\"ad_wcphji4 ad_wcphji8 ad_1l9fqro2\">8720254406855, 8720254406879<\/div>\n<\/li>\n<li class=\"ad_wcphji3\"><\/li>\n<\/ul>","protected":false},"excerpt":{"rendered":"<p>Vous vous inqui\u00e9tez pour l&rsquo;entretien de votre pelouse ? Ne vous en faites pas. Avec le robot tondeuse Navimow i105E, votre pelouse sera parfaitement entretenue sans que vous ayez \u00e0 lever le petit doigt.<\/p>\n<p>Caract\u00e9ristiques du robot tondeuse Navimow i105E de SEGWAY-NAVIMOW<\/p>\n<p>Le robot tondeuse i105E de Navimow utilise une cartographie assist\u00e9e par IA qui simplifie la configuration en quelques clics dans l&rsquo;application Navimow. L&rsquo;installation n&rsquo;a jamais \u00e9t\u00e9 aussi simple. Le contr\u00f4le intelligent via l&rsquo;application vous permet de trouver des instructions interactives, des param\u00e8tres personnalis\u00e9s, des mises \u00e0 jour d&rsquo;\u00e9tat et des extensions de service directement dans l&rsquo;application Navimow. Le robot tondeuse ajuste automatiquement les zones de tonte et surveille leur \u00e9tat en temps r\u00e9el, avec des mises \u00e0 jour OTA, un chat en direct dans l&rsquo;application et la prise en charge de RTK + Vision.<\/p>\n<p>Le robot tondeuse d\u00e9tecte tous les obstacles jusqu&rsquo;\u00e0 une hauteur de 2 cm et les contourne. Il est \u00e9galement \u00e9quip\u00e9 d&rsquo;un dispositif antivol qui le prot\u00e8ge \u00e0 l&rsquo;aide d&rsquo;un code PIN. Les lames du robot tondeuse doivent \u00eatre remplac\u00e9es r\u00e9guli\u00e8rement apr\u00e8s 80 heures d&rsquo;utilisation.<br \/>\nSi le robot tondeuse sort de son p\u00e9rim\u00e8tre virtuel, le propri\u00e9taire re\u00e7oit une alerte et des informations en temps r\u00e9el sur sa position dans l&rsquo;application. Le syst\u00e8me de localisation am\u00e9lior\u00e9 EFLS 2.0 de Vision garantit un positionnement stable au centim\u00e8tre pr\u00e8s dans diff\u00e9rents types de jardins.<br \/>\nLe module Navimow Access+ 4G assure une connexion permanente, m\u00eame dans les jardins avec de grands arbres. Ce module Access est gratuit la premi\u00e8re ann\u00e9e et co\u00fbte 29 CHF par an \u00e0 partir de la deuxi\u00e8me ann\u00e9e.<br \/>\nBien ancr\u00e9 : avec le robot tondeuse Navimow i105E, votre pelouse reste toujours impeccable, sans aucun effort.<\/p>\n<p>Le SEGWAY Navimow i105E est garanti 3 ans (2 ans pour la batterie).<\/p>","protected":false},"featured_media":1350,"template":"","meta":[],"product_brand":[],"product_cat":[63],"product_tag":[],"class_list":{"0":"post-1345","1":"product","2":"type-product","3":"status-publish","4":"has-post-thumbnail","6":"product_cat-robots-tondeuses","8":"first","9":"instock","10":"taxable","11":"shipping-taxable","12":"purchasable","13":"product-type-simple"},"_links":{"self":[{"href":"https:\/\/robot-tonde-aspir.ch\/de\/wp-json\/wp\/v2\/product\/1345","targetHints":{"allow":["GET"]}}],"collection":[{"href":"https:\/\/robot-tonde-aspir.ch\/de\/wp-json\/wp\/v2\/product"}],"about":[{"href":"https:\/\/robot-tonde-aspir.ch\/de\/wp-json\/wp\/v2\/types\/product"}],"version-history":[{"count":2,"href":"https:\/\/robot-tonde-aspir.ch\/de\/wp-json\/wp\/v2\/product\/1345\/revisions"}],"predecessor-version":[{"id":3825,"href":"https:\/\/robot-tonde-aspir.ch\/de\/wp-json\/wp\/v2\/product\/1345\/revisions\/3825"}],"wp:featuredmedia":[{"embeddable":true,"href":"https:\/\/robot-tonde-aspir.ch\/de\/wp-json\/wp\/v2\/media\/1350"}],"wp:attachment":[{"href":"https:\/\/robot-tonde-aspir.ch\/de\/wp-json\/wp\/v2\/media?parent=1345"}],"wp:term":[{"taxonomy":"product_brand","embeddable":true,"href":"https:\/\/robot-tonde-aspir.ch\/de\/wp-json\/wp\/v2\/product_brand?post=1345"},{"taxonomy":"product_cat","embeddable":true,"href":"https:\/\/robot-tonde-aspir.ch\/de\/wp-json\/wp\/v2\/product_cat?post=1345"},{"taxonomy":"product_tag","embeddable":true,"href":"https:\/\/robot-tonde-aspir.ch\/de\/wp-json\/wp\/v2\/product_tag?post=1345"}],"curies":[{"name":"wp","href":"https:\/\/api.w.org\/{rel}","templated":true}]}}