{"id":1352,"date":"2026-02-09T16:28:41","date_gmt":"2026-02-09T15:28:41","guid":{"rendered":"https:\/\/robot-tonde-aspir.ch\/?post_type=product&#038;p=1352"},"modified":"2026-02-09T16:28:41","modified_gmt":"2026-02-09T15:28:41","slug":"segway-navimow-h1500","status":"publish","type":"product","link":"https:\/\/robot-tonde-aspir.ch\/de\/product\/segway-navimow-h1500\/","title":{"rendered":"Segway Navimow H1500"},"content":{"rendered":"<p><strong>\u2713 Sans c\u00e2ble p\u00e9riph\u00e9rique<\/strong><\/p>\n<p><strong>\u2713 Pack tout inclus: robot, station de charge couverte, antenne RTK avec support sol &amp; mural<\/strong><\/p>\n<p><strong>\u2713 Hauteur de coupe r\u00e9glable de 2 \u00e0 9 cm<\/strong><\/p>\n<p><strong>\u2713 Cartographie et gestion par App<\/strong><\/p>\n<p><strong>\u2713 Hauteur et fr\u00e9quence de coupe r\u00e9glable \/ ajustable<\/strong><\/p>\n<p><strong>\u2713 Inclinaison max. 45%<\/strong><\/p>","protected":false},"excerpt":{"rendered":"<div class=\"offer  bg-custom text-custom\">\n<div class=\"text-with-icon\"><span class=\"bold text-sm\">Tondeuse tr\u00e8s fiable &#8211; zones et angles de coupe r\u00e9glables<\/span><\/div>\n<div class=\"prose text-sm\">\n<p>\u00c9conomie moyenne : 22 heures par saison<\/p>\n<\/div>\n<\/div>\n<div class=\"product-info__description\">\n<div class=\"prose\">\n<p>Segway Navimow est une v\u00e9ritable tondeuse robotis\u00e9e avanc\u00e9e qui utilise une limite virtuelle. \u00e9liminant ainsi le besoin d&rsquo;un c\u00e2blage p\u00e9rim\u00e9trique compliqu\u00e9. Facile \u00e0 utiliser et \u00e0 g\u00e9rer. Navimow vous donne plus de temps libre pour faire les choses que vous aimez et une pelouse impeccable sans effort \u00e0 chaque utilisation.<\/p>\n<\/div>\n<\/div>","protected":false},"featured_media":1353,"template":"","meta":[],"product_brand":[],"product_cat":[63],"product_tag":[],"class_list":{"0":"post-1352","1":"product","2":"type-product","3":"status-publish","4":"has-post-thumbnail","6":"product_cat-robots-tondeuses","8":"first","9":"instock","10":"taxable","11":"shipping-taxable","12":"purchasable","13":"product-type-simple"},"_links":{"self":[{"href":"https:\/\/robot-tonde-aspir.ch\/de\/wp-json\/wp\/v2\/product\/1352","targetHints":{"allow":["GET"]}}],"collection":[{"href":"https:\/\/robot-tonde-aspir.ch\/de\/wp-json\/wp\/v2\/product"}],"about":[{"href":"https:\/\/robot-tonde-aspir.ch\/de\/wp-json\/wp\/v2\/types\/product"}],"version-history":[{"count":1,"href":"https:\/\/robot-tonde-aspir.ch\/de\/wp-json\/wp\/v2\/product\/1352\/revisions"}],"predecessor-version":[{"id":1359,"href":"https:\/\/robot-tonde-aspir.ch\/de\/wp-json\/wp\/v2\/product\/1352\/revisions\/1359"}],"wp:featuredmedia":[{"embeddable":true,"href":"https:\/\/robot-tonde-aspir.ch\/de\/wp-json\/wp\/v2\/media\/1353"}],"wp:attachment":[{"href":"https:\/\/robot-tonde-aspir.ch\/de\/wp-json\/wp\/v2\/media?parent=1352"}],"wp:term":[{"taxonomy":"product_brand","embeddable":true,"href":"https:\/\/robot-tonde-aspir.ch\/de\/wp-json\/wp\/v2\/product_brand?post=1352"},{"taxonomy":"product_cat","embeddable":true,"href":"https:\/\/robot-tonde-aspir.ch\/de\/wp-json\/wp\/v2\/product_cat?post=1352"},{"taxonomy":"product_tag","embeddable":true,"href":"https:\/\/robot-tonde-aspir.ch\/de\/wp-json\/wp\/v2\/product_tag?post=1352"}],"curies":[{"name":"wp","href":"https:\/\/api.w.org\/{rel}","templated":true}]}}