{"id":1360,"date":"2026-02-09T16:51:52","date_gmt":"2026-02-09T15:51:52","guid":{"rendered":"https:\/\/robot-tonde-aspir.ch\/?post_type=product&#038;p=1360"},"modified":"2026-02-09T16:51:52","modified_gmt":"2026-02-09T15:51:52","slug":"robomow-rk1000","status":"publish","type":"product","link":"https:\/\/robot-tonde-aspir.ch\/de\/product\/robomow-rk1000\/","title":{"rendered":"Robomow RK1000"},"content":{"rendered":"<p>Le RK1000 cr\u00e9e une pelouse qui convient \u00e0 toutes les occasions. La possibilit\u00e9 de couper les bordures et un syst\u00e8me de coupe brevet\u00e9 garantissent que votre pelouse est au centre des regards. Il convient aux jardins de taille moyenne jusqu&rsquo;\u00e0 1000 m\u00b2.<\/p>\n<p>Notre nouvelle s\u00e9rie RK est \u00e9quip\u00e9e de nombreuses fonctions pour une utilisation facile et d&rsquo;excellents r\u00e9sultats de coupe qui vous inspireront. Avec la programmation sans effort de quatre zones secondaires \/ points de d\u00e9part et de deux zones s\u00e9par\u00e9es via l&rsquo;application ou l&rsquo;\u00e9cran tactile pratique et une hauteur de coupe maximale de 100 mm, la RK 1000 offre \u00e9galement une polyvalence maximale. Le moteur sans balais, le carter de coupe flottant et les lames d\u00e9cal\u00e9es convainquent par la pr\u00e9cision de la coupe m\u00eame sur les terrains irr\u00e9guliers. M\u00eame des pentes allant jusqu&rsquo;\u00e0 45 % ne posent aucun probl\u00e8me \u00e0 la tondeuse \u00e0 gazon robotis\u00e9e. Les roues garantissent une tr\u00e8s bonne adh\u00e9rence gr\u00e2ce \u00e0 leur traction optimale. Et la meilleure chose :gr\u00e2ce \u00e0 son faible niveau de bruit, vous n&rsquo;entendrez pratiquement pas que le robot est en service<\/p>","protected":false},"excerpt":{"rendered":"<table class=\"A9bI\">\n<tbody>\n<tr class=\"_3f8r\">\n<td class=\"col-5 col-md-3 s0tI\">Num\u00e9ro de mod\u00e8le<\/td>\n<td class=\"col-7 col-md-9 _3dhs\">22AKFAFB619C<\/td>\n<\/tr>\n<tr class=\"_3f8r\">\n<td class=\"col-5 col-md-3 s0tI\">Surface Recommand\u00e9e [m2]<\/td>\n<td class=\"col-7 col-md-9 _3dhs\">1000<\/td>\n<\/tr>\n<tr class=\"_3f8r\">\n<td class=\"col-5 col-md-3 s0tI\">Largeur de coupe<\/td>\n<td class=\"col-7 col-md-9 _3dhs\">21<\/td>\n<\/tr>\n<tr class=\"_3f8r\">\n<td class=\"col-5 col-md-3 s0tI\">Hauteur de coupe<\/td>\n<td class=\"col-7 col-md-9 _3dhs\">15\u2013100<\/td>\n<\/tr>\n<tr class=\"_3f8r\">\n<td class=\"col-5 col-md-3 s0tI\">Sub-zones \/ zones s\u00e9par\u00e9es<\/td>\n<td class=\"col-7 col-md-9 _3dhs\">1 zone principale 4 zones secondaires, 2 zones s\u00e9par\u00e9es<\/td>\n<\/tr>\n<tr class=\"_3f8r\">\n<td class=\"col-5 col-md-3 s0tI\">Mat\u00e9riel d&rsquo;installation<\/td>\n<td class=\"col-7 col-md-9 _3dhs\">Inclus<\/td>\n<\/tr>\n<tr class=\"_3f8r\">\n<td class=\"col-5 col-md-3 s0tI\">Moteurs de fauche<\/td>\n<td class=\"col-7 col-md-9 _3dhs\">Sans balai<\/td>\n<\/tr>\n<tr class=\"_3f8r\">\n<td class=\"col-5 col-md-3 s0tI\">Moteurs d&rsquo;entra\u00eenement<\/td>\n<td class=\"col-7 col-md-9 _3dhs\">Sans balai<\/td>\n<\/tr>\n<tr class=\"_3f8r\">\n<td class=\"col-5 col-md-3 s0tI\">Pente max. de la zone de fauchage<\/td>\n<td class=\"col-7 col-md-9 _3dhs\">45% \/ 24\u00b0<\/td>\n<\/tr>\n<tr class=\"_3f8r\">\n<td class=\"col-5 col-md-3 s0tI\">Pente max. du fil sur la pente<\/td>\n<td class=\"col-7 col-md-9 _3dhs\">20% \/ 11\u00b0<\/td>\n<\/tr>\n<tr class=\"_3f8r\">\n<td class=\"col-5 col-md-3 s0tI\">Niveau de bruit<\/td>\n<td class=\"col-7 col-md-9 _3dhs\">50 \/ 61 \/ 64<\/td>\n<\/tr>\n<tr class=\"_3f8r\">\n<td class=\"col-5 col-md-3 s0tI\">Temps de tonte<\/td>\n<td class=\"col-7 col-md-9 _3dhs\">40\u201350 min<\/td>\n<\/tr>\n<tr class=\"_3f8r\">\n<td class=\"col-5 col-md-3 s0tI\">Temps de charge<\/td>\n<td class=\"col-7 col-md-9 _3dhs\">60\u2013120 min<\/td>\n<\/tr>\n<tr class=\"_3f8r\">\n<td class=\"col-5 col-md-3 s0tI\">Type de batterie<\/td>\n<td class=\"col-7 col-md-9 _3dhs\">18,5V Li-Ion<\/td>\n<\/tr>\n<tr class=\"_3f8r\">\n<td class=\"col-5 col-md-3 s0tI\">Capacit\u00e9 de la batterie<\/td>\n<td class=\"col-7 col-md-9 _3dhs\">4,9 Ah<\/td>\n<\/tr>\n<tr class=\"_3f8r\">\n<td class=\"col-5 col-md-3 s0tI\">Consommation d\u2019\u00e9nergie<\/td>\n<td class=\"col-7 col-md-9 _3dhs\">4,0 kWh\/mois<\/td>\n<\/tr>\n<tr class=\"_3f8r\">\n<td class=\"col-5 col-md-3 s0tI\">UI (display)<\/td>\n<td class=\"col-7 col-md-9 _3dhs\">\u00c9cran tactile couleur HD de 4,3 pouces<\/td>\n<\/tr>\n<tr class=\"_3f8r\">\n<td class=\"col-5 col-md-3 s0tI\">Anti-vol<\/td>\n<td class=\"col-7 col-md-9 _3dhs\">Inclus<\/td>\n<\/tr>\n<tr class=\"_3f8r\">\n<td class=\"col-5 col-md-3 s0tI\">Programme de fauchage<\/td>\n<td class=\"col-7 col-md-9 _3dhs\">Inclus<\/td>\n<\/tr>\n<tr class=\"_3f8r\">\n<td class=\"col-5 col-md-3 s0tI\">Carter flottant<\/td>\n<td class=\"col-7 col-md-9 _3dhs\">Inclus<\/td>\n<\/tr>\n<tr class=\"_3f8r\">\n<td class=\"col-5 col-md-3 s0tI\">Suivre le fil \u00e0 proximit\u00e9 (MBLE\/IR)<\/td>\n<td class=\"col-7 col-md-9 _3dhs\">Inclus<\/td>\n<\/tr>\n<tr class=\"_3f8r\">\n<td class=\"col-5 col-md-3 s0tI\">GSM module<\/td>\n<td class=\"col-7 col-md-9 _3dhs\">\u2013<\/td>\n<\/tr>\n<tr class=\"_3f8r\">\n<td class=\"col-5 col-md-3 s0tI\">RoboHome<\/td>\n<td class=\"col-7 col-md-9 _3dhs\">En option (122-080-619)<\/td>\n<\/tr>\n<tr class=\"_3f8r\">\n<td class=\"col-5 col-md-3 s0tI\">Garantie<\/td>\n<td class=\"col-7 col-md-9 _3dhs\">3 ans<\/td>\n<\/tr>\n<tr class=\"_3f8r\">\n<td class=\"col-5 col-md-3 s0tI\">Conception modulaire<\/td>\n<td class=\"col-7 col-md-9 _3dhs\">&#8211;<\/td>\n<\/tr>\n<tr class=\"_3f8r\">\n<td class=\"col-5 col-md-3 s0tI\">Nombre de piquets<\/td>\n<td class=\"col-7 col-md-9 _3dhs\">&#8211;<\/td>\n<\/tr>\n<tr class=\"_3f8r\">\n<td class=\"col-5 col-md-3 s0tI\">C\u00e2ble<\/td>\n<td class=\"col-7 col-md-9 _3dhs\"><\/td>\n<\/tr>\n<\/tbody>\n<\/table>\n","protected":false},"featured_media":1361,"template":"","meta":[],"product_brand":[],"product_cat":[63],"product_tag":[],"class_list":{"0":"post-1360","1":"product","2":"type-product","3":"status-publish","4":"has-post-thumbnail","6":"product_cat-robots-tondeuses","8":"first","9":"instock","10":"taxable","11":"shipping-taxable","12":"purchasable","13":"product-type-simple"},"_links":{"self":[{"href":"https:\/\/robot-tonde-aspir.ch\/de\/wp-json\/wp\/v2\/product\/1360","targetHints":{"allow":["GET"]}}],"collection":[{"href":"https:\/\/robot-tonde-aspir.ch\/de\/wp-json\/wp\/v2\/product"}],"about":[{"href":"https:\/\/robot-tonde-aspir.ch\/de\/wp-json\/wp\/v2\/types\/product"}],"version-history":[{"count":1,"href":"https:\/\/robot-tonde-aspir.ch\/de\/wp-json\/wp\/v2\/product\/1360\/revisions"}],"predecessor-version":[{"id":1363,"href":"https:\/\/robot-tonde-aspir.ch\/de\/wp-json\/wp\/v2\/product\/1360\/revisions\/1363"}],"wp:featuredmedia":[{"embeddable":true,"href":"https:\/\/robot-tonde-aspir.ch\/de\/wp-json\/wp\/v2\/media\/1361"}],"wp:attachment":[{"href":"https:\/\/robot-tonde-aspir.ch\/de\/wp-json\/wp\/v2\/media?parent=1360"}],"wp:term":[{"taxonomy":"product_brand","embeddable":true,"href":"https:\/\/robot-tonde-aspir.ch\/de\/wp-json\/wp\/v2\/product_brand?post=1360"},{"taxonomy":"product_cat","embeddable":true,"href":"https:\/\/robot-tonde-aspir.ch\/de\/wp-json\/wp\/v2\/product_cat?post=1360"},{"taxonomy":"product_tag","embeddable":true,"href":"https:\/\/robot-tonde-aspir.ch\/de\/wp-json\/wp\/v2\/product_tag?post=1360"}],"curies":[{"name":"wp","href":"https:\/\/api.w.org\/{rel}","templated":true}]}}