{"id":1375,"date":"2026-02-09T18:56:02","date_gmt":"2026-02-09T17:56:02","guid":{"rendered":"https:\/\/robot-tonde-aspir.ch\/?post_type=product&#038;p=1375"},"modified":"2026-02-09T22:32:02","modified_gmt":"2026-02-09T21:32:02","slug":"john-deere-x350","status":"publish","type":"product","link":"https:\/\/robot-tonde-aspir.ch\/de\/product\/john-deere-x350\/","title":{"rendered":"John Deere X350"},"content":{"rendered":"<p>Vous recherchez un tracteur de jardin haute performance avec une collecte arri\u00e8re ? Le X350R est le choix qui s&rsquo;impose et qui a fait ses preuves. En plus des qualit\u00e9s de tonte et ramassage, vous appr\u00e9cierez la console moderne \u00e9pur\u00e9e rappelant une voiture, les commandes \u00e0 la disposition ergonomique et les p\u00e9dales de contr\u00f4le de la transmission hydrostatique Twin Touch\u2122 faciles \u00e0 utiliser. Ce tracteur est dot\u00e9 d&rsquo;un moteur silencieux, puissant et d&rsquo;une technologie moderne. Tableau de bord type automobile, commandes ergonomiques, si\u00e8ge confort, stabilisateur de vitesse. Une fiabilit\u00e9 sans compromis.<\/p>\n<p>Surface de tonte recommand\u00e9e jusqu&rsquo;\u00e0 8 000 m\u00b2<\/p>\n<p>&nbsp;<\/p>","protected":false},"excerpt":{"rendered":"<p>Les tracteurs de jardin des s\u00e9ries X300 sont garantis pendant deux ans sans limite d\u2019heures d\u2019utilisation. Si, \u00e0 l&rsquo;issue de cette p\u00e9riode, le compteur d&rsquo;heures de service totalise moins de 300 heures sur les mod\u00e8les X300, votre concessionnaire vous offrira une garantie sp\u00e9ciale pour une troisi\u00e8me et une quatri\u00e8me ann\u00e9e.<\/p>\n<p>Cette extension de garantie est valable jusqu&rsquo;au nombre d&rsquo;heures cit\u00e9 ou jusqu&rsquo;\u00e0 la fin de la quatri\u00e8me ann\u00e9e, selon la premi\u00e8re \u00e9ch\u00e9ance atteinte.<\/p>\n<p>&nbsp;<\/p>\n<p>Caract\u00e9ristiques du X350R\u00a0:<\/p>\n<p>Moteur Kawasaki 2 cylindre OHV, 19,2 CV, 726 cm3<br \/>\nCarter de coupe de largeur de coupe 107 cm, bac \u00e0 herbe de capacit\u00e9 350 L.<\/p>","protected":false},"featured_media":1380,"template":"","meta":[],"product_brand":[],"product_cat":[67],"product_tag":[],"class_list":{"0":"post-1375","1":"product","2":"type-product","3":"status-publish","4":"has-post-thumbnail","6":"product_cat-autoportees","8":"first","9":"instock","10":"taxable","11":"shipping-taxable","12":"purchasable","13":"product-type-simple"},"_links":{"self":[{"href":"https:\/\/robot-tonde-aspir.ch\/de\/wp-json\/wp\/v2\/product\/1375","targetHints":{"allow":["GET"]}}],"collection":[{"href":"https:\/\/robot-tonde-aspir.ch\/de\/wp-json\/wp\/v2\/product"}],"about":[{"href":"https:\/\/robot-tonde-aspir.ch\/de\/wp-json\/wp\/v2\/types\/product"}],"version-history":[{"count":1,"href":"https:\/\/robot-tonde-aspir.ch\/de\/wp-json\/wp\/v2\/product\/1375\/revisions"}],"predecessor-version":[{"id":1381,"href":"https:\/\/robot-tonde-aspir.ch\/de\/wp-json\/wp\/v2\/product\/1375\/revisions\/1381"}],"wp:featuredmedia":[{"embeddable":true,"href":"https:\/\/robot-tonde-aspir.ch\/de\/wp-json\/wp\/v2\/media\/1380"}],"wp:attachment":[{"href":"https:\/\/robot-tonde-aspir.ch\/de\/wp-json\/wp\/v2\/media?parent=1375"}],"wp:term":[{"taxonomy":"product_brand","embeddable":true,"href":"https:\/\/robot-tonde-aspir.ch\/de\/wp-json\/wp\/v2\/product_brand?post=1375"},{"taxonomy":"product_cat","embeddable":true,"href":"https:\/\/robot-tonde-aspir.ch\/de\/wp-json\/wp\/v2\/product_cat?post=1375"},{"taxonomy":"product_tag","embeddable":true,"href":"https:\/\/robot-tonde-aspir.ch\/de\/wp-json\/wp\/v2\/product_tag?post=1375"}],"curies":[{"name":"wp","href":"https:\/\/api.w.org\/{rel}","templated":true}]}}