{"id":1382,"date":"2026-02-09T19:09:26","date_gmt":"2026-02-09T18:09:26","guid":{"rendered":"https:\/\/robot-tonde-aspir.ch\/?post_type=product&#038;p=1382"},"modified":"2026-03-29T11:22:18","modified_gmt":"2026-03-29T09:22:18","slug":"husqvarna-rider-r214t","status":"publish","type":"product","link":"https:\/\/robot-tonde-aspir.ch\/de\/product\/husqvarna-rider-r214t\/","title":{"rendered":"Husqvarna Rider R214T Tracteur Tondeuse Frontale 94cm Autoport\u00e9e"},"content":{"rendered":"<p>Efficace, polyvalente et facile \u00e0 utiliser, cette tondeuse autoport\u00e9e vient facilement \u00e0 bout des plus grandes surfaces de gazon. La tondeuse Husqvarna R 214 TC Comfort Edition est \u00e9quip\u00e9e d\u2019un volant Softgrip et d\u2019un si\u00e8ge haut et confortable. Elle est \u00e9quip\u00e9e d\u2019un moteur bicylindre et d\u2019un plateau de coupe combin\u00e9 de 94 cm de large qui offre deux options de coupe \u2013 le mulching BioClip\u00ae pour la fertilisation du gazon et la tonte \u00e0 \u00e9jection arri\u00e8re pour l\u2019herbe plus haute et plus dure. Une tondeuse durable avec une excellente maniabilit\u00e9, facile \u00e0 nettoyer et \u00e0 entretenir gr\u00e2ce \u00e0 la position d\u2019entretien du plateau de coupe. Un grand choix d\u2019accessoires Husqvarna est disponible.<\/p>\n<p>\u25a0 Activation automatique de la lame<br \/>\n\u25a0 Porte-gobelet<br \/>\n\u25a0 Compteur d\u2019heures de fonctionnement<br \/>\n\u25a0 Faucheuse \u00e0 montage frontal<br \/>\n\u25a0 Husqvarna Connect<br \/>\n\u25a0 Direction articul\u00e9e<br \/>\n\u25a0 Position de conduite confortable<br \/>\n\u25a0 \u00c9l\u00e9ments de commande facilement accessibles<br \/>\n\u25a0 Faucheuse Combi<br \/>\n\u25a0 Faucheuse Combi avec BioClip\u00ae (fonction mulching)<br \/>\n\u25a0 Moteur derri\u00e8re le conducteur<br \/>\n\u25a0 Transmission hydrostatique command\u00e9e par p\u00e9dale<br \/>\n\u25a0 Essieu arri\u00e8re oscillant<br \/>\n\u25a0 Position de service<br \/>\n\u25a0 Espace de rangement<br \/>\n\u25a0 Usages multiples<br \/>\n\u25a0 Quatre grands pneus larges<br \/>\n\u25a0 Serrure de contact avec cl\u00e9 de d\u00e9marrage<\/p>","protected":false},"excerpt":{"rendered":"<h2 class=\"yikes-custom-woo-tab-title yikes-custom-woo-tab-title-donnees-techniques\">Donn\u00e9es techniques<\/h2>\n<table width=\"333\">\n<tbody>\n<tr>\n<td width=\"274\">TABLEAU DE RECOMMANDATIONS<\/td>\n<td width=\"59\"><\/td>\n<\/tr>\n<tr>\n<td width=\"274\">Grands jardins familiaux\/propri\u00e9t\u00e9s fonci\u00e8res<\/td>\n<td width=\"59\">\u25cf<\/td>\n<\/tr>\n<tr>\n<td width=\"274\">Jardins familiaux moyens\/grands<\/td>\n<td width=\"59\">\u25cf \u25cf \u25cf<\/td>\n<\/tr>\n<tr>\n<td width=\"274\">Jardins familiaux petits\/moyens<\/td>\n<td width=\"59\">\u25cf \u25cf<\/td>\n<\/tr>\n<tr>\n<td width=\"274\">Petits jardins familiaux<\/td>\n<td width=\"59\"><\/td>\n<\/tr>\n<tr>\n<td width=\"274\"><\/td>\n<td width=\"59\"><\/td>\n<\/tr>\n<tr>\n<td width=\"274\">DONN\u00c9ES TECHNIQUES<\/td>\n<td width=\"59\"><\/td>\n<\/tr>\n<tr>\n<td width=\"274\">Constructeur de moteurs<\/td>\n<td width=\"59\">Husqvarna<\/td>\n<\/tr>\n<tr>\n<td width=\"274\">D\u00e9signation du moteur<\/td>\n<td width=\"59\">HV 586AE<\/td>\n<\/tr>\n<tr>\n<td width=\"274\">Puissance nette \u00e0 tr\/min pr\u00e9d\u00e9fini, kW<\/td>\n<td width=\"59\">N\/A<\/td>\n<\/tr>\n<tr>\n<td width=\"274\">Puissance de la batterie V \/ Ah<\/td>\n<td width=\"59\">12\/24<\/td>\n<\/tr>\n<tr>\n<td width=\"274\">Type de lubrification du moteur<\/td>\n<td width=\"59\">Lubrification par circulation forc\u00e9e<\/td>\n<\/tr>\n<tr>\n<td width=\"274\">R\u00e9servoir de carburant, litres<\/td>\n<td>12<\/td>\n<\/tr>\n<tr>\n<td width=\"274\">Type de bo\u00eete de vitesses<\/td>\n<td width=\"59\">Hydrostatique<\/td>\n<\/tr>\n<tr>\n<td width=\"274\">Fabricant de bo\u00eetes de vitesses<\/td>\n<td width=\"59\">Tuff Torq<\/td>\n<\/tr>\n<tr>\n<td width=\"274\">Niveau de puissance acoustique garanti (LWA), dB(A)*<\/td>\n<td width=\"59\">N\/A<\/td>\n<\/tr>\n<tr>\n<td width=\"274\">Niveau de pression acoustique \u00e0 l\u2019oreille de l\u2019op\u00e9rateur, dB(A)**<\/td>\n<td width=\"59\">N\/A<\/td>\n<\/tr>\n<tr>\n<td width=\"274\">Niveau de vibrations du volant, m\/s\u00b2***<\/td>\n<td>1.9<\/td>\n<\/tr>\n<tr>\n<td width=\"274\">Niveau de vibration du si\u00e8ge, m\/s\u00b2***<\/td>\n<td>0.3<\/td>\n<\/tr>\n<tr>\n<td width=\"274\">M\u00e9thodes de coupe<\/td>\n<td width=\"59\">BioClip\u00ae \/ \u00e9jection arri\u00e8re<\/td>\n<\/tr>\n<tr>\n<td width=\"274\">Largeur de coupe,min.-max., cm<\/td>\n<td>94<\/td>\n<\/tr>\n<tr>\n<td width=\"274\">Hauteur de coupe, mini-maxi, mm<\/td>\n<td width=\"59\">25 -75<\/td>\n<\/tr>\n<tr>\n<td width=\"274\">Surface circulaire non fauch\u00e9e, cm<\/td>\n<td>30<\/td>\n<\/tr>\n<tr>\n<td width=\"274\">Couteau<\/td>\n<td>3<\/td>\n<\/tr>\n<tr>\n<td width=\"274\">Contenance du collecteur, litres<\/td>\n<td width=\"59\">\u2014<\/td>\n<\/tr>\n<tr>\n<td width=\"274\">Taille du pneumatique, arri\u00e8re<\/td>\n<td width=\"59\">170\/60-8<\/td>\n<\/tr>\n<tr>\n<td width=\"274\">Appareil de base, hauteur, cm<\/td>\n<td>107<\/td>\n<\/tr>\n<tr>\n<td width=\"274\">Appareil de base, longueur, cm<\/td>\n<td>223<\/td>\n<\/tr>\n<tr>\n<td width=\"274\">Appareil de base, largeur, cm<\/td>\n<td>100<\/td>\n<\/tr>\n<tr>\n<td width=\"274\">Poids, kg (sans plateau de coupe)<\/td>\n<td width=\"59\">N\/A<\/td>\n<\/tr>\n<tr>\n<td width=\"274\"><\/td>\n<td width=\"59\"><\/td>\n<\/tr>\n<tr>\n<td width=\"274\">FEATURES<\/td>\n<td width=\"59\"><\/td>\n<\/tr>\n<tr>\n<td width=\"274\">ACTech\u2122<\/td>\n<td width=\"59\">\u2014<\/td>\n<\/tr>\n<tr>\n<td width=\"274\">Assise coulissante r\u00e9glable<\/td>\n<td width=\"59\">\u2014<\/td>\n<\/tr>\n<tr>\n<td width=\"274\">Volant r\u00e9glable<\/td>\n<td width=\"59\">\u2022<\/td>\n<\/tr>\n<tr>\n<td width=\"274\">Traction int\u00e9grale<\/td>\n<td width=\"59\">\u2014<\/td>\n<\/tr>\n<tr>\n<td width=\"274\">Cadre de fixation<\/td>\n<td width=\"59\">\u2014<\/td>\n<\/tr>\n<tr>\n<td width=\"274\">Activation automatique des couteaux<\/td>\n<td width=\"59\">\u2022<\/td>\n<\/tr>\n<tr>\n<td width=\"274\">Porte-bagages<\/td>\n<td width=\"59\">\u2014<\/td>\n<\/tr>\n<tr>\n<td width=\"274\">Phares \u00e0 LED doubles<\/td>\n<td width=\"59\">\u2014<\/td>\n<\/tr>\n<tr>\n<td width=\"274\">Couvercle ext\u00e9rieur du r\u00e9servoir<\/td>\n<td width=\"59\">\u2022<\/td>\n<\/tr>\n<tr>\n<td width=\"274\">Phares \u00e0 LED<\/td>\n<td width=\"59\">\u2022<\/td>\n<\/tr>\n<tr>\n<td width=\"274\">Affichage IHM<\/td>\n<td width=\"59\">\u2014<\/td>\n<\/tr>\n<tr>\n<td width=\"274\">Compteur d\u2019heures de fonctionnement avec indicateur de maintenance<\/td>\n<td width=\"59\">\u2022<\/td>\n<\/tr>\n<tr>\n<td width=\"274\">Connectivit\u00e9 int\u00e9gr\u00e9e<\/td>\n<td width=\"59\">\u2014<\/td>\n<\/tr>\n<tr>\n<td width=\"274\">Cric hydraulique<\/td>\n<td width=\"59\">\u2014<\/td>\n<\/tr>\n<tr>\n<td width=\"274\">Direction assist\u00e9e<\/td>\n<td width=\"59\">\u2014<\/td>\n<\/tr>\n<tr>\n<td width=\"274\">Poste de service<\/td>\n<td width=\"59\">\u2022<\/td>\n<\/tr>\n<tr>\n<td width=\"274\">Volant avec zones de pr\u00e9hension d\u00e9finies et pommeau<\/td>\n<td width=\"59\">\u2014<\/td>\n<\/tr>\n<tr>\n<td width=\"274\">serrure de contact avec cl\u00e9 de d\u00e9marrage<\/td>\n<td width=\"59\">\u2022<\/td>\n<\/tr>\n<tr>\n<td width=\"274\">X-Change<\/td>\n<td width=\"59\">\u2014<\/td>\n<\/tr>\n<tr>\n<td width=\"274\">Prise de courant 12 V<\/td>\n<td width=\"59\">\u2014<\/td>\n<\/tr>\n<tr>\n<td width=\"274\"><\/td>\n<td width=\"59\"><\/td>\n<\/tr>\n<tr>\n<td width=\"274\">UNIT\u00c9S DE COUPE<\/td>\n<td width=\"59\"><\/td>\n<\/tr>\n<tr>\n<td width=\"274\">Combi 85<\/td>\n<td width=\"59\">\u2014<\/td>\n<\/tr>\n<tr>\n<td width=\"274\">Combi 94<\/td>\n<td width=\"59\">\u2022<\/td>\n<\/tr>\n<tr>\n<td width=\"274\">Combi 95<\/td>\n<td width=\"59\">\u2014<\/td>\n<\/tr>\n<tr>\n<td width=\"274\">Combi 103<\/td>\n<td width=\"59\">\u2014<\/td>\n<\/tr>\n<tr>\n<td width=\"274\">Combi 112<\/td>\n<td width=\"59\">\u2014<\/td>\n<\/tr>\n<tr>\n<td width=\"274\">Combi 122<\/td>\n<\/tr>\n<\/tbody>\n<\/table>","protected":false},"featured_media":1386,"template":"","meta":[],"product_brand":[41],"product_cat":[68,67],"product_tag":[],"class_list":{"0":"post-1382","1":"product","2":"type-product","3":"status-publish","4":"has-post-thumbnail","6":"product_brand-husqvarna","7":"product_cat-tondeuses-thermiques","8":"product_cat-autoportees","10":"first","11":"instock","12":"taxable","13":"shipping-taxable","14":"purchasable","15":"product-type-simple"},"_links":{"self":[{"href":"https:\/\/robot-tonde-aspir.ch\/de\/wp-json\/wp\/v2\/product\/1382","targetHints":{"allow":["GET"]}}],"collection":[{"href":"https:\/\/robot-tonde-aspir.ch\/de\/wp-json\/wp\/v2\/product"}],"about":[{"href":"https:\/\/robot-tonde-aspir.ch\/de\/wp-json\/wp\/v2\/types\/product"}],"version-history":[{"count":3,"href":"https:\/\/robot-tonde-aspir.ch\/de\/wp-json\/wp\/v2\/product\/1382\/revisions"}],"predecessor-version":[{"id":3879,"href":"https:\/\/robot-tonde-aspir.ch\/de\/wp-json\/wp\/v2\/product\/1382\/revisions\/3879"}],"wp:featuredmedia":[{"embeddable":true,"href":"https:\/\/robot-tonde-aspir.ch\/de\/wp-json\/wp\/v2\/media\/1386"}],"wp:attachment":[{"href":"https:\/\/robot-tonde-aspir.ch\/de\/wp-json\/wp\/v2\/media?parent=1382"}],"wp:term":[{"taxonomy":"product_brand","embeddable":true,"href":"https:\/\/robot-tonde-aspir.ch\/de\/wp-json\/wp\/v2\/product_brand?post=1382"},{"taxonomy":"product_cat","embeddable":true,"href":"https:\/\/robot-tonde-aspir.ch\/de\/wp-json\/wp\/v2\/product_cat?post=1382"},{"taxonomy":"product_tag","embeddable":true,"href":"https:\/\/robot-tonde-aspir.ch\/de\/wp-json\/wp\/v2\/product_tag?post=1382"}],"curies":[{"name":"wp","href":"https:\/\/api.w.org\/{rel}","templated":true}]}}