{"id":1407,"date":"2026-02-09T20:15:26","date_gmt":"2026-02-09T19:15:26","guid":{"rendered":"https:\/\/robot-tonde-aspir.ch\/?post_type=product&#038;p=1407"},"modified":"2026-02-09T21:42:13","modified_gmt":"2026-02-09T20:42:13","slug":"husqvarna-tc-138","status":"publish","type":"product","link":"https:\/\/robot-tonde-aspir.ch\/de\/product\/husqvarna-tc-138\/","title":{"rendered":"Husqvarna TC 138"},"content":{"rendered":"<p>Tension de l&rsquo;accu\/batterie 12 v capacit\u00e9 puissance nette au regime pr\u00e9selectionn\u00e9 revolutions per minute 2600 tr\/min puissance de sortie 8.9 kw rayon de braquage 16 dans dimensions poids brut de l&rsquo;article 276691 g poids net de l&rsquo;article 217724 g machine de base, hauteur 107 cm machine de base, longueur 178 cm machine de base, largeur (goulotte en bas) 102 cm<\/p>","protected":false},"excerpt":{"rendered":"<p>Tension de l&rsquo;accu\/batterie 12 v capacit\u00e9 puissance nette au regime pr\u00e9selectionn\u00e9 revolutions per minute 2600 tr\/min puissance de sortie 8.9<\/p>","protected":false},"featured_media":1408,"template":"","meta":[],"product_brand":[],"product_cat":[67],"product_tag":[],"class_list":{"0":"post-1407","1":"product","2":"type-product","3":"status-publish","4":"has-post-thumbnail","6":"product_cat-autoportees","8":"first","9":"instock","10":"taxable","11":"shipping-taxable","12":"purchasable","13":"product-type-simple"},"_links":{"self":[{"href":"https:\/\/robot-tonde-aspir.ch\/de\/wp-json\/wp\/v2\/product\/1407","targetHints":{"allow":["GET"]}}],"collection":[{"href":"https:\/\/robot-tonde-aspir.ch\/de\/wp-json\/wp\/v2\/product"}],"about":[{"href":"https:\/\/robot-tonde-aspir.ch\/de\/wp-json\/wp\/v2\/types\/product"}],"version-history":[{"count":1,"href":"https:\/\/robot-tonde-aspir.ch\/de\/wp-json\/wp\/v2\/product\/1407\/revisions"}],"predecessor-version":[{"id":1409,"href":"https:\/\/robot-tonde-aspir.ch\/de\/wp-json\/wp\/v2\/product\/1407\/revisions\/1409"}],"wp:featuredmedia":[{"embeddable":true,"href":"https:\/\/robot-tonde-aspir.ch\/de\/wp-json\/wp\/v2\/media\/1408"}],"wp:attachment":[{"href":"https:\/\/robot-tonde-aspir.ch\/de\/wp-json\/wp\/v2\/media?parent=1407"}],"wp:term":[{"taxonomy":"product_brand","embeddable":true,"href":"https:\/\/robot-tonde-aspir.ch\/de\/wp-json\/wp\/v2\/product_brand?post=1407"},{"taxonomy":"product_cat","embeddable":true,"href":"https:\/\/robot-tonde-aspir.ch\/de\/wp-json\/wp\/v2\/product_cat?post=1407"},{"taxonomy":"product_tag","embeddable":true,"href":"https:\/\/robot-tonde-aspir.ch\/de\/wp-json\/wp\/v2\/product_tag?post=1407"}],"curies":[{"name":"wp","href":"https:\/\/api.w.org\/{rel}","templated":true}]}}