{"id":1415,"date":"2026-02-09T20:42:41","date_gmt":"2026-02-09T19:42:41","guid":{"rendered":"https:\/\/robot-tonde-aspir.ch\/?post_type=product&#038;p=1415"},"modified":"2026-02-11T19:45:28","modified_gmt":"2026-02-11T18:45:28","slug":"tondeuse-frontale-stiga-park-pro-900-awx","status":"publish","type":"product","link":"https:\/\/robot-tonde-aspir.ch\/de\/product\/tondeuse-frontale-stiga-park-pro-900-awx\/","title":{"rendered":"Stiga Park Pro 900 AWX"},"content":{"rendered":"<h1 class=\"heading-2\"><span dir=\"auto\">Tondeuse frontale Stiga Park Pro 900 AWX<\/span><\/h1>\n<div>\n<ul>\n<li><span dir=\"auto\">Moteur \u00e0 essence Honda GXV 690<\/span><\/li>\n<li><span dir=\"auto\">Cylindre V2, 15,45 kW, 688 cm3, 3 200 tr\/min<\/span><\/li>\n<li><span dir=\"auto\">R\u00e9servoir de carburant : 15 litres avec indicateur de niveau de carburant<\/span><\/li>\n<li><span dir=\"auto\">Transmission hydrostatique, 4 roues motrices, 0-14 km\/h, r\u00e9gulateur de vitesse<\/span><\/li>\n<li><span dir=\"auto\">Pneus avant et arri\u00e8re\u00a0: 17\u00a0\u00bb x 8.00-8, profil Stiga<\/span><\/li>\n<li><span dir=\"auto\">Direction assist\u00e9e, direction articul\u00e9e<\/span><\/li>\n<li><span dir=\"auto\">Syst\u00e8me de changement rapide Release-And-Connect<\/span><\/li>\n<li><span dir=\"auto\">Prise de force, embrayage magn\u00e9tique pour outils mont\u00e9s \u00e0 l&rsquo;avant<\/span><\/li>\n<li><span dir=\"auto\">M\u00e9canisme de relevage des outils avant : hydraulique<\/span><\/li>\n<li><span dir=\"auto\">R\u00e9glage de la hauteur de coupe : \u00e9lectrique<\/span><\/li>\n<li><span dir=\"auto\">Hydraulique de l&rsquo;\u00e9quipement : 2 x double effet (Hydro Link)<\/span><\/li>\n<li><span dir=\"auto\">barre de remorquage standard<\/span><\/li>\n<li><span dir=\"auto\">Volant r\u00e9glable avec pommeau de direction<\/span><\/li>\n<li><span dir=\"auto\">Si\u00e8ge conducteur confort r\u00e9glable avec dossier haut et accoudoirs<\/span><\/li>\n<li><span dir=\"auto\">porte-gobelet<\/span><\/li>\n<li><span dir=\"auto\">Prises pour appareils 12 V \u00e0 l&rsquo;avant et \u00e0 l&rsquo;arri\u00e8re<\/span><\/li>\n<li><span dir=\"auto\">Phares \u00e0 LED<\/span><\/li>\n<li><span dir=\"auto\">Batterie 24 Ah avec interrupteur principal<\/span><\/li>\n<li><span dir=\"auto\">Tableau de bord avec affichage et compteur d&rsquo;heures de fonctionnement<\/span><\/li>\n<li><span dir=\"auto\">S\u00e9rie 9, Niveau Expert<\/span><\/li>\n<li><span dir=\"auto\">Vibrations maximales au niveau du volant : 3 m\/s\u00b2<\/span><\/li>\n<li><span dir=\"auto\">Vibrations maximales au niveau du si\u00e8ge : 0,6 m\/s\u00b2<\/span><\/li>\n<li><span dir=\"auto\">Niveau sonore : 100 dBA<\/span><\/li>\n<li><span dir=\"auto\">Dimensions (L x l x H) : 197 x 86,3 x 125,6 cm<\/span><\/li>\n<li><span dir=\"auto\">Poids 272 kg<\/span><\/li>\n<\/ul>\n<p class=\"content no_margin\"><span dir=\"auto\">La tondeuse autoport\u00e9e STIGA Park Pro 900 AWX, de haute qualit\u00e9, associe un puissant moteur bicylindre en V Honda de 688 cm\u00b3 \u00e0 une transmission int\u00e9grale et une direction articul\u00e9e assist\u00e9e, offrant ainsi des performances exceptionnelles, une motricit\u00e9 optimale et une maniabilit\u00e9 hors pair. Gr\u00e2ce \u00e0 son plateau de coupe avant, elle b\u00e9n\u00e9ficie d&rsquo;une visibilit\u00e9 d\u00e9gag\u00e9e et d&rsquo;une agilit\u00e9 remarquable.<\/span><\/p>\n<p class=\"content no_margin\">\n<p>&nbsp;<\/p>\n<\/div>","protected":false},"excerpt":{"rendered":"<p>Tondeuse frontale Stiga Park Pro 900 AWX Moteur \u00e0 essence Honda GXV 690 Cylindre V2, 15,45 kW, 688 cm3, 3<\/p>","protected":false},"featured_media":1416,"template":"","meta":[],"product_brand":[],"product_cat":[67],"product_tag":[],"class_list":{"0":"post-1415","1":"product","2":"type-product","3":"status-publish","4":"has-post-thumbnail","6":"product_cat-autoportees","8":"first","9":"instock","10":"taxable","11":"shipping-taxable","12":"purchasable","13":"product-type-simple"},"_links":{"self":[{"href":"https:\/\/robot-tonde-aspir.ch\/de\/wp-json\/wp\/v2\/product\/1415","targetHints":{"allow":["GET"]}}],"collection":[{"href":"https:\/\/robot-tonde-aspir.ch\/de\/wp-json\/wp\/v2\/product"}],"about":[{"href":"https:\/\/robot-tonde-aspir.ch\/de\/wp-json\/wp\/v2\/types\/product"}],"version-history":[{"count":3,"href":"https:\/\/robot-tonde-aspir.ch\/de\/wp-json\/wp\/v2\/product\/1415\/revisions"}],"predecessor-version":[{"id":1802,"href":"https:\/\/robot-tonde-aspir.ch\/de\/wp-json\/wp\/v2\/product\/1415\/revisions\/1802"}],"wp:featuredmedia":[{"embeddable":true,"href":"https:\/\/robot-tonde-aspir.ch\/de\/wp-json\/wp\/v2\/media\/1416"}],"wp:attachment":[{"href":"https:\/\/robot-tonde-aspir.ch\/de\/wp-json\/wp\/v2\/media?parent=1415"}],"wp:term":[{"taxonomy":"product_brand","embeddable":true,"href":"https:\/\/robot-tonde-aspir.ch\/de\/wp-json\/wp\/v2\/product_brand?post=1415"},{"taxonomy":"product_cat","embeddable":true,"href":"https:\/\/robot-tonde-aspir.ch\/de\/wp-json\/wp\/v2\/product_cat?post=1415"},{"taxonomy":"product_tag","embeddable":true,"href":"https:\/\/robot-tonde-aspir.ch\/de\/wp-json\/wp\/v2\/product_tag?post=1415"}],"curies":[{"name":"wp","href":"https:\/\/api.w.org\/{rel}","templated":true}]}}