{"id":3804,"date":"2026-03-19T02:51:43","date_gmt":"2026-03-19T01:51:43","guid":{"rendered":"https:\/\/robot-tonde-aspir.ch\/?post_type=product&#038;p=3804"},"modified":"2026-03-19T02:51:43","modified_gmt":"2026-03-19T01:51:43","slug":"pulverisateur-a-dos-rec-15-ac1-bloc-batterie-cas","status":"publish","type":"product","link":"https:\/\/robot-tonde-aspir.ch\/de\/product\/pulverisateur-a-dos-rec-15-ac1-bloc-batterie-cas\/","title":{"rendered":"Pulv\u00e9risateur \u00e0 dos REC 15 AC1 (Bloc batterie CAS)"},"content":{"rendered":"<p>Pulv\u00e9risateur \u00e0 dos 15 L \u00e0 batterie 18V CAS avec pression r\u00e9glable 0,5\u20136 bar.<\/p>\n<p>Le Birchmeier REC 15 AC1 est un pulv\u00e9risateur \u00e0 dos professionnel aliment\u00e9 par batterie, \u00e9quip\u00e9 du syst\u00e8me CAS (Cordless Alliance System).<\/p>\n<p>Il garantit une pulv\u00e9risation constante, une pression r\u00e9glable \u00e9lectroniquement et un confort optimal pour les applications agricoles et phytosanitaires exigeantes.<\/p>\n<p>Performances<br \/>\nPlage de pression : 0,5 \u2013 6 bar<br \/>\nD\u00e9bit : 0,2 \u2013 1,4 l\/min<br \/>\nBatterie 18 V Li-Power \/ 4,0 Ah<br \/>\nTemps de charge < 80 min\nConfort &#038; ergonomie\nSch\u00e9ma de pulv\u00e9risation constant\nTaille des gouttes r\u00e9glable\nTuyau avec sortie frontale\nSyst\u00e8me Click-ceinture\nEncoches ergonomiques sur le r\u00e9servoir\nRemplacement rapide du bloc batterie\nCommande \u00e9lectronique\nR\u00e9glage intelligent de la vitesse\nPression ajustable (0,5 \u2013 6 bar)\nOptimisation \u00e9nerg\u00e9tique\nProtection \u00e9lectronique pompe &#038; batterie\nSyst\u00e8me CAS\n30 % plus de puissance (4 Ah au lieu de 3 Ah)\nCompatible avec plus de 140 appareils\nAffichage LED du niveau de charge\nBatterie universelle compatible multi-marques\nApplications\nPesticides\nHerbicides\nProduits phytopharmaceutiques\nProduits biologiques\nEau\n<\/p>","protected":false},"excerpt":{"rendered":"<p>Pulv\u00e9risateur \u00e0 dos 15 L \u00e0 batterie 18V CAS avec pression r\u00e9glable 0,5\u20136 bar. Le Birchmeier REC 15 AC1 est<\/p>","protected":false},"featured_media":3805,"template":"","meta":[],"product_brand":[],"product_cat":[90],"product_tag":[],"class_list":{"0":"post-3804","1":"product","2":"type-product","3":"status-publish","4":"has-post-thumbnail","6":"product_cat-pulverisateurs-a-dos-batterie","8":"first","9":"instock","10":"taxable","11":"shipping-taxable","12":"purchasable","13":"product-type-simple"},"_links":{"self":[{"href":"https:\/\/robot-tonde-aspir.ch\/de\/wp-json\/wp\/v2\/product\/3804","targetHints":{"allow":["GET"]}}],"collection":[{"href":"https:\/\/robot-tonde-aspir.ch\/de\/wp-json\/wp\/v2\/product"}],"about":[{"href":"https:\/\/robot-tonde-aspir.ch\/de\/wp-json\/wp\/v2\/types\/product"}],"version-history":[{"count":1,"href":"https:\/\/robot-tonde-aspir.ch\/de\/wp-json\/wp\/v2\/product\/3804\/revisions"}],"predecessor-version":[{"id":3806,"href":"https:\/\/robot-tonde-aspir.ch\/de\/wp-json\/wp\/v2\/product\/3804\/revisions\/3806"}],"wp:featuredmedia":[{"embeddable":true,"href":"https:\/\/robot-tonde-aspir.ch\/de\/wp-json\/wp\/v2\/media\/3805"}],"wp:attachment":[{"href":"https:\/\/robot-tonde-aspir.ch\/de\/wp-json\/wp\/v2\/media?parent=3804"}],"wp:term":[{"taxonomy":"product_brand","embeddable":true,"href":"https:\/\/robot-tonde-aspir.ch\/de\/wp-json\/wp\/v2\/product_brand?post=3804"},{"taxonomy":"product_cat","embeddable":true,"href":"https:\/\/robot-tonde-aspir.ch\/de\/wp-json\/wp\/v2\/product_cat?post=3804"},{"taxonomy":"product_tag","embeddable":true,"href":"https:\/\/robot-tonde-aspir.ch\/de\/wp-json\/wp\/v2\/product_tag?post=3804"}],"curies":[{"name":"wp","href":"https:\/\/api.w.org\/{rel}","templated":true}]}}