{"id":3807,"date":"2026-03-19T03:08:11","date_gmt":"2026-03-19T02:08:11","guid":{"rendered":"https:\/\/robot-tonde-aspir.ch\/?post_type=product&#038;p=3807"},"modified":"2026-03-19T03:08:11","modified_gmt":"2026-03-19T02:08:11","slug":"pulverisateur-a-dos-iris-15-ad1-birchmeier","status":"publish","type":"product","link":"https:\/\/robot-tonde-aspir.ch\/de\/product\/pulverisateur-a-dos-iris-15-ad1-birchmeier\/","title":{"rendered":"Pulverisateur \u00e0 dos Iris 15 AD1 Birchmeier"},"content":{"rendered":"<p>Pulv\u00e9risateur \u00e0 dos professionnel 15 L avec buse brouillard Duro 1,5 mm et r\u00e9gulation PR3.<\/p>\n<p>Le Birchmeier Iris 15 AD1 est un pulv\u00e9risateur \u00e0 dos manuel professionnel \u00e9quip\u00e9 d\u2019un r\u00e9servoir de 15 litres, con\u00e7u pour les applications agricoles, phytosanitaires et biologiques.<\/p>\n<p>La version AD1 est \u00e9quip\u00e9e d\u2019une buse brouillard Duro 1,5 mm, d\u2019un joint NBR et d\u2019une soupape de r\u00e9gulation de pression PR3, garantissant une pulv\u00e9risation pr\u00e9cise et r\u00e9guli\u00e8re.<\/p>\n<p>Sa construction robuste assure une grande fiabilit\u00e9 m\u00eame en utilisation intensive.<\/p>\n<p>Avantages<br \/>\nR\u00e9servoir 15 litres<br \/>\nPression de service jusqu\u2019\u00e0 6 bar<br \/>\nBuse brouillard Duro 1,5 mm<br \/>\nJoint NBR r\u00e9sistant<br \/>\nSoupape de r\u00e9gulation PR3<br \/>\nConception professionnelle robuste<br \/>\nApplications<br \/>\nProduits biologiques<br \/>\nHerbicides<br \/>\nProduits phytosanitaires<br \/>\nPesticides<br \/>\nEau<\/p>","protected":false},"excerpt":{"rendered":"<p>Pulv\u00e9risateur \u00e0 dos professionnel 15 L avec buse brouillard Duro 1,5 mm et r\u00e9gulation PR3. Le Birchmeier Iris 15 AD1<\/p>","protected":false},"featured_media":3808,"template":"","meta":[],"product_brand":[],"product_cat":[92],"product_tag":[],"class_list":{"0":"post-3807","1":"product","2":"type-product","3":"status-publish","4":"has-post-thumbnail","6":"product_cat-pulverisateurs-a-pression-manuels","8":"first","9":"instock","10":"taxable","11":"shipping-taxable","12":"purchasable","13":"product-type-simple"},"_links":{"self":[{"href":"https:\/\/robot-tonde-aspir.ch\/de\/wp-json\/wp\/v2\/product\/3807","targetHints":{"allow":["GET"]}}],"collection":[{"href":"https:\/\/robot-tonde-aspir.ch\/de\/wp-json\/wp\/v2\/product"}],"about":[{"href":"https:\/\/robot-tonde-aspir.ch\/de\/wp-json\/wp\/v2\/types\/product"}],"version-history":[{"count":1,"href":"https:\/\/robot-tonde-aspir.ch\/de\/wp-json\/wp\/v2\/product\/3807\/revisions"}],"predecessor-version":[{"id":3809,"href":"https:\/\/robot-tonde-aspir.ch\/de\/wp-json\/wp\/v2\/product\/3807\/revisions\/3809"}],"wp:featuredmedia":[{"embeddable":true,"href":"https:\/\/robot-tonde-aspir.ch\/de\/wp-json\/wp\/v2\/media\/3808"}],"wp:attachment":[{"href":"https:\/\/robot-tonde-aspir.ch\/de\/wp-json\/wp\/v2\/media?parent=3807"}],"wp:term":[{"taxonomy":"product_brand","embeddable":true,"href":"https:\/\/robot-tonde-aspir.ch\/de\/wp-json\/wp\/v2\/product_brand?post=3807"},{"taxonomy":"product_cat","embeddable":true,"href":"https:\/\/robot-tonde-aspir.ch\/de\/wp-json\/wp\/v2\/product_cat?post=3807"},{"taxonomy":"product_tag","embeddable":true,"href":"https:\/\/robot-tonde-aspir.ch\/de\/wp-json\/wp\/v2\/product_tag?post=3807"}],"curies":[{"name":"wp","href":"https:\/\/api.w.org\/{rel}","templated":true}]}}