{"id":3816,"date":"2026-03-19T03:38:15","date_gmt":"2026-03-19T02:38:15","guid":{"rendered":"https:\/\/robot-tonde-aspir.ch\/?post_type=product&#038;p=3816"},"modified":"2026-03-19T03:38:15","modified_gmt":"2026-03-19T02:38:15","slug":"pulverisateur-electrique-birchmeier-reb-15-ac1","status":"publish","type":"product","link":"https:\/\/robot-tonde-aspir.ch\/de\/product\/pulverisateur-electrique-birchmeier-reb-15-ac1\/","title":{"rendered":"Pulv\u00e9risateur \u00c9lectrique Birchmeier REB 15 AC1"},"content":{"rendered":"<p>Pulv\u00e9risateur &#8211; nebulisateur Birchmeier Pulv\u00e9risateur \u00c9lectrique Birchmeier REB 15 AC1<\/p>\n<p>Fabricant\tBirchmeier<br \/>\nConditionnement\t1 unit\u00e9<br \/>\nFormulations\tPlastique<br \/>\nType d&rsquo;appareil\tPulv\u00e9risateurs \u00e0 Dos<br \/>\nPortabilit\u00e9 d&rsquo;appareil\tSac \u00e0 dos<br \/>\nCouleur\tRouge<br \/>\nCapacit\u00e9 du r\u00e9servoir\t15 litres<br \/>\nSource d&rsquo;\u00e9nergie\tBatterie<\/p>","protected":false},"excerpt":{"rendered":"<p>Pulv\u00e9risateur &#8211; nebulisateur Birchmeier Pulv\u00e9risateur \u00c9lectrique Birchmeier REB 15 AC1 Fabricant Birchmeier Conditionnement 1 unit\u00e9 Formulations Plastique Type d&rsquo;appareil Pulv\u00e9risateurs<\/p>","protected":false},"featured_media":3817,"template":"","meta":[],"product_brand":[],"product_cat":[90],"product_tag":[],"class_list":{"0":"post-3816","1":"product","2":"type-product","3":"status-publish","4":"has-post-thumbnail","6":"product_cat-pulverisateurs-a-dos-batterie","8":"first","9":"instock","10":"taxable","11":"shipping-taxable","12":"purchasable","13":"product-type-simple"},"_links":{"self":[{"href":"https:\/\/robot-tonde-aspir.ch\/de\/wp-json\/wp\/v2\/product\/3816","targetHints":{"allow":["GET"]}}],"collection":[{"href":"https:\/\/robot-tonde-aspir.ch\/de\/wp-json\/wp\/v2\/product"}],"about":[{"href":"https:\/\/robot-tonde-aspir.ch\/de\/wp-json\/wp\/v2\/types\/product"}],"version-history":[{"count":1,"href":"https:\/\/robot-tonde-aspir.ch\/de\/wp-json\/wp\/v2\/product\/3816\/revisions"}],"predecessor-version":[{"id":3818,"href":"https:\/\/robot-tonde-aspir.ch\/de\/wp-json\/wp\/v2\/product\/3816\/revisions\/3818"}],"wp:featuredmedia":[{"embeddable":true,"href":"https:\/\/robot-tonde-aspir.ch\/de\/wp-json\/wp\/v2\/media\/3817"}],"wp:attachment":[{"href":"https:\/\/robot-tonde-aspir.ch\/de\/wp-json\/wp\/v2\/media?parent=3816"}],"wp:term":[{"taxonomy":"product_brand","embeddable":true,"href":"https:\/\/robot-tonde-aspir.ch\/de\/wp-json\/wp\/v2\/product_brand?post=3816"},{"taxonomy":"product_cat","embeddable":true,"href":"https:\/\/robot-tonde-aspir.ch\/de\/wp-json\/wp\/v2\/product_cat?post=3816"},{"taxonomy":"product_tag","embeddable":true,"href":"https:\/\/robot-tonde-aspir.ch\/de\/wp-json\/wp\/v2\/product_tag?post=3816"}],"curies":[{"name":"wp","href":"https:\/\/api.w.org\/{rel}","templated":true}]}}