{"id":3822,"date":"2026-03-19T06:19:27","date_gmt":"2026-03-19T05:19:27","guid":{"rendered":"https:\/\/robot-tonde-aspir.ch\/?post_type=product&#038;p=3822"},"modified":"2026-03-19T06:19:27","modified_gmt":"2026-03-19T05:19:27","slug":"husqvarna-automower-robot-305-e-nera","status":"publish","type":"product","link":"https:\/\/robot-tonde-aspir.ch\/de\/product\/husqvarna-automower-robot-305-e-nera\/","title":{"rendered":"HUSQVARNA AUTOMOWER ROBOT 305 E NERA"},"content":{"rendered":"<p>Robot tondeuse sans c\u00e2ble qui tond les bordures, pour les pelouses jusqu&rsquo;\u00e0 900 m\u00b2<br \/>\nL&rsquo;Automower\u00ae Husqvarna 305E NERA est un robot tondeuse sans c\u00e2ble destin\u00e9 aux pelouses jusqu&rsquo;\u00e0 900 m\u00b2. Il r\u00e9duit la n\u00e9cessit\u00e9 de tailler les bordures de votre pelouse, ce qui vous permet de gagner du temps et de r\u00e9duire vos efforts gr\u00e2ce \u00e0 la fonction EdgeCut. L&rsquo;installation sans c\u00e2ble n\u00e9cessite une couverture Wi-Fi sur toute la surface de la pelouse, et gr\u00e2ce aux p\u00e9riph\u00e9ries virtuelles activ\u00e9es par notre technologie satellite incluse, l&rsquo;installation devient flexible et robuste.<\/p>\n<p>Pr\u00e9requis :<br \/>\n&#8211; Une couverture Internet Wi-Fi est n\u00e9cessaire sur toute la surface de la pelouse. Si vous ne disposez pas d&rsquo;une couverture Wi-Fi, vous pouvez acheter le kit Automower\u00ae Connect ou la station de r\u00e9f\u00e9rence Husqvarna EPOS\u00ae RS1.<br \/>\n&#8211; L&rsquo;application Automower\u00ae Connect. Disponible gratuitement sur l&rsquo;AppStore et Google Play.<\/p>\n<p>Tout commence dans l&rsquo;application Automower\u00ae Connect, o\u00f9 vous pouvez cr\u00e9er des zones de travail individuelles et personnalisables, ainsi que des zones d&rsquo;exclusion temporaires. Elles peuvent \u00eatre facilement modifi\u00e9es ult\u00e9rieurement pour s&rsquo;adapter \u00e0 vos projets de jardinage ou aux modifications apport\u00e9es \u00e0 la configuration de votre pelouse tout au long de la saison.<\/p>\n<p>La fonction de motifs de tonte personnalisables vous permet de choisir entre un motif en bandes, en damiers ou en triangles sur votre pelouse, et offre une capacit\u00e9 de surface de 900 m\u00b2. Pour une finition digne d&rsquo;une moquette, vous pouvez \u00e9galement choisir le mode al\u00e9atoire, qui offre une capacit\u00e9 de surface de 600 m\u00b2.<\/p>\n<p>Comment fonctionne la technologie satellite ?<br \/>\nPour obtenir une pr\u00e9cision de l&rsquo;ordre du centim\u00e8tre, le robot tondeuse doit recevoir des donn\u00e9es de correction, fournies gratuitement via Husqvarna Cloud. Cela n\u00e9cessite une couverture Wi-Fi sur toute la surface de la pelouse et offre une excellente pr\u00e9cision du positionnement, g\u00e9n\u00e9ralement sup\u00e9rieure \u00e0 5 cm. Si vous ne disposez pas d&rsquo;une couverture Wi-Fi, vous pouvez acheter le kit Automower\u00ae Connect comme accessoire suppl\u00e9mentaire pour b\u00e9n\u00e9ficier de la connectivit\u00e9 cellulaire. Cet accessoire doit \u00eatre install\u00e9 par un revendeur Husqvarna. Vous pouvez \u00e9galement acheter la station de r\u00e9f\u00e9rence Husqvarna EPOS\u00ae RS1, une solution autonome qui ne n\u00e9cessite aucune connexion Internet et offre une pr\u00e9cision encore plus \u00e9lev\u00e9e du positionnement du robot tondeuse (environ 2-3 cm).<\/p>\n<p>Pourquoi choisir Husqvarna ?<br \/>\nGr\u00e2ce \u00e0 notre position de leader mondial de la tonte robotis\u00e9e et \u00e0 plus de 30 ans d&rsquo;exp\u00e9rience, l&rsquo;Automower\u00ae est le choix de confiance de plus de 4 millions de clients pour obtenir une pelouse parfaitement tondue en toutes circonstances. Con\u00e7u en Su\u00e8de et fabriqu\u00e9 en Europe, vous pouvez lui faire confiance, ann\u00e9e apr\u00e8s ann\u00e9e.<\/p>","protected":false},"excerpt":{"rendered":"<p>Capacit\u00e9<\/p>\n<p>305E NERA sans station de r\u00e9f\u00e9rence<\/p>\n<p>Capacit\u00e9 de surface<\/p>\n<p>900 m\u00b2<\/p>\n<p>Capacit\u00e9 de surface &#8211; al\u00e9atoire<\/p>\n<p>600 m\u00b2<\/p>\n<p>Capacit\u00e9 de surface &#8211; syst\u00e9matique<\/p>\n<p>900 m\u00b2<\/p>\n<p>Pente maxi \u00e0 la p\u00e9riph\u00e9rie<\/p>\n<p>11 \u00b0<\/p>\n<p>Pente maxi en limite de fil<\/p>\n<p>20 %<\/p>\n<p>Inclinaison maximale au travail<\/p>\n<p>30 %<\/p>\n<p>Temps actif maximal<\/p>\n<p>15 h<\/p>\n<p>Suivre le c\u00e2ble guide<\/p>\n<p>2<\/p>\n<p>Syst\u00e8me de rechargement<\/p>\n<p>Automatique<\/p>\n<p>Syst\u00e8me de coupe<\/p>\n<p>305E NERA sans station de r\u00e9f\u00e9rence<\/p>\n<p>Syst\u00e8me de coupe<\/p>\n<p>2 disques avec 3 lames pivotantes aiguis\u00e9es<\/p>\n<p>Hauteurs de coupe max<\/p>\n<p>55 mm<\/p>\n<p>Hauteurs de coupe min<\/p>\n<p>20 mm<\/p>\n<p>Largeur de coupe<\/p>\n<p>22 cm<\/p>\n<p>R\u00e9glage de la hauteur de coupe<\/p>\n<p>\u00c9lectrique<\/p>\n<p>Protection anti-encastrement<\/p>\n<p>Oui<\/p>\n<p>Deux syst\u00e8mes de tonte<\/p>\n<p>Oui<\/p>\n<p>Donn\u00e9es relatives au produit<\/p>\n<p>305E NERA sans station de r\u00e9f\u00e9rence<\/p>\n<p>GTIN-13\/EAN<\/p>\n<p>7333377756335<\/p>\n<p>Brand (Ext. Matl Group)<\/p>\n<p>Husqvarna<\/p>\n<p>Code couleur<\/p>\n<p>Gris<\/p>\n<p>Niveau sonore mesur\u00e9 selon ISO11094<\/p>\n<p>60 dB(A)<\/p>\n<p>Indice de protection (code IP)<\/p>\n<p>IPX5<\/p>\n<p>Capacit\u00e9 de l&rsquo;accu\/batterie<\/p>\n<p>2 Ah<\/p>\n<p>Intensit\u00e9<\/p>\n<p>2,2 A<\/p>\n<p>Temps moyen de tonte par charge<\/p>\n<p>50 min<\/p>\n<p>Consommation moyenne d&rsquo;\u00e9nergie lors d&rsquo;un usage maximal<\/p>\n<p>7 kWh<\/p>\n<p>Type de l&rsquo;accu\/batterie<\/p>\n<p>Li-ion<\/p>\n<p>Type de poign\u00e9e<\/p>\n<p>Integr\u00e9<\/p>\n<p>Contr\u00f4le<\/p>\n<p>305E NERA sans station de r\u00e9f\u00e9rence<\/p>\n<p>Interface utilisateur<\/p>\n<p>Molette, \u00e9cran et LED d&rsquo;\u00e9tat\/app<\/p>\n<p>Tableau de bord<\/p>\n<p>\u00c9cran couleur TFT 2,8\u201d QVGA<\/p>\n<p>Fonction timer<\/p>\n<p>Oui<\/p>\n<p>Connectivit\u00e9<\/p>\n<p>Bluetooth\u00ae<\/p>\n<p>Contr\u00f4l\u00e9 par application<\/p>\n<p>Automower\u00ae Connect<\/p>\n<p>Int\u00e9gration Smart Home<\/p>\n<p>Oui<\/p>\n<p>Mise \u00e0 jour du firmware<\/p>\n<p>FOTA<\/p>\n<p>Dimensions hors tout<\/p>\n<p>305E NERA sans station de r\u00e9f\u00e9rence<\/p>\n<p>Hauteur de l&#8217;emballage<\/p>\n<p>340 mm<\/p>\n<p>Longueur d&#8217;emballage<\/p>\n<p>860 mm<\/p>\n<p>Largeur d&#8217;emballage<\/p>\n<p>590 mm<\/p>\n<p>Poids<\/p>\n<p>12,6 kg<\/p>\n<p>Dimension du produit, lxpxh Length<\/p>\n<p>68 cm<\/p>\n<p>Dimension du produit, lxpxh Width<\/p>\n<p>44 cm<\/p>\n<p>Dimension du produit, lxpxh Height<\/p>\n<p>28 cm<\/p>\n<p>S\u00e9curit\u00e9<\/p>\n<p>305E NERA sans station de r\u00e9f\u00e9rence<\/p>\n<p>GPS Anti-Vol<\/p>\n<p>Non<\/p>\n<p>Code PIN<\/p>\n<p>Oui<\/p>\n<p>Alarme<\/p>\n<p>Oui<\/p>\n<p>Capteur de soul\u00e8vement<\/p>\n<p>Oui<\/p>\n<p>Capteur d&rsquo;inclinaison<\/p>\n<p>Oui<\/p>\n<p>\u00c9quipement<\/p>\n<p>305E NERA sans station de r\u00e9f\u00e9rence<\/p>\n<p>Station de charge<\/p>\n<p>Oui<\/p>\n<p>Lames suppl\u00e9mentaires<\/p>\n<p>6 pcs<\/p>\n<p>Unit\u00e9 d&rsquo;alimentation<\/p>\n<p>Oui<\/p>\n<p>Low voltage cable<\/p>\n<p>10 m<\/p>","protected":false},"featured_media":3823,"template":"","meta":[],"product_brand":[],"product_cat":[63],"product_tag":[],"class_list":{"0":"post-3822","1":"product","2":"type-product","3":"status-publish","4":"has-post-thumbnail","6":"product_cat-robots-tondeuses","8":"first","9":"instock","10":"taxable","11":"shipping-taxable","12":"purchasable","13":"product-type-simple"},"_links":{"self":[{"href":"https:\/\/robot-tonde-aspir.ch\/de\/wp-json\/wp\/v2\/product\/3822","targetHints":{"allow":["GET"]}}],"collection":[{"href":"https:\/\/robot-tonde-aspir.ch\/de\/wp-json\/wp\/v2\/product"}],"about":[{"href":"https:\/\/robot-tonde-aspir.ch\/de\/wp-json\/wp\/v2\/types\/product"}],"version-history":[{"count":1,"href":"https:\/\/robot-tonde-aspir.ch\/de\/wp-json\/wp\/v2\/product\/3822\/revisions"}],"predecessor-version":[{"id":3824,"href":"https:\/\/robot-tonde-aspir.ch\/de\/wp-json\/wp\/v2\/product\/3822\/revisions\/3824"}],"wp:featuredmedia":[{"embeddable":true,"href":"https:\/\/robot-tonde-aspir.ch\/de\/wp-json\/wp\/v2\/media\/3823"}],"wp:attachment":[{"href":"https:\/\/robot-tonde-aspir.ch\/de\/wp-json\/wp\/v2\/media?parent=3822"}],"wp:term":[{"taxonomy":"product_brand","embeddable":true,"href":"https:\/\/robot-tonde-aspir.ch\/de\/wp-json\/wp\/v2\/product_brand?post=3822"},{"taxonomy":"product_cat","embeddable":true,"href":"https:\/\/robot-tonde-aspir.ch\/de\/wp-json\/wp\/v2\/product_cat?post=3822"},{"taxonomy":"product_tag","embeddable":true,"href":"https:\/\/robot-tonde-aspir.ch\/de\/wp-json\/wp\/v2\/product_tag?post=3822"}],"curies":[{"name":"wp","href":"https:\/\/api.w.org\/{rel}","templated":true}]}}