{"id":3826,"date":"2026-03-19T06:59:59","date_gmt":"2026-03-19T05:59:59","guid":{"rendered":"https:\/\/robot-tonde-aspir.ch\/?post_type=product&#038;p=3826"},"modified":"2026-03-19T06:59:59","modified_gmt":"2026-03-19T05:59:59","slug":"robot-tondeuse-husqvarna-automower-405x","status":"publish","type":"product","link":"https:\/\/robot-tonde-aspir.ch\/de\/product\/robot-tondeuse-husqvarna-automower-405x\/","title":{"rendered":"Robot tondeuse Husqvarna Automower 405X"},"content":{"rendered":"<p>Husqvarna Automower 405X &#8211; un mod\u00e8le fiable et puissant de la s\u00e9rie X-line, adapt\u00e9 aux petites surfaces de pelouse. Le 405X tond des pelouses complexes allant jusqu&rsquo;\u00e0 600 m\u00b2 avec une tonte syst\u00e9matique des passages pour des coupes parfaitement nettes dans les passages \u00e9troits et g\u00e8re sans probl\u00e8me des pentes allant jusqu&rsquo;\u00e0 40 %. Fonctionnement sans souci gr\u00e2ce \u00e0 un r\u00e9glage \u00e9lectrique de la hauteur de coupe, une fonction de hauteur cible, une protection contre le gel et un minuteur m\u00e9t\u00e9o. Facile \u00e0 nettoyer et \u00e0 laver avec un tuyau. En tant que membre de notre s\u00e9rie Premium X-line, il est \u00e9quip\u00e9 d&rsquo;Automower Connect avec suivi GPS en cas de vol et navigation assist\u00e9e par GPS, vous permettant de garder le contr\u00f4le de partout. Design X-line avec phares LED \u00e0 l&rsquo;avant, pare-chocs avant et enjoliveurs de roues color\u00e9s. \u00c9quip\u00e9 de FOTA (mise \u00e0 jour automatique du firmware par air).<\/p>\n<table class=\"yxKaXMd yao2wOS1\">\n<caption class=\"yao2wOSb\">\n<h3 class=\"yqD32XT8 yrKTEQa\">Sp\u00e9cifications principales<\/h3>\n<\/caption>\n<tbody>\n<tr class=\"yOkvvt63 yuy9OxC yuy9OxC2 yuy9OxC3 yuy9OxC5\">\n<td class=\"yOkvvt64 yOkvvt65 yOkvvt6B yOkvvt6C yOkvvt6E\">\n<div class=\"ywIf8Ay\">Max. Pente<\/div>\n<\/td>\n<td class=\"yOkvvt64 yOkvvt65 yOkvvt6B yOkvvt6C yOkvvt6E\">40%<\/td>\n<\/tr>\n<tr class=\"yOkvvt63 yuy9OxC yuy9OxC2 yuy9OxC3 yuy9OxC5\">\n<td class=\"yOkvvt64 yOkvvt65 yOkvvt6B yOkvvt6C yOkvvt6E\">\n<div class=\"ywIf8Ay\">S\u00e9curit\u00e9<\/div>\n<\/td>\n<td class=\"yOkvvt64 yOkvvt65 yOkvvt6B yOkvvt6C yOkvvt6E\">Verrouillage par code PIN<\/td>\n<\/tr>\n<tr class=\"yOkvvt63 yuy9OxC yuy9OxC2 yuy9OxC3 yuy9OxC5\">\n<td class=\"yOkvvt64 yOkvvt65 yOkvvt6B yOkvvt6C yOkvvt6E\">\n<div class=\"ywIf8Ay\">Largeur de coupe<\/div>\n<\/td>\n<td class=\"yOkvvt64 yOkvvt65 yOkvvt6B yOkvvt6C yOkvvt6E\">22\u00a0cm<\/td>\n<\/tr>\n<tr class=\"yOkvvt63 yuy9OxC yuy9OxC2 yuy9OxC3 yuy9OxC5\">\n<td class=\"yOkvvt64 yOkvvt65 yOkvvt6B yOkvvt6C yOkvvt6E\">\n<div class=\"ywIf8Ay\">Hauteur de coupe<\/div>\n<\/td>\n<td class=\"yOkvvt64 yOkvvt65 yOkvvt6B yOkvvt6C yOkvvt6E\">20 &#8211; 50 mm<\/td>\n<\/tr>\n<tr class=\"yOkvvt63 yuy9OxC yuy9OxC2 yuy9OxC3 yuy9OxC5\">\n<td class=\"yOkvvt64 yOkvvt65 yOkvvt6B yOkvvt6C yOkvvt6E\">\n<div class=\"ywIf8Ay\">Propri\u00e9t\u00e9s suppl\u00e9mentaires<\/div>\n<\/td>\n<td class=\"yOkvvt64 yOkvvt65 yOkvvt6B yOkvvt6C yOkvvt6E\">Soutien aux applications<\/td>\n<\/tr>\n<\/tbody>\n<\/table>","protected":false},"excerpt":{"rendered":"<p>Husqvarna Automower 405X &#8211; un mod\u00e8le fiable et puissant de la s\u00e9rie X-line, adapt\u00e9 aux petites surfaces de pelouse. Le<\/p>","protected":false},"featured_media":3827,"template":"","meta":[],"product_brand":[],"product_cat":[63],"product_tag":[],"class_list":{"0":"post-3826","1":"product","2":"type-product","3":"status-publish","4":"has-post-thumbnail","6":"product_cat-robots-tondeuses","8":"first","9":"instock","10":"taxable","11":"shipping-taxable","12":"purchasable","13":"product-type-simple"},"_links":{"self":[{"href":"https:\/\/robot-tonde-aspir.ch\/de\/wp-json\/wp\/v2\/product\/3826","targetHints":{"allow":["GET"]}}],"collection":[{"href":"https:\/\/robot-tonde-aspir.ch\/de\/wp-json\/wp\/v2\/product"}],"about":[{"href":"https:\/\/robot-tonde-aspir.ch\/de\/wp-json\/wp\/v2\/types\/product"}],"version-history":[{"count":1,"href":"https:\/\/robot-tonde-aspir.ch\/de\/wp-json\/wp\/v2\/product\/3826\/revisions"}],"predecessor-version":[{"id":3828,"href":"https:\/\/robot-tonde-aspir.ch\/de\/wp-json\/wp\/v2\/product\/3826\/revisions\/3828"}],"wp:featuredmedia":[{"embeddable":true,"href":"https:\/\/robot-tonde-aspir.ch\/de\/wp-json\/wp\/v2\/media\/3827"}],"wp:attachment":[{"href":"https:\/\/robot-tonde-aspir.ch\/de\/wp-json\/wp\/v2\/media?parent=3826"}],"wp:term":[{"taxonomy":"product_brand","embeddable":true,"href":"https:\/\/robot-tonde-aspir.ch\/de\/wp-json\/wp\/v2\/product_brand?post=3826"},{"taxonomy":"product_cat","embeddable":true,"href":"https:\/\/robot-tonde-aspir.ch\/de\/wp-json\/wp\/v2\/product_cat?post=3826"},{"taxonomy":"product_tag","embeddable":true,"href":"https:\/\/robot-tonde-aspir.ch\/de\/wp-json\/wp\/v2\/product_tag?post=3826"}],"curies":[{"name":"wp","href":"https:\/\/api.w.org\/{rel}","templated":true}]}}