{"id":3834,"date":"2026-03-19T13:40:51","date_gmt":"2026-03-19T12:40:51","guid":{"rendered":"https:\/\/robot-tonde-aspir.ch\/?post_type=product&#038;p=3834"},"modified":"2026-03-19T13:40:51","modified_gmt":"2026-03-19T12:40:51","slug":"pulverisateur-a-pression-birchmeier-a50-ac1-50-l","status":"publish","type":"product","link":"https:\/\/robot-tonde-aspir.ch\/de\/product\/pulverisateur-a-pression-birchmeier-a50-ac1-50-l\/","title":{"rendered":"Pulv\u00e9risateur \u00e0 pression Birchmeier A50 AC1 &#8211; 50 L"},"content":{"rendered":"<p><strong>Pulv\u00e9risateur \u00e0 batterie \u00e0 2 roues avec contr\u00f4le \u00e9lectronique de la pression<\/strong><\/p>\n<p>Le pulv\u00e9risateur Birchmeier A50 AC1 est une solution puissante, \u00e9cologique et sans \u00e9missions, id\u00e9ale pour un usage professionnel intensif. Dot\u00e9 d&rsquo;un r\u00e9servoir de 50 litres et d&rsquo;une pression de service r\u00e9glable de 1 \u00e0 10 bars, il offre une pulv\u00e9risation uniforme pour une performance optimale. Ses roues robustes avec freins assurent stabilit\u00e9 et mobilit\u00e9, tandis que son tuyau de 10 m\u00e8tres offre une grande polyvalence d&rsquo;utilisation.<\/p>\n<p>Ce pulv\u00e9risateur est dot\u00e9 d&rsquo;une large ouverture de remplissage avec cr\u00e9pine pour un remplissage ais\u00e9 et d&rsquo;une pompe robuste \u00e0 commande \u00e9lectronique et r\u00e9gulation de pression. Gr\u00e2ce \u00e0 sa batterie performante, l&rsquo;A50 AC1 offre une autonomie de 1 \u00e0 16 heures, selon la pression et les accessoires utilis\u00e9s. Avec un poids \u00e0 vide de 33 kg, ce pulv\u00e9risateur est un choix fiable, efficace et respectueux de l&rsquo;environnement pour les travaux de pulv\u00e9risation exigeants.<\/p>\n<p><strong>Caract\u00e9ristiques<\/strong><\/p>\n<ul>\n<li>Volume de remplissage : 50 l<\/li>\n<li>Pression de service : 1 \u00e0 10 bar (\u00e0 commande \u00e9lectronique)<\/li>\n<li>D\u00e9bit de pulv\u00e9risation\u00a0: 1,1 \u00e0 3,3 l\/min avec 2 buses Duro Mist de 1,5 mm<\/li>\n<li>Batterie : 18 V CAS LiHD \/ 8,0 Ah<\/li>\n<li>Dur\u00e9e de pulv\u00e9risation\u00a0: jusqu\u2019\u00e0 16\u00a0heures ou jusqu\u2019\u00e0 1065\u00a0l par charge de batterie (selon la pression et les accessoires)<\/li>\n<li>Temps de charge de la batterie &lt; 160 min<\/li>\n<\/ul>","protected":false},"excerpt":{"rendered":"<p>Pulv\u00e9risateur \u00e0 batterie \u00e0 2 roues avec contr\u00f4le \u00e9lectronique de la pression Le pulv\u00e9risateur Birchmeier A50 AC1 est une solution<\/p>","protected":false},"featured_media":3838,"template":"","meta":[],"product_brand":[],"product_cat":[90],"product_tag":[],"class_list":{"0":"post-3834","1":"product","2":"type-product","3":"status-publish","4":"has-post-thumbnail","6":"product_cat-pulverisateurs-a-dos-batterie","8":"first","9":"instock","10":"taxable","11":"shipping-taxable","12":"purchasable","13":"product-type-simple"},"_links":{"self":[{"href":"https:\/\/robot-tonde-aspir.ch\/de\/wp-json\/wp\/v2\/product\/3834","targetHints":{"allow":["GET"]}}],"collection":[{"href":"https:\/\/robot-tonde-aspir.ch\/de\/wp-json\/wp\/v2\/product"}],"about":[{"href":"https:\/\/robot-tonde-aspir.ch\/de\/wp-json\/wp\/v2\/types\/product"}],"version-history":[{"count":1,"href":"https:\/\/robot-tonde-aspir.ch\/de\/wp-json\/wp\/v2\/product\/3834\/revisions"}],"predecessor-version":[{"id":3839,"href":"https:\/\/robot-tonde-aspir.ch\/de\/wp-json\/wp\/v2\/product\/3834\/revisions\/3839"}],"wp:featuredmedia":[{"embeddable":true,"href":"https:\/\/robot-tonde-aspir.ch\/de\/wp-json\/wp\/v2\/media\/3838"}],"wp:attachment":[{"href":"https:\/\/robot-tonde-aspir.ch\/de\/wp-json\/wp\/v2\/media?parent=3834"}],"wp:term":[{"taxonomy":"product_brand","embeddable":true,"href":"https:\/\/robot-tonde-aspir.ch\/de\/wp-json\/wp\/v2\/product_brand?post=3834"},{"taxonomy":"product_cat","embeddable":true,"href":"https:\/\/robot-tonde-aspir.ch\/de\/wp-json\/wp\/v2\/product_cat?post=3834"},{"taxonomy":"product_tag","embeddable":true,"href":"https:\/\/robot-tonde-aspir.ch\/de\/wp-json\/wp\/v2\/product_tag?post=3834"}],"curies":[{"name":"wp","href":"https:\/\/api.w.org\/{rel}","templated":true}]}}