{"id":3886,"date":"2026-04-02T07:18:04","date_gmt":"2026-04-02T05:18:04","guid":{"rendered":"https:\/\/robot-tonde-aspir.ch\/?post_type=product&#038;p=3886"},"modified":"2026-04-02T07:18:04","modified_gmt":"2026-04-02T05:18:04","slug":"husqvarna-415x-automower-1500-m%c2%b2","status":"publish","type":"product","link":"https:\/\/robot-tonde-aspir.ch\/de\/product\/husqvarna-415x-automower-1500-m%c2%b2\/","title":{"rendered":"Husqvarna 415X Automower 1500 m\u00b2"},"content":{"rendered":"<p>Husqvarna Automower 415X &#8211; un mod\u00e8le fiable et puissant de la s\u00e9rie X-line, adapt\u00e9 aux pelouses de taille moyenne. Le 415X tond des pelouses complexes jusqu&rsquo;\u00e0 1 500 m\u00b2 avec une tonte syst\u00e9matique des passages pour des coupes parfaitement nettes dans les all\u00e9es \u00e9troites et g\u00e8re sans effort des pentes allant jusqu&rsquo;\u00e0 40 %. Fonctionnement sans souci gr\u00e2ce \u00e0 un r\u00e9glage \u00e9lectrique de la hauteur de coupe, une fonction de hauteur cible, une protection contre le gel et un minuteur m\u00e9t\u00e9o. Facile \u00e0 nettoyer et \u00e0 laver avec un tuyau. En tant que membre de notre s\u00e9rie Premium X-line, il est \u00e9quip\u00e9 d&rsquo;Automower Connect avec suivi GPS en cas de vol et navigation assist\u00e9e par GPS, vous permettant de garder le contr\u00f4le de n&rsquo;importe o\u00f9. Design X-line avec phares avant \u00e0 LED, pare-chocs avant et enjoliveurs de roues color\u00e9s. \u00c9quip\u00e9 de FOTA (mise \u00e0 jour automatique du firmware par voie a\u00e9rienne).<\/p>","protected":false},"excerpt":{"rendered":"<div class=\"yTnmvJu1\">\n<div class=\"yZQgvmV yZQgvmV1 yxKaXMd1\">\n<table class=\"yxKaXMd yao2wOS1\">\n<caption class=\"yao2wOSb\">\n<h3 class=\"yqD32XT8 yrKTEQa\">Sp\u00e9cifications principales<\/h3>\n<\/caption>\n<tbody>\n<tr class=\"yOkvvt63 yuy9OxC yuy9OxC2 yuy9OxC3 yuy9OxC5\">\n<td class=\"yOkvvt64 yOkvvt65 yOkvvt6B yOkvvt6C yOkvvt6E\">\n<div class=\"ywIf8Ay\">Max. Pente<\/div>\n<\/td>\n<td class=\"yOkvvt64 yOkvvt65 yOkvvt6B yOkvvt6C yOkvvt6E\">40%<\/td>\n<\/tr>\n<tr class=\"yOkvvt63 yuy9OxC yuy9OxC2 yuy9OxC3 yuy9OxC5\">\n<td class=\"yOkvvt64 yOkvvt65 yOkvvt6B yOkvvt6C yOkvvt6E\">\n<div class=\"ywIf8Ay\">S\u00e9curit\u00e9<\/div>\n<\/td>\n<td class=\"yOkvvt64 yOkvvt65 yOkvvt6B yOkvvt6C yOkvvt6E\">\n<div class=\"yQqusFs1\"><span class=\"yQqusFs\">Arr\u00eat d&rsquo;urgence,\u00a0<\/span><span class=\"yQqusFs\">Protection antivol,\u00a0<\/span><span class=\"yQqusFs\">Serrure de s\u00e9curit\u00e9<\/span><\/div>\n<\/td>\n<\/tr>\n<tr class=\"yOkvvt63 yuy9OxC yuy9OxC2 yuy9OxC3 yuy9OxC5\">\n<td class=\"yOkvvt64 yOkvvt65 yOkvvt6B yOkvvt6C yOkvvt6E\">\n<div class=\"ywIf8Ay\">Largeur de coupe<\/div>\n<\/td>\n<td class=\"yOkvvt64 yOkvvt65 yOkvvt6B yOkvvt6C yOkvvt6E\">22\u00a0cm<\/td>\n<\/tr>\n<tr class=\"yOkvvt63 yuy9OxC yuy9OxC2 yuy9OxC3 yuy9OxC5\">\n<td class=\"yOkvvt64 yOkvvt65 yOkvvt6B yOkvvt6C yOkvvt6E\">\n<div class=\"ywIf8Ay\">Hauteur de coupe<\/div>\n<\/td>\n<td class=\"yOkvvt64 yOkvvt65 yOkvvt6B yOkvvt6C yOkvvt6E\">20 &#8211; 50 mm<\/td>\n<\/tr>\n<tr class=\"yOkvvt63 yuy9OxC yuy9OxC2 yuy9OxC3 yuy9OxC5\">\n<td class=\"yOkvvt64 yOkvvt65 yOkvvt6B yOkvvt6C yOkvvt6E\">\n<div class=\"ywIf8Ay\">Propri\u00e9t\u00e9s suppl\u00e9mentaires<\/div>\n<\/td>\n<td class=\"yOkvvt64 yOkvvt65 yOkvvt6B yOkvvt6C yOkvvt6E\">Soutien aux applications<\/td>\n<\/tr>\n<tr class=\"yOkvvt63 yuy9OxC yuy9OxC2 yuy9OxC3 yuy9OxC5\">\n<td class=\"yOkvvt64 yOkvvt65 yOkvvt6B yOkvvt6C yOkvvt6E\">\n<div class=\"ywIf8Ay\">\u00c9cosyst\u00e8me domotique<\/div>\n<\/td>\n<td class=\"yOkvvt64 yOkvvt65 yOkvvt6B yOkvvt6C yOkvvt6E\">\n<div class=\"yQqusFs1\"><span class=\"yQqusFs\">Amazon Alexa,\u00a0<\/span><span class=\"yQqusFs\">Assistant Google,\u00a0<\/span><span class=\"yQqusFs\">IFTTT<button class=\"ylu1hrb\" tabindex=\"0\" role=\"button\" type=\"button\" aria-label=\"Plus d\u2019informations\" aria-haspopup=\"dialog\" aria-expanded=\"false\"><span class=\"yWEDHku\" aria-hidden=\"true\">i<\/span><\/button><\/span><\/div>\n<\/td>\n<\/tr>\n<\/tbody>\n<\/table>\n<\/div>\n<\/div>\n<div id=\"\u00abR2ncfqp39d56bi6\u00bb\" class=\"yqCAcxE1 yqCAcxE3\">\n<div class=\"yTnmvJu1\">\n<div class=\"yxKaXMd1\">\n<table class=\"yxKaXMd yao2wOS1\">\n<caption class=\"yao2wOSb\">\n<h3 class=\"yqD32XT8 yrKTEQa\">Informations g\u00e9n\u00e9rales<\/h3>\n<\/caption>\n<tbody>\n<tr class=\"yOkvvt63 yuy9OxC yuy9OxC2 yuy9OxC3 yuy9OxC5\">\n<td class=\"yOkvvt64 yOkvvt65 yOkvvt6B yOkvvt6C yOkvvt6E\">\n<div class=\"ywIf8Ay\">Num\u00e9ro d&rsquo;article<\/div>\n<\/td>\n<td class=\"yOkvvt64 yOkvvt65 yOkvvt6B yOkvvt6C yOkvvt6E\">14684125<\/td>\n<\/tr>\n<tr class=\"yOkvvt63 yuy9OxC yuy9OxC2 yuy9OxC3 yuy9OxC5\">\n<td class=\"yOkvvt64 yOkvvt65 yOkvvt6B yOkvvt6C yOkvvt6E\">\n<div class=\"ywIf8Ay\">Fabricant<\/div>\n<\/td>\n<td class=\"yOkvvt64 yOkvvt65 yOkvvt6B yOkvvt6C yOkvvt6E\"><a class=\"yRfMIL6 yRfMIL66\" href=\"https:\/\/www.digitec.ch\/fr\/brand\/husqvarna-735\">Husqvarna<\/a><\/td>\n<\/tr>\n<tr class=\"yOkvvt63 yuy9OxC yuy9OxC2 yuy9OxC3 yuy9OxC5\">\n<td class=\"yOkvvt64 yOkvvt65 yOkvvt6B yOkvvt6C yOkvvt6E\">\n<div class=\"ywIf8Ay\">Cat\u00e9gorie<\/div>\n<\/td>\n<td class=\"yOkvvt64 yOkvvt65 yOkvvt6B yOkvvt6C yOkvvt6E\"><a class=\"yRfMIL6 yRfMIL66\" href=\"https:\/\/www.digitec.ch\/fr\/s1\/producttype\/tondeuse-robot-337\">Tondeuse robot<\/a><\/td>\n<\/tr>\n<tr class=\"yOkvvt63 yuy9OxC yuy9OxC2 yuy9OxC3 yuy9OxC5\">\n<td class=\"yOkvvt64 yOkvvt65 yOkvvt6B yOkvvt6C yOkvvt6E\">\n<div class=\"ywIf8Ay\">R\u00e9f. du fabricant<\/div>\n<\/td>\n<td class=\"yOkvvt64 yOkvvt65 yOkvvt6B yOkvvt6C yOkvvt6E\">970471704<\/td>\n<\/tr>\n<tr class=\"yOkvvt63 yuy9OxC yuy9OxC2 yuy9OxC3 yuy9OxC5\">\n<td class=\"yOkvvt64 yOkvvt65 yOkvvt6B yOkvvt6C yOkvvt6E\">\n<div class=\"ywIf8Ay\">Date de sortie<\/div>\n<\/td>\n<td class=\"yOkvvt64 yOkvvt65 yOkvvt6B yOkvvt6C yOkvvt6E\">27\/1\/2021<\/td>\n<\/tr>\n<\/tbody>\n<\/table>\n<\/div>\n<div class=\"yxKaXMd1\">\n<table class=\"yxKaXMd yao2wOS1\">\n<caption class=\"yao2wOSb\">\n<h3 class=\"yqD32XT8 yrKTEQa\">Propri\u00e9t\u00e9s de la tondeuse automatique<\/h3>\n<\/caption>\n<tbody>\n<tr class=\"yOkvvt63 yuy9OxC yuy9OxC2 yuy9OxC3 yuy9OxC5\">\n<td class=\"yOkvvt64 yOkvvt65 yOkvvt6B yOkvvt6C yOkvvt6E\">\n<div class=\"ywIf8Ay\">Syst\u00e8me de tonte<\/div>\n<\/td>\n<td class=\"yOkvvt64 yOkvvt65 yOkvvt6B yOkvvt6C yOkvvt6E\">Syst\u00e9matiquement<\/td>\n<\/tr>\n<tr class=\"yOkvvt63 yuy9OxC yuy9OxC2 yuy9OxC3 yuy9OxC5\">\n<td class=\"yOkvvt64 yOkvvt65 yOkvvt6B yOkvvt6C yOkvvt6E\">\n<div class=\"ywIf8Ay\">Pour les surfaces de jusqu&rsquo;\u00e0<\/div>\n<\/td>\n<td class=\"yOkvvt64 yOkvvt65 yOkvvt6B yOkvvt6C yOkvvt6E\">1500\u00a0m\u00b2<\/td>\n<\/tr>\n<tr class=\"yOkvvt63 yuy9OxC yuy9OxC2 yuy9OxC3 yuy9OxC5\">\n<td class=\"yOkvvt64 yOkvvt65 yOkvvt6B yOkvvt6C yOkvvt6E\">\n<div class=\"ywIf8Ay\">Max. Pente<\/div>\n<\/td>\n<td class=\"yOkvvt64 yOkvvt65 yOkvvt6B yOkvvt6C yOkvvt6E\">40%<\/td>\n<\/tr>\n<tr class=\"yOkvvt63 yuy9OxC yuy9OxC2 yuy9OxC3 yuy9OxC5\">\n<td class=\"yOkvvt64 yOkvvt65 yOkvvt6B yOkvvt6C yOkvvt6E\">\n<div class=\"ywIf8Ay\">S\u00e9curit\u00e9<\/div>\n<\/td>\n<td class=\"yOkvvt64 yOkvvt65 yOkvvt6B yOkvvt6C yOkvvt6E\">\n<div class=\"yQqusFs1\"><span class=\"yQqusFs\">Arr\u00eat d&rsquo;urgence,\u00a0<\/span><span class=\"yQqusFs\">Protection antivol,\u00a0<\/span><span class=\"yQqusFs\">Serrure de s\u00e9curit\u00e9<\/span><\/div>\n<\/td>\n<\/tr>\n<tr class=\"yOkvvt63 yuy9OxC yuy9OxC2 yuy9OxC3 yuy9OxC5\">\n<td class=\"yOkvvt64 yOkvvt65 yOkvvt6B yOkvvt6C yOkvvt6E\">\n<div class=\"ywIf8Ay\">Largeur de coupe<\/div>\n<\/td>\n<td class=\"yOkvvt64 yOkvvt65 yOkvvt6B yOkvvt6C yOkvvt6E\">22\u00a0cm<\/td>\n<\/tr>\n<tr class=\"yOkvvt63 yuy9OxC yuy9OxC2 yuy9OxC3 yuy9OxC5\">\n<td class=\"yOkvvt64 yOkvvt65 yOkvvt6B yOkvvt6C yOkvvt6E\">\n<div class=\"ywIf8Ay\">Hauteur de coupe<\/div>\n<\/td>\n<td class=\"yOkvvt64 yOkvvt65 yOkvvt6B yOkvvt6C yOkvvt6E\">20 &#8211; 50 mm<\/td>\n<\/tr>\n<tr class=\"yOkvvt63 yuy9OxC yuy9OxC2 yuy9OxC3 yuy9OxC5\">\n<td class=\"yOkvvt64 yOkvvt65 yOkvvt6B yOkvvt6C yOkvvt6E\">\n<div class=\"ywIf8Ay\">Nombre de couteaux<\/div>\n<\/td>\n<td class=\"yOkvvt64 yOkvvt65 yOkvvt6B yOkvvt6C yOkvvt6E\">3x<\/td>\n<\/tr>\n<tr class=\"yOkvvt63 yuy9OxC yuy9OxC2 yuy9OxC3 yuy9OxC5\">\n<td class=\"yOkvvt64 yOkvvt65 yOkvvt6B yOkvvt6C yOkvvt6E\">\n<div class=\"ywIf8Ay\">Propri\u00e9t\u00e9s suppl\u00e9mentaires<\/div>\n<\/td>\n<td class=\"yOkvvt64 yOkvvt65 yOkvvt6B yOkvvt6C yOkvvt6E\">Soutien aux applications<\/td>\n<\/tr>\n<\/tbody>\n<\/table>\n<\/div>\n<div class=\"yxKaXMd1\">\n<table class=\"yxKaXMd yao2wOS1\">\n<caption class=\"yao2wOSb\">\n<h3 class=\"yqD32XT8 yrKTEQa\">Caract\u00e9ristiques de la pile \/ batterie<\/h3>\n<\/caption>\n<tbody>\n<tr class=\"yOkvvt63 yuy9OxC yuy9OxC2 yuy9OxC3 yuy9OxC5\">\n<td class=\"yOkvvt64 yOkvvt65 yOkvvt6B yOkvvt6C yOkvvt6E\">\n<div class=\"ywIf8Ay\">Type de pile \/ batterie<\/div>\n<\/td>\n<td class=\"yOkvvt64 yOkvvt65 yOkvvt6B yOkvvt6C yOkvvt6E\">Li-ion<\/td>\n<\/tr>\n<\/tbody>\n<\/table>\n<\/div>\n<div class=\"yxKaXMd1\">\n<table class=\"yxKaXMd yao2wOS1\">\n<caption class=\"yao2wOSb\">\n<h3 class=\"yqD32XT8 yrKTEQa\">Performance<\/h3>\n<\/caption>\n<tbody>\n<tr class=\"yOkvvt63 yuy9OxC yuy9OxC2 yuy9OxC3 yuy9OxC5\">\n<td class=\"yOkvvt64 yOkvvt65 yOkvvt6B yOkvvt6C yOkvvt6E\">\n<div class=\"ywIf8Ay\">Niveau de puissance acoustique (LWA)<\/div>\n<\/td>\n<td class=\"yOkvvt64 yOkvvt65 yOkvvt6B yOkvvt6C yOkvvt6E\">61\u00a0dB<\/td>\n<\/tr>\n<\/tbody>\n<\/table>\n<\/div>\n<div class=\"yxKaXMd1\">\n<table class=\"yxKaXMd yao2wOS1\">\n<caption class=\"yao2wOSb\">\n<h3 class=\"yqD32XT8 yrKTEQa\">Fonctions domotiques<\/h3>\n<\/caption>\n<tbody>\n<tr class=\"yOkvvt63 yuy9OxC yuy9OxC2 yuy9OxC3 yuy9OxC5\">\n<td class=\"yOkvvt64 yOkvvt65 yOkvvt6B yOkvvt6C yOkvvt6E\">\n<div class=\"ywIf8Ay\">Maison intelligente<\/div>\n<\/td>\n<td class=\"yOkvvt64 yOkvvt65 yOkvvt6B yOkvvt6C yOkvvt6E\">Compatible<\/td>\n<\/tr>\n<\/tbody>\n<\/table>\n<\/div>\n<div class=\"yxKaXMd1\">\n<table class=\"yxKaXMd yao2wOS1\">\n<caption class=\"yao2wOSb\">\n<h3 class=\"yqD32XT8 yrKTEQa\">Contribution climatique volontaire<\/h3>\n<p><button class=\"ylu1hrb\" tabindex=\"0\" role=\"button\" type=\"button\" aria-label=\"Plus d\u2019informations\" aria-haspopup=\"dialog\" aria-expanded=\"false\"><span class=\"yWEDHku\" aria-hidden=\"true\">i<\/span><\/button><\/caption>\n<tbody>\n<tr class=\"yOkvvt63 yuy9OxC yuy9OxC2 yuy9OxC3 yuy9OxC5\">\n<td class=\"yOkvvt64 yOkvvt65 yOkvvt6B yOkvvt6C yOkvvt6E\">\n<div class=\"ywIf8Ay\">CO\u2082-Emission<\/div>\n<\/td>\n<td class=\"yOkvvt64 yOkvvt65 yOkvvt6B yOkvvt6C yOkvvt6E\">185.76\u00a0kg<\/td>\n<\/tr>\n<tr class=\"yOkvvt63 yuy9OxC yuy9OxC2 yuy9OxC3 yuy9OxC5\">\n<td class=\"yOkvvt64 yOkvvt65 yOkvvt6B yOkvvt6C yOkvvt6E\">\n<div class=\"ywIf8Ay\">Contribution climatique<\/div>\n<\/td>\n<td class=\"yOkvvt64 yOkvvt65 yOkvvt6B yOkvvt6C yOkvvt6E\">CHF\u00a04.42<\/td>\n<\/tr>\n<\/tbody>\n<\/table>\n<\/div>\n<div class=\"yxKaXMd1\">\n<table class=\"yxKaXMd yao2wOS1\">\n<caption class=\"yao2wOSb\">\n<h3 class=\"yqD32XT8 yrKTEQa\">Contenu de la livraison<\/h3>\n<\/caption>\n<tbody>\n<tr class=\"yOkvvt63 yuy9OxC yuy9OxC2 yuy9OxC3 yuy9OxC5\">\n<td class=\"yOkvvt64 yOkvvt65 yOkvvt6B yOkvvt6C yOkvvt6E\">\n<div class=\"ywIf8Ay\">Contenu de la livraison<\/div>\n<\/td>\n<td class=\"yOkvvt64 yOkvvt65 yOkvvt6B yOkvvt6C yOkvvt6E\">\n<div class=\"yQqusFs1\"><span class=\"yQqusFs\">Alarme antivol,\u00a0<\/span><span class=\"yQqusFs\">Automower Connect,\u00a0<\/span><span class=\"yQqusFs\">Capteur d&rsquo;inclinaison,\u00a0<\/span><span class=\"yQqusFs\">Capteur de levage,\u00a0<\/span><span class=\"yQqusFs\">Code PIN,\u00a0<\/span><span class=\"yQqusFs\">enjoliveurs de couleur,\u00a0<\/span><span class=\"yQqusFs\">Feux avant \u00e0 LED,\u00a0<\/span><span class=\"yQqusFs\">GPS,\u00a0<\/span><span class=\"yQqusFs\">Pare-chocs avant,\u00a0<\/span><span class=\"yQqusFs\">R\u00e9glage de la hauteur de coupe<\/span><\/div>\n<\/td>\n<\/tr>\n<\/tbody>\n<\/table>\n<\/div>\n<div class=\"yxKaXMd1\">\n<table class=\"yxKaXMd yao2wOS1\">\n<caption class=\"yao2wOSb\">\n<h3 class=\"yqD32XT8 yrKTEQa\">Dimensions du produit<\/h3>\n<\/caption>\n<tbody>\n<tr class=\"yOkvvt63 yuy9OxC yuy9OxC2 yuy9OxC3 yuy9OxC5\">\n<td class=\"yOkvvt64 yOkvvt65 yOkvvt6B yOkvvt6C yOkvvt6E\">\n<div class=\"ywIf8Ay\">Largeur<\/div>\n<\/td>\n<td class=\"yOkvvt64 yOkvvt65 yOkvvt6B yOkvvt6C yOkvvt6E\">45\u00a0cm<\/td>\n<\/tr>\n<tr class=\"yOkvvt63 yuy9OxC yuy9OxC2 yuy9OxC3 yuy9OxC5\">\n<td class=\"yOkvvt64 yOkvvt65 yOkvvt6B yOkvvt6C yOkvvt6E\">\n<div class=\"ywIf8Ay\">Hauteur<\/div>\n<\/td>\n<td class=\"yOkvvt64 yOkvvt65 yOkvvt6B yOkvvt6C yOkvvt6E\">24\u00a0cm<\/td>\n<\/tr>\n<tr class=\"yOkvvt63 yuy9OxC yuy9OxC2 yuy9OxC3 yuy9OxC5\">\n<td class=\"yOkvvt64 yOkvvt65 yOkvvt6B yOkvvt6C yOkvvt6E\">\n<div class=\"ywIf8Ay\">Longueur<\/div>\n<\/td>\n<td class=\"yOkvvt64 yOkvvt65 yOkvvt6B yOkvvt6C yOkvvt6E\">61\u00a0cm<\/td>\n<\/tr>\n<tr class=\"yOkvvt63 yuy9OxC yuy9OxC2 yuy9OxC3 yuy9OxC5\">\n<td class=\"yOkvvt64 yOkvvt65 yOkvvt6B yOkvvt6C yOkvvt6E\">\n<div class=\"ywIf8Ay\">Poids<\/div>\n<\/td>\n<td class=\"yOkvvt64 yOkvvt65 yOkvvt6B yOkvvt6C yOkvvt6E\">9.70\u00a0kg<\/td>\n<\/tr>\n<\/tbody>\n<\/table>\n<\/div>\n<div class=\"yxKaXMd1\">\n<table class=\"yxKaXMd yao2wOS1\">\n<caption class=\"yao2wOSb\">\n<h3 class=\"yqD32XT8 yrKTEQa\">Dimensions de l\u2019emballage<\/h3>\n<\/caption>\n<tbody>\n<tr class=\"yOkvvt63 yuy9OxC yuy9OxC2 yuy9OxC3 yuy9OxC5\">\n<td class=\"yOkvvt64 yOkvvt65 yOkvvt6B yOkvvt6C yOkvvt6E\">\n<div class=\"ywIf8Ay\">Longueur<\/div>\n<\/td>\n<td class=\"yOkvvt64 yOkvvt65 yOkvvt6B yOkvvt6C yOkvvt6E\">80\u00a0cm<\/td>\n<\/tr>\n<tr class=\"yOkvvt63 yuy9OxC yuy9OxC2 yuy9OxC3 yuy9OxC5\">\n<td class=\"yOkvvt64 yOkvvt65 yOkvvt6B yOkvvt6C yOkvvt6E\">\n<div class=\"ywIf8Ay\">Largeur<\/div>\n<\/td>\n<td class=\"yOkvvt64 yOkvvt65 yOkvvt6B yOkvvt6C yOkvvt6E\">57\u00a0cm<\/td>\n<\/tr>\n<tr class=\"yOkvvt63 yuy9OxC yuy9OxC2 yuy9OxC3 yuy9OxC5\">\n<td class=\"yOkvvt64 yOkvvt65 yOkvvt6B yOkvvt6C yOkvvt6E\">\n<div class=\"ywIf8Ay\">Hauteur<\/div>\n<\/td>\n<td class=\"yOkvvt64 yOkvvt65 yOkvvt6B yOkvvt6C yOkvvt6E\">33\u00a0cm<\/td>\n<\/tr>\n<tr class=\"yOkvvt63 yuy9OxC yuy9OxC2 yuy9OxC3 yuy9OxC5\">\n<td class=\"yOkvvt64 yOkvvt65 yOkvvt6B yOkvvt6C yOkvvt6E\">\n<div class=\"ywIf8Ay\">Poids<\/div>\n<\/td>\n<td class=\"yOkvvt64 yOkvvt65 yOkvvt6B yOkvvt6C yOkvvt6E\">17\u00a0kg<\/td>\n<\/tr>\n<\/tbody>\n<\/table>\n<\/div>\n<\/div>\n<\/div>","protected":false},"featured_media":3888,"template":"","meta":[],"product_brand":[41],"product_cat":[63],"product_tag":[],"class_list":{"0":"post-3886","1":"product","2":"type-product","3":"status-publish","4":"has-post-thumbnail","6":"product_brand-husqvarna","7":"product_cat-robots-tondeuses","9":"first","10":"instock","11":"taxable","12":"shipping-taxable","13":"purchasable","14":"product-type-simple"},"_links":{"self":[{"href":"https:\/\/robot-tonde-aspir.ch\/de\/wp-json\/wp\/v2\/product\/3886","targetHints":{"allow":["GET"]}}],"collection":[{"href":"https:\/\/robot-tonde-aspir.ch\/de\/wp-json\/wp\/v2\/product"}],"about":[{"href":"https:\/\/robot-tonde-aspir.ch\/de\/wp-json\/wp\/v2\/types\/product"}],"version-history":[{"count":1,"href":"https:\/\/robot-tonde-aspir.ch\/de\/wp-json\/wp\/v2\/product\/3886\/revisions"}],"predecessor-version":[{"id":3892,"href":"https:\/\/robot-tonde-aspir.ch\/de\/wp-json\/wp\/v2\/product\/3886\/revisions\/3892"}],"wp:featuredmedia":[{"embeddable":true,"href":"https:\/\/robot-tonde-aspir.ch\/de\/wp-json\/wp\/v2\/media\/3888"}],"wp:attachment":[{"href":"https:\/\/robot-tonde-aspir.ch\/de\/wp-json\/wp\/v2\/media?parent=3886"}],"wp:term":[{"taxonomy":"product_brand","embeddable":true,"href":"https:\/\/robot-tonde-aspir.ch\/de\/wp-json\/wp\/v2\/product_brand?post=3886"},{"taxonomy":"product_cat","embeddable":true,"href":"https:\/\/robot-tonde-aspir.ch\/de\/wp-json\/wp\/v2\/product_cat?post=3886"},{"taxonomy":"product_tag","embeddable":true,"href":"https:\/\/robot-tonde-aspir.ch\/de\/wp-json\/wp\/v2\/product_tag?post=3886"}],"curies":[{"name":"wp","href":"https:\/\/api.w.org\/{rel}","templated":true}]}}