{"id":608,"date":"2026-02-08T18:12:17","date_gmt":"2026-02-08T17:12:17","guid":{"rendered":"https:\/\/robot-tonde-aspir.ch\/?post_type=product&#038;p=608"},"modified":"2026-03-19T07:02:54","modified_gmt":"2026-03-19T06:02:54","slug":"husqvarna-automower-310-mark-ii-modele-2025-neuf","status":"publish","type":"product","link":"https:\/\/robot-tonde-aspir.ch\/de\/product\/husqvarna-automower-310-mark-ii-modele-2025-neuf\/","title":{"rendered":"Robot tondeuse Husqvarna Automower 310 Mark II"},"content":{"rendered":"<p>Le mod\u00e8le 2025 du Husqvarna Automower\u00ae 310 Mark II se distingue par sa conception compacte \u00e0 4 roues, permettant un entretien facile et efficace des pelouses jusqu&rsquo;\u00e0 1 000 m\u00b2. Capable de g\u00e9rer des pentes avec une inclinaison allant jusqu&rsquo;\u00e0 40 %, cet appareil se montre \u00e9galement performant dans les passages \u00e9troits. Une fois sa t\u00e2che accomplie, il utilise sa triple fonction de recherche pour retrouver rapidement la borne de recharge, assurant ainsi une autonomie optimale.<br \/>\n\u00c9quip\u00e9 d&rsquo;une interface conviviale, ce robot tondeuse peut \u00eatre ais\u00e9ment contr\u00f4l\u00e9 via votre smartphone gr\u00e2ce \u00e0 une connexion Bluetooth. La protection contre le gel et la minuterie m\u00e9t\u00e9o, qui adapte les temps de tonte en fonction des saisons, sont autant de fonctionnalit\u00e9s qui t\u00e9moignent de sa capacit\u00e9 d&rsquo;adaptation aux conditions environnementales.<br \/>\nEn mati\u00e8re de performance, l&rsquo;Automower\u00ae 310 Mark II offre une tonte de qualit\u00e9 gr\u00e2ce \u00e0 ses lames aff\u00fbt\u00e9es comme des rasoirs, qui coupent l&rsquo;herbe dans toutes les directions. Les r\u00e9sidus de tonte sont laiss\u00e9s sur place, agissant comme un engrais naturel et favorisant ainsi une croissance saine du gazon. Ce robot tondeuse int\u00e8gre \u00e9galement la possibilit\u00e9 de d\u00e9finir jusqu&rsquo;\u00e0 trois points de d\u00e9part diff\u00e9rents, permettant de commencer la tonte dans des zones recul\u00e9es du jardin.<br \/>\nLa s\u00e9curit\u00e9 est une priorit\u00e9, avec un capteur de levage qui arr\u00eate imm\u00e9diatement la lame en cas de soul\u00e8vement du robot. De plus, le capteur d&rsquo;inclinaison ajuste la trajectoire en cas de pente excessive, stoppant l&rsquo;appareil en cas de retournement. Pour une s\u00e9curit\u00e9 accrue, un code PIN individuel prot\u00e8ge l&rsquo;appareil contre le vol.<br \/>\nLa gestion des passages \u00e9troits est facilit\u00e9e par une reconnaissance automatique qui modifie la trajectoire pour \u00e9viter la formation de traces ind\u00e9sirables sur la pelouse. En outre, le mode Eco optimise la consommation d&rsquo;\u00e9nergie en ajustant l&rsquo;alimentation du c\u00e2ble p\u00e9riph\u00e9rique pendant la charge.<br \/>\nEnfin, le module GSM optionnel permet de v\u00e9rifier et de modifier les param\u00e8tres de l&rsquo;appareil \u00e0 distance, tout en recevant des alertes instantan\u00e9es sur votre smartphone. R\u00e9duisant les besoins d&rsquo;entretien gr\u00e2ce \u00e0 sa technologie sur batterie, cet outil de jardinage assure des co\u00fbts de maintenance et des temps d&rsquo;arr\u00eat minimis\u00e9s, tout en \u00e9tant adapt\u00e9 aux terrains vallonn\u00e9s.<\/p>","protected":false},"excerpt":{"rendered":"<p>Le Husqvarna Automower 310 Mark II \u2013 mod\u00e8le 2025 est con\u00e7u pour les pelouses jusqu&rsquo;\u00e0 1 000 m\u00b2, offrant une tonte pr\u00e9cise gr\u00e2ce \u00e0 ses trois lames rotatives. Sa batterie Li-ion de 18V et 2,1 Ah assure une performance optimale avec un chargement automatique efficace. Ajustez la hauteur de coupe manuellement entre 20 et 50 mm pour un r\u00e9sultat personnalis\u00e9. Son r\u00e9cepteur Bluetooth int\u00e9gr\u00e9 permet un contr\u00f4le facile, tandis que le module GSM est disponible en option pour une connectivit\u00e9 accrue. Six lames suppl\u00e9mentaires incluses garantissent une durabilit\u00e9 prolong\u00e9e.<\/p>","protected":false},"featured_media":641,"template":"","meta":[],"product_brand":[],"product_cat":[63],"product_tag":[],"class_list":{"0":"post-608","1":"product","2":"type-product","3":"status-publish","4":"has-post-thumbnail","6":"product_cat-robots-tondeuses","8":"first","9":"instock","10":"taxable","11":"shipping-taxable","12":"purchasable","13":"product-type-simple"},"_links":{"self":[{"href":"https:\/\/robot-tonde-aspir.ch\/de\/wp-json\/wp\/v2\/product\/608","targetHints":{"allow":["GET"]}}],"collection":[{"href":"https:\/\/robot-tonde-aspir.ch\/de\/wp-json\/wp\/v2\/product"}],"about":[{"href":"https:\/\/robot-tonde-aspir.ch\/de\/wp-json\/wp\/v2\/types\/product"}],"version-history":[{"count":3,"href":"https:\/\/robot-tonde-aspir.ch\/de\/wp-json\/wp\/v2\/product\/608\/revisions"}],"predecessor-version":[{"id":3830,"href":"https:\/\/robot-tonde-aspir.ch\/de\/wp-json\/wp\/v2\/product\/608\/revisions\/3830"}],"wp:featuredmedia":[{"embeddable":true,"href":"https:\/\/robot-tonde-aspir.ch\/de\/wp-json\/wp\/v2\/media\/641"}],"wp:attachment":[{"href":"https:\/\/robot-tonde-aspir.ch\/de\/wp-json\/wp\/v2\/media?parent=608"}],"wp:term":[{"taxonomy":"product_brand","embeddable":true,"href":"https:\/\/robot-tonde-aspir.ch\/de\/wp-json\/wp\/v2\/product_brand?post=608"},{"taxonomy":"product_cat","embeddable":true,"href":"https:\/\/robot-tonde-aspir.ch\/de\/wp-json\/wp\/v2\/product_cat?post=608"},{"taxonomy":"product_tag","embeddable":true,"href":"https:\/\/robot-tonde-aspir.ch\/de\/wp-json\/wp\/v2\/product_tag?post=608"}],"curies":[{"name":"wp","href":"https:\/\/api.w.org\/{rel}","templated":true}]}}